{"id":9479,"date":"2021-07-23T13:22:40","date_gmt":"2021-07-23T11:22:40","guid":{"rendered":"https:\/\/kinit.sk\/erc-grants-program\/"},"modified":"2026-03-13T12:31:38","modified_gmt":"2026-03-13T11:31:38","slug":"erc-grants-program","status":"publish","type":"page","link":"https:\/\/kinit.sk\/sk\/careers\/erc-grants-program\/","title":{"rendered":"ERC Grants Program"},"content":{"rendered":"<div id=\"\" class=\"element acf-perex margin-bottom-0\"><section class=\"perex  margin-bottom-0\">\n\t<div class=\"wrapper-out\">\n\t\t<div class=\"in cf\">\n\t\t\t\t\t\t<div class=\"content\">\n\t\t\t\t<p><b>Are you an emerging or established researcher with a strong track record and a ground-breaking research idea? Or were you recently awarded an ERC grant and are looking for a new host institution? <\/b><\/p>\n\t\t\t\t\t\t\t<\/div>\n\t\t<\/div>\n\t<\/div>\n<\/section>\n<\/div>\n\n<div id=\"\" class=\"element acf-columns margin-top-0 margin-bottom-0 less-space\">\n<section class=\"columns  margin-top-0 margin-bottom-0 less-space\"  >\n\t<div class=\"wrapper-out\">\n\t\t<div class=\"wrapper-in\">\n\t\t\t<div class=\"in cf\">\n\t\t\t\t<div class=\"element-inner\">\n\t\t\t\t\t\t\t\t\t\t<div class=\"columns columns1\">\n\t\t\t\t\t\t\t\t\t\t\t\t\t\t\t\t\t\t\t\t\t<div class=\"column\">\n\t\t\t\t\t\t\t\t\t<div class=\"inner\">\n\t\t\t\t\t\t\t\t\t\t<p><span style=\"font-weight: 400;\">At KInIT, we believe that world-class research is not limited to large countries. We are building a supportive research environment right here in Slovakia and we want talented researchers to grow with us. KInIT connects researchers, educators, and innovative companies, linking together strong research with practical industry needs in a joint mission to advance world class research.<\/span><\/p>\n<p><span style=\"font-weight: 400;\">The European Research Council (ERC) supports the most ambitious, creative scientific ideas. The vision behind the ERC grants and the pursuit of these prestigious awards aligns perfectly with our mission to cultivate excellent, responsible research and support the next generation of scientific leaders.\u00a0<\/span><\/p>\n<p><span style=\"font-weight: 400;\">We welcome outstanding researchers at any career stage who are preparing their ERC proposal, are interested in developing a grant idea in collaboration with our research teams or are seeking a new host institution for an already awarded grant. <\/span><\/p>\n\t\t\t\t\t\t\t\t\t<\/div>\n\t\t\t\t\t\t\t\t<\/div>\n\t\t\t\t\t\t\t\t\t\t\t\t\t\t\t<div class=\"column\">\n\t\t\t\t\t\t\t\t\t<div class=\"inner\">\n\t\t\t\t\t\t\t\t\t\t\t\t\t\t\t\t\t\t\t<\/div>\n\t\t\t\t\t\t\t\t<\/div>\n\t\t\t\t\t\t\t\t\t\t\t\t\t\t\t\t\t\t<\/div>\n\t\t\t\t<\/div>\n\t\t\t<\/div>\n\t\t<\/div>\n\t<\/div>\n<\/section> \n<\/div>\n\n<div id=\"why-erc-at-kinit\" class=\"element acf-columns margin-top-0 margin-bottom-0\">\n<section id=\"why-erc-at-kinit\" class=\"columns  margin-top-0 margin-bottom-0\" style=\"background-color: #ebf7f9;\" >\n\t<div class=\"wrapper-out\">\n\t\t<div class=\"wrapper-in\">\n\t\t\t<div class=\"in cf\">\n\t\t\t\t<div class=\"element-inner\">\n\t\t\t\t\t<div class=\"headline\"><h2>Why choose KInIT?<\/h2><\/div>\t\t\t\t\t<div class=\"columns columns2\">\n\t\t\t\t\t\t\t\t\t\t\t\t\t\t\t\t\t\t\t\t\t<div class=\"column\">\n\t\t\t\t\t\t\t\t\t<div class=\"inner\">\n\t\t\t\t\t\t\t\t\t\t<h4><b>1. A strong interdisciplinary expertise in AI and related fields<\/b><\/h4>\n<p><span style=\"font-weight: 400;\">At KInIT, we bring together top researchers across the topics of web &amp; user data processing, green and secure environment, natural language processing, ethics and human values in technology, which is an ideal expertise for ERC projects that push boundaries across disciplines. <\/span><span style=\"font-weight: 400;\">The institute also combines primary research in high\u2011impact domains with applied research carried out directly in cooperation with partners from the private and public sectors.<\/span><\/p>\n\t\t\t\t\t\t\t\t\t<\/div>\n\t\t\t\t\t\t\t\t<\/div>\n\t\t\t\t\t\t\t\t\t\t\t\t\t\t\t<div class=\"column\">\n\t\t\t\t\t\t\t\t\t<div class=\"inner\">\n\t\t\t\t\t\t\t\t\t\t<h4><b>2. Deep collaboration across sectors<\/b><\/h4>\n<p><span style=\"font-weight: 400;\">KInIT helps integrate the research community, industry, and the public sector into a single, interconnected research ecosystem, strengthened through long-term international partnerships and collaborative projects. As a teaming Centre of Excellence, KInIT is well connected within the European research landscape and collaborates on 15+ European projects (primarily Horizon Europe) with more than 130 international partners (e.g., DFKI Germany, ADAPT Ireland, and CERTH Greece). This way, KInIT offers future ERC grantees access to a strong international network for interdisciplinary and cross-sectoral cooperation, industry partners, applied research opportunities, and pathways for broader impact.<\/span><\/p>\n\t\t\t\t\t\t\t\t\t<\/div>\n\t\t\t\t\t\t\t\t<\/div>\n\t\t\t\t\t\t\t\t\t\t\t\t\t\t\t<div class=\"column\">\n\t\t\t\t\t\t\t\t\t<div class=\"inner\">\n\t\t\t\t\t\t\t\t\t\t<h4><b>3. A unique model in Slovakia<\/b><\/h4>\n<p><span style=\"font-weight: 400;\">We create an environment where talented researchers can build meaningful careers in Slovakia, with a strong emphasis on scientific excellence and innovation-driven knowledge transfer in AI and related fields. As an institute inspired by similar global institutions, KInIT attracts international talent and fosters collaborations that strengthen ERC proposals and long-term research trajectories and helps create a supportive environment that actively supports grant writing, project development and international networking.<\/span><\/p>\n\t\t\t\t\t\t\t\t\t<\/div>\n\t\t\t\t\t\t\t\t<\/div>\n\t\t\t\t\t\t\t\t\t\t\t\t\t\t\t<div class=\"column\">\n\t\t\t\t\t\t\t\t\t<div class=\"inner\">\n\t\t\t\t\t\t\t\t\t\t<h4><b>4. Driving positive societal change<\/b><\/h4>\n<p><span style=\"font-weight: 400;\">One of our goals is to encourage responsible innovation, expand knowledge, develop talent, and improve Slovakia\u2019s competitiveness, in cooperation with the private and public sectors. As an independent institute, KInIT tries to actively address current and emerging societal challenges, shaping a better future through ethical and green science and supports decision-making based on scientific arguments.<\/span><\/p>\n\t\t\t\t\t\t\t\t\t<\/div>\n\t\t\t\t\t\t\t\t<\/div>\n\t\t\t\t\t\t\t\t\t\t\t\t\t\t\t<div class=\"column\">\n\t\t\t\t\t\t\t\t\t<div class=\"inner\">\n\t\t\t\t\t\t\t\t\t\t<h4><b>5. Dedicated support for ERC excellence<\/b><\/h4>\n<p><span style=\"font-weight: 400;\">We openly invite researchers preparing ERC proposals or seeking a host institution, offering a supportive environment for proposal development and project realization. KInIT will provide necessary support to future ERC applicants, our research environment, administrative backing and strategic guidance, all to maximize the potential of a successful application. For the ongoing ERC grant principal investigators, we offer attractive long-term research positions, administrative support and our technological and research know-how. <\/span><\/p>\n\t\t\t\t\t\t\t\t\t<\/div>\n\t\t\t\t\t\t\t\t<\/div>\n\t\t\t\t\t\t\t\t\t\t\t\t\t\t\t\t\t\t<\/div>\n\t\t\t\t<\/div>\n\t\t\t<\/div>\n\t\t<\/div>\n\t<\/div>\n<\/section> \n<\/div>\n\n<div id=\"more-about-the-erc-grants\" class=\"element acf-columns\">\n<section id=\"more-about-the-erc-grants\" class=\"columns \"  >\n\t<div class=\"wrapper-out\">\n\t\t<div class=\"wrapper-in\">\n\t\t\t<div class=\"in cf\">\n\t\t\t\t<div class=\"element-inner\">\n\t\t\t\t\t<div class=\"headline\"><h2>More about the ERC grants<\/h2><\/div>\t\t\t\t\t<div class=\"columns columns2\">\n\t\t\t\t\t\t\t\t\t\t\t\t\t\t\t\t\t\t\t\t\t<div class=\"column\">\n\t\t\t\t\t\t\t\t\t<div class=\"inner\">\n\t\t\t\t\t\t\t\t\t\t<p><span style=\"font-weight: 400;\">The\u00a0<\/span><a href=\"https:\/\/erc.europa.eu\/\"><span style=\"font-weight: 400;\">ERC<\/span><\/a><span style=\"font-weight: 400;\">\u2018s mission is to encourage the highest quality research in Europe through competitive funding and to support investigator-driven frontier research across all fields, on the basis of scientific excellence.<\/span><\/p>\n\t\t\t\t\t\t\t\t\t<\/div>\n\t\t\t\t\t\t\t\t<\/div>\n\t\t\t\t\t\t\t\t\t\t\t\t\t\t\t<div class=\"column\">\n\t\t\t\t\t\t\t\t\t<div class=\"inner\">\n\t\t\t\t\t\t\t\t\t\t<p><img decoding=\"async\" class=\"alignnone size-medium wp-image-9470 lazyload\" data-src=\"https:\/\/kinit.sk\/wp-content\/uploads\/2021\/09\/ERC-logo-300x131.png\" alt=\"\" width=\"300\" height=\"131\" data-srcset=\"https:\/\/kinit.sk\/wp-content\/uploads\/2021\/09\/ERC-logo-300x131.png 300w, https:\/\/kinit.sk\/wp-content\/uploads\/2021\/09\/ERC-logo-1024x447.png 1024w, https:\/\/kinit.sk\/wp-content\/uploads\/2021\/09\/ERC-logo-768x335.png 768w, https:\/\/kinit.sk\/wp-content\/uploads\/2021\/09\/ERC-logo.png 1462w\" data-sizes=\"(max-width: 300px) 100vw, 300px\" src=\"data:image\/svg+xml;base64,PHN2ZyB3aWR0aD0iMSIgaGVpZ2h0PSIxIiB4bWxucz0iaHR0cDovL3d3dy53My5vcmcvMjAwMC9zdmciPjwvc3ZnPg==\" style=\"--smush-placeholder-width: 300px; --smush-placeholder-aspect-ratio: 300\/131;\" \/><\/p>\n\t\t\t\t\t\t\t\t\t<\/div>\n\t\t\t\t\t\t\t\t<\/div>\n\t\t\t\t\t\t\t\t\t\t\t\t\t\t\t\t\t\t<\/div>\n\t\t\t\t<\/div>\n\t\t\t<\/div>\n\t\t<\/div>\n\t<\/div>\n<\/section> \n<\/div>\n\n<div id=\"\" class=\"element core-heading\">\n<h2 class=\"wp-block-heading\"><strong>ERC Funding Schemes Overview<\/strong><\/h2>\n<\/div>\n\n<div id=\"\" class=\"element core-table\">\n<figure class=\"wp-block-table\"><table class=\"has-fixed-layout\"><tbody><tr><td><\/td><td>Target audience*<\/td><td>Maximum Grant Amount (EUR)<\/td><td>Maximum Additional Funding Amount (EUR) **<\/td><td>Maximum Duration (months)<\/td><td>Working Time on Project per Principal Investigator (%)<\/td><td>Working Time in a Member State or Associated Country (%)<\/td><\/tr><tr><td><a href=\"https:\/\/erc.europa.eu\/apply-grant\/starting-grant\">Starting Grant<\/a><\/td><td>Researchers&nbsp; 2 &#8211; 7 years&nbsp; after PhD<\/td><td>1 500 000<br><\/td><td>1 000 000<\/td><td>60<\/td><td>50<\/td><td>50<\/td><\/tr><tr><td><a href=\"https:\/\/erc.europa.eu\/apply-grant\/consolidator-grant\">Consolidator Grant<\/a><\/td><td>Researchers 7 -12&nbsp; years after PhD<\/td><td>2 000 000<\/td><td>1 000 000<\/td><td>60<\/td><td>40<\/td><td>50<\/td><\/tr><tr><td><a href=\"https:\/\/erc.europa.eu\/apply-grant\/advanced-grant\">Advanced Grant<\/a><\/td><td>All researchers<\/td><td>2 500 000<\/td><td>1 000 000<\/td><td>60<\/td><td>30<\/td><td>50<\/td><\/tr><tr><td>ERC Plus grant&nbsp;<\/td><td>All researchers<\/td><td>7 000 000<\/td><td>&#8211;<\/td><td>84***<\/td><td>30<\/td><td>50<\/td><\/tr><tr><td><a href=\"https:\/\/erc.europa.eu\/apply-grant\/synergy-grant\">Synergy Grant<\/a>&nbsp;<\/td><td>All researchers<\/td><td>10 000 000<\/td><td>4 000 000<\/td><td>72<\/td><td>30<\/td><td>50<\/td><\/tr><tr><td><a href=\"https:\/\/erc.europa.eu\/apply-grant\/proof-concept\">Proof of Concept Grant<\/a><\/td><td>Previous ERC grantees<\/td><td>150 000<\/td><td>&#8211;<\/td><td>18<\/td><td>&#8211;<\/td><td>&#8211;<\/td><\/tr><\/tbody><\/table><\/figure>\n<\/div>\n\n<div id=\"\" class=\"element core-paragraph\">\n<p>*Eligibility Period Extension:&nbsp; maternity\/paternity\/parental leave, long-term illness, national service, disability, clinical training, major disasters, seeking asylum, gender-based or any other form of violence<br>** max 2 mil. for out- of Europe researchers, <a href=\"https:\/\/erc.europa.eu\/apply-grant\/non-european-researchers#:~:text=Researchers%20from%20anywhere%20in%20the%20world%20can%20apply,more%20internationally%20recognised%20as%20awards%20for%20scientific%20excellence.\">ERC Grants for Non-European Researchers: Opportunities in Europe<\/a><\/p>\n<\/div>\n\n<div id=\"\" class=\"element core-paragraph\">\n<p>*** Minimum duration: 48 months<\/p>\n<\/div>\n\n<div id=\"\" class=\"element core-paragraph\">\n<p>You can find all further information relevant to the 2026 calls directly on the <a href=\"https:\/\/ec.europa.eu\/info\/funding-tenders\/opportunities\/docs\/2021-2027\/horizon\/wp-call\/2026\/wp_horizon-erc-2026_en.pdf\">ERC website<\/a> and current deadlines below:<\/p>\n<\/div>\n\n<div id=\"\" class=\"element core-paragraph\">\n<p><strong>Starting Grant Call:<\/strong> TBA 2027<br><strong>Consolidator Grant Call: <\/strong>13.1.2026<br><strong>Advanced Grant Call: <\/strong>27.8.2026<br><strong>Synergy Grant Call:&nbsp;<\/strong> TBA 2027<br><strong>ERC Plus Grant Call: <\/strong>2.9.2026<\/p>\n<\/div>\n\n<div id=\"kinit-help\" class=\"element acf-cta\">\n<section id=\"kinit-help\" class=\"cta lazyload\"  style=\"background-image:inherit;\" data-bg-image=\"url(https:\/\/kinit.sk\/wp-content\/uploads\/2021\/02\/cta-background-1-1024x683.jpg)\">\n        <div class=\"wrapper-out\">\n\t\t<div class=\"wrapper-in\">\n\t\t\t<div class=\"in cf\">\n\t\t\t\t<div class=\"element-inner\">\n\t\t\t\t\t<div class=\"inner without-picture\">\n\t\t\t\t\t\t\t\t\t\t\t\t<div class=\"content\">\n\t\t\t\t\t\t\t<p><span style=\"font-weight: 400; color: #ffffff;\"><strong>KInIT is ready to be your host institution and your partner on this exciting journey.\u00a0<\/strong><\/span><\/p>\n<p><span style=\"font-weight: 400; color: #ffffff;\">Interested?\u00a0<\/span><\/p>\n<p><a class=\"button yellow\" href=\"mailto:career@kinit.sk\">Contact us<\/a><\/p>\n\t\t\t\t\t\t<\/div>\n\t\t\t\t\t<\/div>\n\t\t\t\t<\/div>\n\t\t\t<\/div>\n\t\t<\/div>\n\t<\/div>\n<\/section> \n<\/div>\n\n<div id=\"\" class=\"element acf-memberquote\"><section class=\"memberquote \" style=\"background-color: #ffb100;\">\n\t<div class=\"wrapper-out\">\n\t\t<div class=\"in cf\">\n\t\t\t<div class=\"inner cf\">\n                        \t\t\t<\/div>\n\t\t<\/div>\n\t<\/div>\n<\/section>\n<\/div>\n\n\n\n\n\n\n\n<div id=\"\" class=\"element core-columns\">\n<div class=\"wp-block-columns is-layout-flex wp-container-core-columns-is-layout-9d6595d7 wp-block-columns-is-layout-flex\"><div id=\"\" class=\"element core-column\">\n<div class=\"wp-block-column is-layout-flow wp-block-column-is-layout-flow\" style=\"flex-basis:100%\"><div id=\"\" class=\"element core-columns\">\n<div class=\"wp-block-columns is-layout-flex wp-container-core-columns-is-layout-9d6595d7 wp-block-columns-is-layout-flex\"><div id=\"\" class=\"element core-column\">\n<div class=\"wp-block-column is-layout-flow wp-block-column-is-layout-flow\"><div id=\"\" class=\"element core-embed wp-embed-aspect-16-9 wp-has-aspect-ratio\">\n<figure class=\"wp-block-embed is-type-video is-provider-youtube wp-block-embed-youtube wp-embed-aspect-16-9 wp-has-aspect-ratio\"><div class=\"wp-block-embed__wrapper\">\n<iframe title=\"ERC:  Bringing great ideas to life\" width=\"500\" height=\"281\" data-src=\"https:\/\/www.youtube.com\/embed\/xInPlJZ3ol4?feature=oembed\" frameborder=\"0\" allow=\"accelerometer; autoplay; clipboard-write; encrypted-media; gyroscope; picture-in-picture; web-share\" referrerpolicy=\"strict-origin-when-cross-origin\" allowfullscreen src=\"data:image\/svg+xml;base64,PHN2ZyB3aWR0aD0iMSIgaGVpZ2h0PSIxIiB4bWxucz0iaHR0cDovL3d3dy53My5vcmcvMjAwMC9zdmciPjwvc3ZnPg==\" class=\"lazyload\" data-load-mode=\"1\"><\/iframe>\n<\/div><\/figure>\n<\/div><\/div>\n<\/div>\n\n<div id=\"\" class=\"element core-column\">\n<div class=\"wp-block-column is-layout-flow wp-block-column-is-layout-flow\"><div id=\"\" class=\"element core-embed wp-embed-aspect-16-9 wp-has-aspect-ratio\">\n<figure class=\"wp-block-embed is-type-video is-provider-youtube wp-block-embed-youtube wp-embed-aspect-16-9 wp-has-aspect-ratio\"><div class=\"wp-block-embed__wrapper\">\n<iframe title=\"ERC Step by Step ERC Grants\" width=\"500\" height=\"281\" data-src=\"https:\/\/www.youtube.com\/embed\/74KIprFETjk?feature=oembed\" frameborder=\"0\" allow=\"accelerometer; autoplay; clipboard-write; encrypted-media; gyroscope; picture-in-picture; web-share\" referrerpolicy=\"strict-origin-when-cross-origin\" allowfullscreen src=\"data:image\/svg+xml;base64,PHN2ZyB3aWR0aD0iMSIgaGVpZ2h0PSIxIiB4bWxucz0iaHR0cDovL3d3dy53My5vcmcvMjAwMC9zdmciPjwvc3ZnPg==\" class=\"lazyload\" data-load-mode=\"1\"><\/iframe>\n<\/div><\/figure>\n<\/div><\/div>\n<\/div><\/div>\n<\/div><\/div>\n<\/div><\/div>\n<\/div>\n\n\n\n\n\n\n<div id=\"\" class=\"element acf-memberquote\"><section class=\"memberquote \" style=\"background-color: #ffb100;\">\n\t<div class=\"wrapper-out\">\n\t\t<div class=\"in cf\">\n\t\t\t<div class=\"inner cf\">\n                        \t\t\t<\/div>\n\t\t<\/div>\n\t<\/div>\n<\/section>\n<\/div>","protected":false},"excerpt":{"rendered":"<p>ERC Funding Schemes Overview Target audience* Maximum Grant Amount (EUR) Maximum Additional Funding Amount (EUR) ** Maximum Duration (months) Working Time on Project per Principal Investigator (%) Working Time in&#8230;<\/p>\n","protected":false},"author":4,"featured_media":22811,"parent":9482,"menu_order":20,"comment_status":"closed","ping_status":"closed","template":"","meta":{"_acf_changed":false,"footnotes":""},"class_list":["post-9479","page","type-page","status-publish","has-post-thumbnail","hentry"],"acf":[],"yoast_head":"<!-- This site is optimized with the Yoast SEO plugin v27.4 - https:\/\/yoast.com\/product\/yoast-seo-wordpress\/ -->\n<title>ERC Grants Program - KInIT<\/title>\n<meta name=\"robots\" content=\"index, follow, max-snippet:-1, max-image-preview:large, max-video-preview:-1\" \/>\n<link rel=\"canonical\" href=\"https:\/\/kinit.sk\/sk\/careers\/erc-grants-program\/\" \/>\n<meta property=\"og:locale\" content=\"sk_SK\" \/>\n<meta property=\"og:type\" content=\"article\" \/>\n<meta property=\"og:title\" content=\"ERC Grants Program - KInIT\" \/>\n<meta property=\"og:description\" content=\"ERC Funding Schemes Overview Target audience* Maximum Grant Amount (EUR) Maximum Additional Funding Amount (EUR) ** Maximum Duration (months) Working Time on Project per Principal Investigator (%) Working Time in...\" \/>\n<meta property=\"og:url\" content=\"https:\/\/kinit.sk\/sk\/careers\/erc-grants-program\/\" \/>\n<meta property=\"og:site_name\" content=\"KInIT\" \/>\n<meta property=\"article:modified_time\" content=\"2026-03-13T11:31:38+00:00\" \/>\n<meta property=\"og:image\" content=\"https:\/\/kinit.sk\/wp-content\/uploads\/2021\/03\/KINIT_Sharepic.png\" \/>\n\t<meta property=\"og:image:width\" content=\"1200\" \/>\n\t<meta property=\"og:image:height\" content=\"628\" \/>\n\t<meta property=\"og:image:type\" content=\"image\/png\" \/>\n<meta name=\"twitter:card\" content=\"summary_large_image\" \/>\n<meta name=\"twitter:site\" content=\"@kinit\" \/>\n<meta name=\"twitter:label1\" content=\"Predpokladan\u00fd \u010das \u010d\u00edtania\" \/>\n\t<meta name=\"twitter:data1\" content=\"2 min\u00faty\" \/>\n<script type=\"application\/ld+json\" class=\"yoast-schema-graph\">{\"@context\":\"https:\\\/\\\/schema.org\",\"@graph\":[{\"@type\":\"WebPage\",\"@id\":\"https:\\\/\\\/kinit.sk\\\/sk\\\/careers\\\/erc-grants-program\\\/\",\"url\":\"https:\\\/\\\/kinit.sk\\\/sk\\\/careers\\\/erc-grants-program\\\/\",\"name\":\"ERC Grants Program - KInIT\",\"isPartOf\":{\"@id\":\"https:\\\/\\\/kinit.sk\\\/#website\"},\"primaryImageOfPage\":{\"@id\":\"https:\\\/\\\/kinit.sk\\\/sk\\\/careers\\\/erc-grants-program\\\/#primaryimage\"},\"image\":{\"@id\":\"https:\\\/\\\/kinit.sk\\\/sk\\\/careers\\\/erc-grants-program\\\/#primaryimage\"},\"thumbnailUrl\":\"https:\\\/\\\/kinit.sk\\\/wp-content\\\/uploads\\\/2022\\\/11\\\/10_Grants_and_PhD-Edit1-scaled.jpg\",\"datePublished\":\"2021-07-23T11:22:40+00:00\",\"dateModified\":\"2026-03-13T11:31:38+00:00\",\"breadcrumb\":{\"@id\":\"https:\\\/\\\/kinit.sk\\\/sk\\\/careers\\\/erc-grants-program\\\/#breadcrumb\"},\"inLanguage\":\"sk-SK\",\"potentialAction\":[{\"@type\":\"ReadAction\",\"target\":[\"https:\\\/\\\/kinit.sk\\\/sk\\\/careers\\\/erc-grants-program\\\/\"]}]},{\"@type\":\"ImageObject\",\"inLanguage\":\"sk-SK\",\"@id\":\"https:\\\/\\\/kinit.sk\\\/sk\\\/careers\\\/erc-grants-program\\\/#primaryimage\",\"url\":\"https:\\\/\\\/kinit.sk\\\/wp-content\\\/uploads\\\/2022\\\/11\\\/10_Grants_and_PhD-Edit1-scaled.jpg\",\"contentUrl\":\"https:\\\/\\\/kinit.sk\\\/wp-content\\\/uploads\\\/2022\\\/11\\\/10_Grants_and_PhD-Edit1-scaled.jpg\",\"width\":2560,\"height\":1092},{\"@type\":\"BreadcrumbList\",\"@id\":\"https:\\\/\\\/kinit.sk\\\/sk\\\/careers\\\/erc-grants-program\\\/#breadcrumb\",\"itemListElement\":[{\"@type\":\"ListItem\",\"position\":1,\"name\":\"Home\",\"item\":\"https:\\\/\\\/kinit.sk\\\/sk\\\/\"},{\"@type\":\"ListItem\",\"position\":2,\"name\":\"Careers\",\"item\":\"https:\\\/\\\/kinit.sk\\\/sk\\\/careers\\\/\"},{\"@type\":\"ListItem\",\"position\":3,\"name\":\"ERC Grants Program\"}]},{\"@type\":\"WebSite\",\"@id\":\"https:\\\/\\\/kinit.sk\\\/#website\",\"url\":\"https:\\\/\\\/kinit.sk\\\/\",\"name\":\"KInIT\",\"description\":\"Vyu\u017e\u00edvame v\u00fdskum pre \u013eud\u00ed a priemysel\",\"potentialAction\":[{\"@type\":\"SearchAction\",\"target\":{\"@type\":\"EntryPoint\",\"urlTemplate\":\"https:\\\/\\\/kinit.sk\\\/?s={search_term_string}\"},\"query-input\":{\"@type\":\"PropertyValueSpecification\",\"valueRequired\":true,\"valueName\":\"search_term_string\"}}],\"inLanguage\":\"sk-SK\"}]}<\/script>\n<!-- \/ Yoast SEO plugin. -->","yoast_head_json":{"title":"ERC Grants Program - KInIT","robots":{"index":"index","follow":"follow","max-snippet":"max-snippet:-1","max-image-preview":"max-image-preview:large","max-video-preview":"max-video-preview:-1"},"canonical":"https:\/\/kinit.sk\/sk\/careers\/erc-grants-program\/","og_locale":"sk_SK","og_type":"article","og_title":"ERC Grants Program - KInIT","og_description":"ERC Funding Schemes Overview Target audience* Maximum Grant Amount (EUR) Maximum Additional Funding Amount (EUR) ** Maximum Duration (months) Working Time on Project per Principal Investigator (%) Working Time in...","og_url":"https:\/\/kinit.sk\/sk\/careers\/erc-grants-program\/","og_site_name":"KInIT","article_modified_time":"2026-03-13T11:31:38+00:00","og_image":[{"width":1200,"height":628,"url":"https:\/\/kinit.sk\/wp-content\/uploads\/2021\/03\/KINIT_Sharepic.png","type":"image\/png"}],"twitter_card":"summary_large_image","twitter_site":"@kinit","twitter_misc":{"Predpokladan\u00fd \u010das \u010d\u00edtania":"2 min\u00faty"},"schema":{"@context":"https:\/\/schema.org","@graph":[{"@type":"WebPage","@id":"https:\/\/kinit.sk\/sk\/careers\/erc-grants-program\/","url":"https:\/\/kinit.sk\/sk\/careers\/erc-grants-program\/","name":"ERC Grants Program - KInIT","isPartOf":{"@id":"https:\/\/kinit.sk\/#website"},"primaryImageOfPage":{"@id":"https:\/\/kinit.sk\/sk\/careers\/erc-grants-program\/#primaryimage"},"image":{"@id":"https:\/\/kinit.sk\/sk\/careers\/erc-grants-program\/#primaryimage"},"thumbnailUrl":"https:\/\/kinit.sk\/wp-content\/uploads\/2022\/11\/10_Grants_and_PhD-Edit1-scaled.jpg","datePublished":"2021-07-23T11:22:40+00:00","dateModified":"2026-03-13T11:31:38+00:00","breadcrumb":{"@id":"https:\/\/kinit.sk\/sk\/careers\/erc-grants-program\/#breadcrumb"},"inLanguage":"sk-SK","potentialAction":[{"@type":"ReadAction","target":["https:\/\/kinit.sk\/sk\/careers\/erc-grants-program\/"]}]},{"@type":"ImageObject","inLanguage":"sk-SK","@id":"https:\/\/kinit.sk\/sk\/careers\/erc-grants-program\/#primaryimage","url":"https:\/\/kinit.sk\/wp-content\/uploads\/2022\/11\/10_Grants_and_PhD-Edit1-scaled.jpg","contentUrl":"https:\/\/kinit.sk\/wp-content\/uploads\/2022\/11\/10_Grants_and_PhD-Edit1-scaled.jpg","width":2560,"height":1092},{"@type":"BreadcrumbList","@id":"https:\/\/kinit.sk\/sk\/careers\/erc-grants-program\/#breadcrumb","itemListElement":[{"@type":"ListItem","position":1,"name":"Home","item":"https:\/\/kinit.sk\/sk\/"},{"@type":"ListItem","position":2,"name":"Careers","item":"https:\/\/kinit.sk\/sk\/careers\/"},{"@type":"ListItem","position":3,"name":"ERC Grants Program"}]},{"@type":"WebSite","@id":"https:\/\/kinit.sk\/#website","url":"https:\/\/kinit.sk\/","name":"KInIT","description":"Vyu\u017e\u00edvame v\u00fdskum pre \u013eud\u00ed a priemysel","potentialAction":[{"@type":"SearchAction","target":{"@type":"EntryPoint","urlTemplate":"https:\/\/kinit.sk\/?s={search_term_string}"},"query-input":{"@type":"PropertyValueSpecification","valueRequired":true,"valueName":"search_term_string"}}],"inLanguage":"sk-SK"}]}},"_links":{"self":[{"href":"https:\/\/kinit.sk\/sk\/wp-json\/wp\/v2\/pages\/9479","targetHints":{"allow":["GET"]}}],"collection":[{"href":"https:\/\/kinit.sk\/sk\/wp-json\/wp\/v2\/pages"}],"about":[{"href":"https:\/\/kinit.sk\/sk\/wp-json\/wp\/v2\/types\/page"}],"author":[{"embeddable":true,"href":"https:\/\/kinit.sk\/sk\/wp-json\/wp\/v2\/users\/4"}],"replies":[{"embeddable":true,"href":"https:\/\/kinit.sk\/sk\/wp-json\/wp\/v2\/comments?post=9479"}],"version-history":[{"count":19,"href":"https:\/\/kinit.sk\/sk\/wp-json\/wp\/v2\/pages\/9479\/revisions"}],"predecessor-version":[{"id":41029,"href":"https:\/\/kinit.sk\/sk\/wp-json\/wp\/v2\/pages\/9479\/revisions\/41029"}],"up":[{"embeddable":true,"href":"https:\/\/kinit.sk\/sk\/wp-json\/wp\/v2\/pages\/9482"}],"wp:featuredmedia":[{"embeddable":true,"href":"https:\/\/kinit.sk\/sk\/wp-json\/wp\/v2\/media\/22811"}],"wp:attachment":[{"href":"https:\/\/kinit.sk\/sk\/wp-json\/wp\/v2\/media?parent=9479"}],"curies":[{"name":"wp","href":"https:\/\/api.w.org\/{rel}","templated":true}]}}