{"id":5646,"date":"2021-02-01T22:05:04","date_gmt":"2021-02-01T21:05:04","guid":{"rendered":"https:\/\/kinit.sk\/contact\/"},"modified":"2023-02-01T16:15:45","modified_gmt":"2023-02-01T15:15:45","slug":"kontakt","status":"publish","type":"page","link":"https:\/\/kinit.sk\/sk\/kontakt\/","title":{"rendered":"Kontakt"},"content":{"rendered":"<div id=\"\" class=\"element acf-perex contact\"><section class=\"perex  contact\">\n\t<div class=\"wrapper-out\">\n\t\t<div class=\"in cf\">\n\t\t\t\t\t\t<div class=\"content\">\n\t\t\t\t<h3>Kempelenov in\u0161tit\u00fat<br \/>\ninteligentn\u00fdch technol\u00f3gi\u00ed<\/h3>\n<p>Sky Park Offices<br \/>\nBottova 7939\/2A<br \/>\n811 09 Bratislava &#8211; Star\u00e9 Mesto<br \/>\nSlovensko<\/p>\n<p>I\u010cO: 53290046<br \/>\nDI\u010c: SK2121334391<\/p>\n<ul>\n<li>V\u0161eobecn\u00e9 ot\u00e1zky: info [at] kinit.sk<\/li>\n<li>Ot\u00e1zky k partnerstv\u00e1m: partnerships [at] kinit.sk<\/li>\n<li>Ot\u00e1zky m\u00e9di\u00ed: public [at] kinit.sk<\/li>\n<\/ul>\n<p><iframe data-src=\"https:\/\/www.google.com\/maps\/embed?pb=!1m18!1m12!1m3!1d2662.28335588373!2d17.121794036746778!3d48.143342192291065!2m3!1f0!2f0!3f0!3m2!1i1024!2i768!4f13.1!3m3!1m2!1s0x476c899bf6615909%3A0xf229f77c42aa578d!2sSKY%20PARK%20Offices%20I%20Alto%20Real%20Estate!5e0!3m2!1sen!2ssk!4v1675264519706!5m2!1sen!2ssk\" width=\"600\" height=\"450\" style=\"border:0;\" allowfullscreen=\"\" referrerpolicy=\"no-referrer-when-downgrade\" src=\"data:image\/svg+xml;base64,PHN2ZyB3aWR0aD0iMSIgaGVpZ2h0PSIxIiB4bWxucz0iaHR0cDovL3d3dy53My5vcmcvMjAwMC9zdmciPjwvc3ZnPg==\" class=\"lazyload\" data-load-mode=\"1\"><\/iframe><\/p>\n\t\t\t\t\t\t\t\t\t<ul class=\"social-media\">\n\t\t\t\t\t\t<li class=\"facebook\"><a href=\"https:\/\/www.facebook.com\/kinit.sk\/\" target=\"_blank\">Facebook<\/a><\/li>\t\t\t\t\t\t<li class=\"instagram\"><a href=\"https:\/\/www.instagram.com\/kinit.sk\/\" target=\"_blank\">Instagram<\/a><\/li>\t\t\t\t\t\t<li class=\"linkedin\"><a href=\"https:\/\/www.linkedin.com\/company\/kempelen-institute-of-intelligent-technologies\/\" target=\"_blank\">LinkedIN<\/a><\/li>            <li class=\"twitter\"><a href=\"https:\/\/x.com\/KInIT_sk\" target=\"_blank\">Twitter<\/a><\/li>\t\t\t\t\t\t\t\t\t\t\t<\/ul>\n\t\t\t\t\t\t\t<\/div>\n\t\t<\/div>\n\t<\/div>\n<\/section>\n<\/div>","protected":false},"excerpt":{"rendered":"","protected":false},"author":1,"featured_media":22816,"parent":0,"menu_order":45,"comment_status":"closed","ping_status":"closed","template":"","meta":{"_acf_changed":false,"footnotes":""},"class_list":["post-5646","page","type-page","status-publish","has-post-thumbnail","hentry"],"acf":[],"yoast_head":"<!-- This site is optimized with the Yoast SEO plugin v27.4 - https:\/\/yoast.com\/product\/yoast-seo-wordpress\/ -->\n<title>Kontakt - KInIT<\/title>\n<meta name=\"robots\" content=\"index, follow, max-snippet:-1, max-image-preview:large, max-video-preview:-1\" \/>\n<link rel=\"canonical\" href=\"https:\/\/kinit.sk\/sk\/kontakt\/\" \/>\n<meta property=\"og:locale\" content=\"sk_SK\" \/>\n<meta property=\"og:type\" content=\"article\" \/>\n<meta property=\"og:title\" content=\"Kontakt - KInIT\" \/>\n<meta property=\"og:url\" content=\"https:\/\/kinit.sk\/sk\/kontakt\/\" \/>\n<meta property=\"og:site_name\" content=\"KInIT\" \/>\n<meta property=\"article:modified_time\" content=\"2023-02-01T15:15:45+00:00\" \/>\n<meta property=\"og:image\" content=\"https:\/\/kinit.sk\/wp-content\/uploads\/2021\/04\/KINIT_Sharepic-copy.png\" \/>\n\t<meta property=\"og:image:width\" content=\"1200\" \/>\n\t<meta property=\"og:image:height\" content=\"628\" \/>\n\t<meta property=\"og:image:type\" content=\"image\/png\" \/>\n<meta name=\"twitter:card\" content=\"summary_large_image\" \/>\n<meta name=\"twitter:site\" content=\"@kinit\" \/>\n<script type=\"application\/ld+json\" class=\"yoast-schema-graph\">{\"@context\":\"https:\\\/\\\/schema.org\",\"@graph\":[{\"@type\":\"WebPage\",\"@id\":\"https:\\\/\\\/kinit.sk\\\/sk\\\/kontakt\\\/\",\"url\":\"https:\\\/\\\/kinit.sk\\\/sk\\\/kontakt\\\/\",\"name\":\"Kontakt - KInIT\",\"isPartOf\":{\"@id\":\"https:\\\/\\\/kinit.sk\\\/#website\"},\"primaryImageOfPage\":{\"@id\":\"https:\\\/\\\/kinit.sk\\\/sk\\\/kontakt\\\/#primaryimage\"},\"image\":{\"@id\":\"https:\\\/\\\/kinit.sk\\\/sk\\\/kontakt\\\/#primaryimage\"},\"thumbnailUrl\":\"https:\\\/\\\/kinit.sk\\\/wp-content\\\/uploads\\\/2022\\\/11\\\/11_Contact-Edit1-scaled.jpg\",\"datePublished\":\"2021-02-01T21:05:04+00:00\",\"dateModified\":\"2023-02-01T15:15:45+00:00\",\"breadcrumb\":{\"@id\":\"https:\\\/\\\/kinit.sk\\\/sk\\\/kontakt\\\/#breadcrumb\"},\"inLanguage\":\"sk-SK\",\"potentialAction\":[{\"@type\":\"ReadAction\",\"target\":[\"https:\\\/\\\/kinit.sk\\\/sk\\\/kontakt\\\/\"]}]},{\"@type\":\"ImageObject\",\"inLanguage\":\"sk-SK\",\"@id\":\"https:\\\/\\\/kinit.sk\\\/sk\\\/kontakt\\\/#primaryimage\",\"url\":\"https:\\\/\\\/kinit.sk\\\/wp-content\\\/uploads\\\/2022\\\/11\\\/11_Contact-Edit1-scaled.jpg\",\"contentUrl\":\"https:\\\/\\\/kinit.sk\\\/wp-content\\\/uploads\\\/2022\\\/11\\\/11_Contact-Edit1-scaled.jpg\",\"width\":2560,\"height\":1093},{\"@type\":\"BreadcrumbList\",\"@id\":\"https:\\\/\\\/kinit.sk\\\/sk\\\/kontakt\\\/#breadcrumb\",\"itemListElement\":[{\"@type\":\"ListItem\",\"position\":1,\"name\":\"Home\",\"item\":\"https:\\\/\\\/kinit.sk\\\/sk\\\/uvod\\\/\"},{\"@type\":\"ListItem\",\"position\":2,\"name\":\"Kontakt\"}]},{\"@type\":\"WebSite\",\"@id\":\"https:\\\/\\\/kinit.sk\\\/#website\",\"url\":\"https:\\\/\\\/kinit.sk\\\/\",\"name\":\"KInIT\",\"description\":\"Vyu\u017e\u00edvame v\u00fdskum pre \u013eud\u00ed a priemysel\",\"potentialAction\":[{\"@type\":\"SearchAction\",\"target\":{\"@type\":\"EntryPoint\",\"urlTemplate\":\"https:\\\/\\\/kinit.sk\\\/?s={search_term_string}\"},\"query-input\":{\"@type\":\"PropertyValueSpecification\",\"valueRequired\":true,\"valueName\":\"search_term_string\"}}],\"inLanguage\":\"sk-SK\"}]}<\/script>\n<!-- \/ Yoast SEO plugin. -->","yoast_head_json":{"title":"Kontakt - KInIT","robots":{"index":"index","follow":"follow","max-snippet":"max-snippet:-1","max-image-preview":"max-image-preview:large","max-video-preview":"max-video-preview:-1"},"canonical":"https:\/\/kinit.sk\/sk\/kontakt\/","og_locale":"sk_SK","og_type":"article","og_title":"Kontakt - KInIT","og_url":"https:\/\/kinit.sk\/sk\/kontakt\/","og_site_name":"KInIT","article_modified_time":"2023-02-01T15:15:45+00:00","og_image":[{"width":1200,"height":628,"url":"https:\/\/kinit.sk\/wp-content\/uploads\/2021\/04\/KINIT_Sharepic-copy.png","type":"image\/png"}],"twitter_card":"summary_large_image","twitter_site":"@kinit","schema":{"@context":"https:\/\/schema.org","@graph":[{"@type":"WebPage","@id":"https:\/\/kinit.sk\/sk\/kontakt\/","url":"https:\/\/kinit.sk\/sk\/kontakt\/","name":"Kontakt - KInIT","isPartOf":{"@id":"https:\/\/kinit.sk\/#website"},"primaryImageOfPage":{"@id":"https:\/\/kinit.sk\/sk\/kontakt\/#primaryimage"},"image":{"@id":"https:\/\/kinit.sk\/sk\/kontakt\/#primaryimage"},"thumbnailUrl":"https:\/\/kinit.sk\/wp-content\/uploads\/2022\/11\/11_Contact-Edit1-scaled.jpg","datePublished":"2021-02-01T21:05:04+00:00","dateModified":"2023-02-01T15:15:45+00:00","breadcrumb":{"@id":"https:\/\/kinit.sk\/sk\/kontakt\/#breadcrumb"},"inLanguage":"sk-SK","potentialAction":[{"@type":"ReadAction","target":["https:\/\/kinit.sk\/sk\/kontakt\/"]}]},{"@type":"ImageObject","inLanguage":"sk-SK","@id":"https:\/\/kinit.sk\/sk\/kontakt\/#primaryimage","url":"https:\/\/kinit.sk\/wp-content\/uploads\/2022\/11\/11_Contact-Edit1-scaled.jpg","contentUrl":"https:\/\/kinit.sk\/wp-content\/uploads\/2022\/11\/11_Contact-Edit1-scaled.jpg","width":2560,"height":1093},{"@type":"BreadcrumbList","@id":"https:\/\/kinit.sk\/sk\/kontakt\/#breadcrumb","itemListElement":[{"@type":"ListItem","position":1,"name":"Home","item":"https:\/\/kinit.sk\/sk\/uvod\/"},{"@type":"ListItem","position":2,"name":"Kontakt"}]},{"@type":"WebSite","@id":"https:\/\/kinit.sk\/#website","url":"https:\/\/kinit.sk\/","name":"KInIT","description":"Vyu\u017e\u00edvame v\u00fdskum pre \u013eud\u00ed a priemysel","potentialAction":[{"@type":"SearchAction","target":{"@type":"EntryPoint","urlTemplate":"https:\/\/kinit.sk\/?s={search_term_string}"},"query-input":{"@type":"PropertyValueSpecification","valueRequired":true,"valueName":"search_term_string"}}],"inLanguage":"sk-SK"}]}},"_links":{"self":[{"href":"https:\/\/kinit.sk\/sk\/wp-json\/wp\/v2\/pages\/5646","targetHints":{"allow":["GET"]}}],"collection":[{"href":"https:\/\/kinit.sk\/sk\/wp-json\/wp\/v2\/pages"}],"about":[{"href":"https:\/\/kinit.sk\/sk\/wp-json\/wp\/v2\/types\/page"}],"author":[{"embeddable":true,"href":"https:\/\/kinit.sk\/sk\/wp-json\/wp\/v2\/users\/1"}],"replies":[{"embeddable":true,"href":"https:\/\/kinit.sk\/sk\/wp-json\/wp\/v2\/comments?post=5646"}],"version-history":[{"count":11,"href":"https:\/\/kinit.sk\/sk\/wp-json\/wp\/v2\/pages\/5646\/revisions"}],"predecessor-version":[{"id":24704,"href":"https:\/\/kinit.sk\/sk\/wp-json\/wp\/v2\/pages\/5646\/revisions\/24704"}],"wp:featuredmedia":[{"embeddable":true,"href":"https:\/\/kinit.sk\/sk\/wp-json\/wp\/v2\/media\/22816"}],"wp:attachment":[{"href":"https:\/\/kinit.sk\/sk\/wp-json\/wp\/v2\/media?parent=5646"}],"curies":[{"name":"wp","href":"https:\/\/api.w.org\/{rel}","templated":true}]}}