{"id":40081,"date":"2026-01-20T18:07:25","date_gmt":"2026-01-20T17:07:25","guid":{"rendered":"https:\/\/kinit.sk\/?page_id=40081"},"modified":"2026-02-05T17:25:05","modified_gmt":"2026-02-05T16:25:05","slug":"ai-maturity-assessment","status":"publish","type":"page","link":"https:\/\/kinit.sk\/sk\/ai-maturity-assessment\/","title":{"rendered":"AI Maturity Assessment"},"content":{"rendered":"<div id=\"\" class=\"element core-spacer\">\n<div style=\"height:3rem\" aria-hidden=\"true\" class=\"wp-block-spacer\"><\/div>\n<\/div>\n\n<div id=\"\" class=\"element core-heading\">\n<h3 class=\"wp-block-heading\" id=\"co-je-aima\">\u010co je AIMA?<\/h3>\n<\/div>\n\n<div id=\"\" class=\"element core-paragraph\">\n<p>AI Maturity Assessment (AIMA) je n\u00e1stroj na sebahodnotenie vyvinut\u00fd Kempelenov\u00fdm in\u0161tit\u00fatom inteligentn\u00fdch technol\u00f3gi\u00ed. Pom\u00f4\u017ee V\u00e1m zisti\u0165 ako v s\u00fa\u010dasnosti vyu\u017e\u00edvate umel\u00fa inteligenciu, kde s\u00fa Va\u0161e siln\u00e9 a slab\u00e9 str\u00e1nky a ak\u00e9 kroky m\u00f4\u017eete podnikn\u00fa\u0165, aby sa posunuli \u010falej v adapt\u00e1cii AI.<\/p>\n<\/div>\n\n<div id=\"\" class=\"element core-columns background-blue\">\n<div class=\"wp-block-columns background-blue is-layout-flex wp-container-core-columns-is-layout-9d6595d7 wp-block-columns-is-layout-flex\"><div id=\"\" class=\"element core-column\">\n<div class=\"wp-block-column is-layout-flow wp-block-column-is-layout-flow\" style=\"flex-basis:100%\"><div id=\"\" class=\"element core-heading\">\n<h2 class=\"wp-block-heading\">Zapojte sa do AIMA<\/h2>\n<\/div>\n\n<div id=\"\" class=\"element core-paragraph\">\n<p>\ud83d\udc49 Vypl\u0148te dotazn\u00edk e\u0161te dnes a urobte prv\u00fd krok k AI bud\u00facnosti va\u0161ej spolo\u010dnosti.<\/p>\n<\/div>\n\n<div id=\"\" class=\"element core-buttons\">\n<div class=\"wp-block-buttons is-layout-flex wp-block-buttons-is-layout-flex\"><div id=\"\" class=\"element core-button\">\n<div class=\"wp-block-button\"><a class=\"wp-block-button__link wp-element-button\" href=\"https:\/\/sprw.io\/stt-4KMWkaX98fvU9aEJz26SsW\" target=\"_blank\" rel=\"noreferrer noopener\">Zapoji\u0165 sa<\/a><\/div>\n<\/div><\/div>\n<\/div><\/div>\n<\/div><\/div>\n<\/div>\n\n<div id=\"\" class=\"element core-heading\">\n<h3 class=\"wp-block-heading\" id=\"preco-by-sa-mala-vasa-spolocnost-zapojit\">Pre\u010do by sa mala va\u0161a spolo\u010dnos\u0165 zapoji\u0165?<\/h3>\n<\/div>\n\n<div id=\"\" class=\"element core-columns\">\n<div class=\"wp-block-columns is-layout-flex wp-container-core-columns-is-layout-9d6595d7 wp-block-columns-is-layout-flex\"><div id=\"\" class=\"element core-column\">\n<div class=\"wp-block-column is-layout-flow wp-block-column-is-layout-flow\"><div id=\"\" class=\"element core-paragraph\">\n<p><\/p>\n<\/div>\n\n<div id=\"\" class=\"element core-list\">\n<ul class=\"wp-block-list\"><div id=\"\" class=\"element core-list-item\">\n<li>Nez\u00e1visl\u00e1 sp\u00e4tn\u00e1 v\u00e4zba o pripravenosti na AI<br><\/li>\n<\/div>\n\n<div id=\"\" class=\"element core-list-item\">\n<li>Porovnanie s in\u00fdmi spolo\u010dnos\u0165ami<br><\/li>\n<\/div>\n\n<div id=\"\" class=\"element core-list-item\">\n<li>Jasn\u00fd obraz o siln\u00fdch a slab\u00fdch str\u00e1nkach<br><\/li>\n<\/div>\n\n<div id=\"\" class=\"element core-list-item\">\n<li>Nez\u00e1visl\u00fd certifik\u00e1t v slovenskom aj anglickom jazyku<br><\/li>\n<\/div>\n\n<div id=\"\" class=\"element core-list-item\">\n<li>Prispejete k formovaniu AI politiky na Slovensku<\/li>\n<\/div><\/ul>\n<\/div><\/div>\n<\/div>\n\n<div id=\"\" class=\"element core-column\">\n<div class=\"wp-block-column is-layout-flow wp-block-column-is-layout-flow\"><div id=\"\" class=\"element core-image\">\n<figure class=\"wp-block-image size-large\"><img decoding=\"async\" width=\"1061\" height=\"1500\" data-src=\"https:\/\/kinit.sk\/wp-content\/uploads\/2026\/02\/V2_AIMA_Certificate-1061x1500.jpg\" alt=\"\" class=\"wp-image-40383 lazyload\" data-srcset=\"https:\/\/kinit.sk\/wp-content\/uploads\/2026\/02\/V2_AIMA_Certificate-1061x1500.jpg 1061w, https:\/\/kinit.sk\/wp-content\/uploads\/2026\/02\/V2_AIMA_Certificate-566x800.jpg 566w, https:\/\/kinit.sk\/wp-content\/uploads\/2026\/02\/V2_AIMA_Certificate-768x1086.jpg 768w, https:\/\/kinit.sk\/wp-content\/uploads\/2026\/02\/V2_AIMA_Certificate-1086x1536.jpg 1086w, https:\/\/kinit.sk\/wp-content\/uploads\/2026\/02\/V2_AIMA_Certificate-1448x2048.jpg 1448w, https:\/\/kinit.sk\/wp-content\/uploads\/2026\/02\/V2_AIMA_Certificate-scaled.jpg 1810w\" data-sizes=\"(max-width: 1061px) 100vw, 1061px\" src=\"data:image\/svg+xml;base64,PHN2ZyB3aWR0aD0iMSIgaGVpZ2h0PSIxIiB4bWxucz0iaHR0cDovL3d3dy53My5vcmcvMjAwMC9zdmciPjwvc3ZnPg==\" style=\"--smush-placeholder-width: 1061px; --smush-placeholder-aspect-ratio: 1061\/1500;\" \/><\/figure>\n<\/div><\/div>\n<\/div><\/div>\n<\/div>\n\n<div id=\"\" class=\"element core-heading\">\n<h3 class=\"wp-block-heading\" id=\"preco-to-robi-kinit\">Pre\u010do to rob\u00ed KInIT?<\/h3>\n<\/div>\n\n<div id=\"\" class=\"element core-paragraph\">\n<p><strong>KInIT m\u00e1 za cie\u013e:<\/strong><\/p>\n<\/div>\n\n<div id=\"\" class=\"element core-list\">\n<ul class=\"wp-block-list\"><div id=\"\" class=\"element core-list-item\">\n<li>V spolupr\u00e1ci s \u010fal\u0161\u00edmi k\u013e\u00fa\u010dov\u00fdmi hr\u00e1\u010dmi ekosyst\u00e9mu posil\u0148ova\u0165 inov\u00e1cie a konkurencieschopnos\u0165 slovenskej ekonomiky<\/li>\n<\/div>\n\n<div id=\"\" class=\"element core-list-item\">\n<li>Poskytova\u0165 podklady zalo\u017een\u00e9 na d\u00e1tach pre tvorcov polit\u00edk<\/li>\n<\/div>\n\n<div id=\"\" class=\"element core-list-item\">\n<li>Vytvori\u0165 komplexn\u00fa mapu adapt\u00e1cie AI na Slovensku<\/li>\n<\/div>\n\n<div id=\"\" class=\"element core-list-item\">\n<li>By\u0165 d\u00f4veryhodn\u00fdm zdrojom inform\u00e1ci\u00ed pre m\u00e9di\u00e1, \u0161t\u00e1t a biznis<\/li>\n<\/div>\n\n<div id=\"\" class=\"element core-list-item\">\n<li>Identifikova\u0165 regul\u00e1cie, ktor\u00e9 brzdia adopciu AI<\/li>\n<\/div><\/ul>\n<\/div>\n\n<div id=\"\" class=\"element core-heading\">\n<h3 class=\"wp-block-heading\">Related content<\/h3>\n<\/div>\n\n<div id=\"\" class=\"element core-list\">\n<ul class=\"wp-block-list\"><div id=\"\" class=\"element core-list-item\">\n<li><a href=\"https:\/\/kinit.sk\/project\/hopero-ai-european-digital-innovation-hub\/?highlight=hopero\" target=\"_blank\" rel=\"noreferrer noopener\">Hopero.ai<\/a><\/li>\n<\/div><\/ul>\n<\/div>\n\n<div id=\"\" class=\"element acf-logos fullwidth border-top padding-bottom-0\">\n<section class=\"logos  fullwidth border-top padding-bottom-0\" style=\"background-color: #ffffff;\">\n\t<div class=\"wrapper-out\">\n\t\t<div class=\"wrapper-in\">\n\t\t\t<div class=\"in cf\">\n\t\t\t\t<div class=\"element-inner\">\n\t\t\t\t\t\t\t\t\t\t\t\t\t\t\t<div class=\"logos-wrap logos-grid logos-grid-6\">\n\t\t\t\t\t\t\t\t\t\t\t\t\t\t\t\t\t\t\t\t\t<div class=\"logo\">\n\t\t\t\t\t\t\t\t\t<div class=\"inner\">\n\t\t\t\t\t\t\t\t\t\t<img decoding=\"async\" src=\"\" alt=\"\">\t\t\t\t\t\t\t\t\t<\/div>\n\t\t\t\t\t\t\t\t<\/div>\n\t\t\t\t\t\t\t\t\t\t\t\t\t\t\t<div class=\"logo\">\n\t\t\t\t\t\t\t\t\t<div class=\"inner\">\n\t\t\t\t\t\t\t\t\t\t<img decoding=\"async\" src=\"\" alt=\"\">\t\t\t\t\t\t\t\t\t<\/div>\n\t\t\t\t\t\t\t\t<\/div>\n\t\t\t\t\t\t\t\t\t\t\t\t\t\t\t<div class=\"logo larger\">\n\t\t\t\t\t\t\t\t\t<div class=\"inner\">\n\t\t\t\t\t\t\t\t\t\t<a href=\"https:\/\/hopero.sk\/\" target=\"_blank\"><img decoding=\"async\" data-src=\"https:\/\/kinit.sk\/wp-content\/uploads\/2025\/08\/USEme_Hopero_logo-text-black-300x95.png\" alt=\"USEme_Hopero_logo-text-black\" src=\"data:image\/svg+xml;base64,PHN2ZyB3aWR0aD0iMSIgaGVpZ2h0PSIxIiB4bWxucz0iaHR0cDovL3d3dy53My5vcmcvMjAwMC9zdmciPjwvc3ZnPg==\" class=\"lazyload\" style=\"--smush-placeholder-width: 300px; --smush-placeholder-aspect-ratio: 300\/95;\"><\/a>\t\t\t\t\t\t\t\t\t<\/div>\n\t\t\t\t\t\t\t\t<\/div>\n\t\t\t\t\t\t\t\t\t\t\t\t\t\t\t<div class=\"logo\">\n\t\t\t\t\t\t\t\t\t<div class=\"inner\">\n\t\t\t\t\t\t\t\t\t\t<img decoding=\"async\" src=\"\" alt=\"\">\t\t\t\t\t\t\t\t\t<\/div>\n\t\t\t\t\t\t\t\t<\/div>\n\t\t\t\t\t\t\t\t\t\t\t\t\t\t\t\t\t\t<\/div>\n\t\t\t\t\t\t\t\t\t<\/div>\n\t\t\t<\/div>\n\t\t<\/div>\n\t<\/div>\n<\/section> \n<\/div>","protected":false},"excerpt":{"rendered":"<p>\u010co je AIMA? AI Maturity Assessment (AIMA) je n\u00e1stroj na sebahodnotenie vyvinut\u00fd Kempelenov\u00fdm in\u0161tit\u00fatom inteligentn\u00fdch technol\u00f3gi\u00ed. Pom\u00f4\u017ee V\u00e1m zisti\u0165 ako v s\u00fa\u010dasnosti vyu\u017e\u00edvate umel\u00fa inteligenciu, kde s\u00fa Va\u0161e siln\u00e9 a&#8230;<\/p>\n","protected":false},"author":1,"featured_media":0,"parent":0,"menu_order":0,"comment_status":"closed","ping_status":"closed","template":"","meta":{"_acf_changed":false,"footnotes":""},"class_list":["post-40081","page","type-page","status-publish","hentry"],"acf":[],"yoast_head":"<!-- This site is optimized with the Yoast SEO plugin v27.4 - https:\/\/yoast.com\/product\/yoast-seo-wordpress\/ -->\n<title>AI Maturity Assessment - KInIT<\/title>\n<meta name=\"robots\" content=\"index, follow, max-snippet:-1, max-image-preview:large, max-video-preview:-1\" \/>\n<link rel=\"canonical\" href=\"https:\/\/kinit.sk\/sk\/ai-maturity-assessment\/\" \/>\n<meta property=\"og:locale\" content=\"sk_SK\" \/>\n<meta property=\"og:type\" content=\"article\" \/>\n<meta property=\"og:title\" content=\"AI Maturity Assessment - KInIT\" \/>\n<meta property=\"og:description\" content=\"\u010co je AIMA? AI Maturity Assessment (AIMA) je n\u00e1stroj na sebahodnotenie vyvinut\u00fd Kempelenov\u00fdm in\u0161tit\u00fatom inteligentn\u00fdch technol\u00f3gi\u00ed. Pom\u00f4\u017ee V\u00e1m zisti\u0165 ako v s\u00fa\u010dasnosti vyu\u017e\u00edvate umel\u00fa inteligenciu, kde s\u00fa Va\u0161e siln\u00e9 a...\" \/>\n<meta property=\"og:url\" content=\"https:\/\/kinit.sk\/sk\/ai-maturity-assessment\/\" \/>\n<meta property=\"og:site_name\" content=\"KInIT\" \/>\n<meta property=\"article:modified_time\" content=\"2026-02-05T16:25:05+00:00\" \/>\n<meta property=\"og:image\" content=\"https:\/\/kinit.sk\/wp-content\/uploads\/2026\/02\/V2_AIMA_Certificate-scaled.jpg\" \/>\n\t<meta property=\"og:image:width\" content=\"1810\" \/>\n\t<meta property=\"og:image:height\" content=\"2560\" \/>\n\t<meta property=\"og:image:type\" content=\"image\/jpeg\" \/>\n<meta name=\"twitter:card\" content=\"summary_large_image\" \/>\n<meta name=\"twitter:site\" content=\"@kinit\" \/>\n<meta name=\"twitter:label1\" content=\"Predpokladan\u00fd \u010das \u010d\u00edtania\" \/>\n\t<meta name=\"twitter:data1\" content=\"1 min\u00fata\" \/>\n<script type=\"application\/ld+json\" class=\"yoast-schema-graph\">{\"@context\":\"https:\\\/\\\/schema.org\",\"@graph\":[{\"@type\":\"WebPage\",\"@id\":\"https:\\\/\\\/kinit.sk\\\/sk\\\/ai-maturity-assessment\\\/\",\"url\":\"https:\\\/\\\/kinit.sk\\\/sk\\\/ai-maturity-assessment\\\/\",\"name\":\"AI Maturity Assessment - KInIT\",\"isPartOf\":{\"@id\":\"https:\\\/\\\/kinit.sk\\\/#website\"},\"primaryImageOfPage\":{\"@id\":\"https:\\\/\\\/kinit.sk\\\/sk\\\/ai-maturity-assessment\\\/#primaryimage\"},\"image\":{\"@id\":\"https:\\\/\\\/kinit.sk\\\/sk\\\/ai-maturity-assessment\\\/#primaryimage\"},\"thumbnailUrl\":\"https:\\\/\\\/kinit.sk\\\/wp-content\\\/uploads\\\/2026\\\/02\\\/V2_AIMA_Certificate-1061x1500.jpg\",\"datePublished\":\"2026-01-20T17:07:25+00:00\",\"dateModified\":\"2026-02-05T16:25:05+00:00\",\"breadcrumb\":{\"@id\":\"https:\\\/\\\/kinit.sk\\\/sk\\\/ai-maturity-assessment\\\/#breadcrumb\"},\"inLanguage\":\"sk-SK\",\"potentialAction\":[{\"@type\":\"ReadAction\",\"target\":[\"https:\\\/\\\/kinit.sk\\\/sk\\\/ai-maturity-assessment\\\/\"]}]},{\"@type\":\"ImageObject\",\"inLanguage\":\"sk-SK\",\"@id\":\"https:\\\/\\\/kinit.sk\\\/sk\\\/ai-maturity-assessment\\\/#primaryimage\",\"url\":\"https:\\\/\\\/kinit.sk\\\/wp-content\\\/uploads\\\/2026\\\/02\\\/V2_AIMA_Certificate-1061x1500.jpg\",\"contentUrl\":\"https:\\\/\\\/kinit.sk\\\/wp-content\\\/uploads\\\/2026\\\/02\\\/V2_AIMA_Certificate-1061x1500.jpg\"},{\"@type\":\"BreadcrumbList\",\"@id\":\"https:\\\/\\\/kinit.sk\\\/sk\\\/ai-maturity-assessment\\\/#breadcrumb\",\"itemListElement\":[{\"@type\":\"ListItem\",\"position\":1,\"name\":\"Home\",\"item\":\"https:\\\/\\\/kinit.sk\\\/sk\\\/\"},{\"@type\":\"ListItem\",\"position\":2,\"name\":\"AI Maturity Assessment\"}]},{\"@type\":\"WebSite\",\"@id\":\"https:\\\/\\\/kinit.sk\\\/#website\",\"url\":\"https:\\\/\\\/kinit.sk\\\/\",\"name\":\"KInIT\",\"description\":\"Vyu\u017e\u00edvame v\u00fdskum pre \u013eud\u00ed a priemysel\",\"potentialAction\":[{\"@type\":\"SearchAction\",\"target\":{\"@type\":\"EntryPoint\",\"urlTemplate\":\"https:\\\/\\\/kinit.sk\\\/?s={search_term_string}\"},\"query-input\":{\"@type\":\"PropertyValueSpecification\",\"valueRequired\":true,\"valueName\":\"search_term_string\"}}],\"inLanguage\":\"sk-SK\"}]}<\/script>\n<!-- \/ Yoast SEO plugin. -->","yoast_head_json":{"title":"AI Maturity Assessment - KInIT","robots":{"index":"index","follow":"follow","max-snippet":"max-snippet:-1","max-image-preview":"max-image-preview:large","max-video-preview":"max-video-preview:-1"},"canonical":"https:\/\/kinit.sk\/sk\/ai-maturity-assessment\/","og_locale":"sk_SK","og_type":"article","og_title":"AI Maturity Assessment - KInIT","og_description":"\u010co je AIMA? AI Maturity Assessment (AIMA) je n\u00e1stroj na sebahodnotenie vyvinut\u00fd Kempelenov\u00fdm in\u0161tit\u00fatom inteligentn\u00fdch technol\u00f3gi\u00ed. Pom\u00f4\u017ee V\u00e1m zisti\u0165 ako v s\u00fa\u010dasnosti vyu\u017e\u00edvate umel\u00fa inteligenciu, kde s\u00fa Va\u0161e siln\u00e9 a...","og_url":"https:\/\/kinit.sk\/sk\/ai-maturity-assessment\/","og_site_name":"KInIT","article_modified_time":"2026-02-05T16:25:05+00:00","og_image":[{"width":1810,"height":2560,"url":"https:\/\/kinit.sk\/wp-content\/uploads\/2026\/02\/V2_AIMA_Certificate-scaled.jpg","type":"image\/jpeg"}],"twitter_card":"summary_large_image","twitter_site":"@kinit","twitter_misc":{"Predpokladan\u00fd \u010das \u010d\u00edtania":"1 min\u00fata"},"schema":{"@context":"https:\/\/schema.org","@graph":[{"@type":"WebPage","@id":"https:\/\/kinit.sk\/sk\/ai-maturity-assessment\/","url":"https:\/\/kinit.sk\/sk\/ai-maturity-assessment\/","name":"AI Maturity Assessment - KInIT","isPartOf":{"@id":"https:\/\/kinit.sk\/#website"},"primaryImageOfPage":{"@id":"https:\/\/kinit.sk\/sk\/ai-maturity-assessment\/#primaryimage"},"image":{"@id":"https:\/\/kinit.sk\/sk\/ai-maturity-assessment\/#primaryimage"},"thumbnailUrl":"https:\/\/kinit.sk\/wp-content\/uploads\/2026\/02\/V2_AIMA_Certificate-1061x1500.jpg","datePublished":"2026-01-20T17:07:25+00:00","dateModified":"2026-02-05T16:25:05+00:00","breadcrumb":{"@id":"https:\/\/kinit.sk\/sk\/ai-maturity-assessment\/#breadcrumb"},"inLanguage":"sk-SK","potentialAction":[{"@type":"ReadAction","target":["https:\/\/kinit.sk\/sk\/ai-maturity-assessment\/"]}]},{"@type":"ImageObject","inLanguage":"sk-SK","@id":"https:\/\/kinit.sk\/sk\/ai-maturity-assessment\/#primaryimage","url":"https:\/\/kinit.sk\/wp-content\/uploads\/2026\/02\/V2_AIMA_Certificate-1061x1500.jpg","contentUrl":"https:\/\/kinit.sk\/wp-content\/uploads\/2026\/02\/V2_AIMA_Certificate-1061x1500.jpg"},{"@type":"BreadcrumbList","@id":"https:\/\/kinit.sk\/sk\/ai-maturity-assessment\/#breadcrumb","itemListElement":[{"@type":"ListItem","position":1,"name":"Home","item":"https:\/\/kinit.sk\/sk\/"},{"@type":"ListItem","position":2,"name":"AI Maturity Assessment"}]},{"@type":"WebSite","@id":"https:\/\/kinit.sk\/#website","url":"https:\/\/kinit.sk\/","name":"KInIT","description":"Vyu\u017e\u00edvame v\u00fdskum pre \u013eud\u00ed a priemysel","potentialAction":[{"@type":"SearchAction","target":{"@type":"EntryPoint","urlTemplate":"https:\/\/kinit.sk\/?s={search_term_string}"},"query-input":{"@type":"PropertyValueSpecification","valueRequired":true,"valueName":"search_term_string"}}],"inLanguage":"sk-SK"}]}},"_links":{"self":[{"href":"https:\/\/kinit.sk\/sk\/wp-json\/wp\/v2\/pages\/40081","targetHints":{"allow":["GET"]}}],"collection":[{"href":"https:\/\/kinit.sk\/sk\/wp-json\/wp\/v2\/pages"}],"about":[{"href":"https:\/\/kinit.sk\/sk\/wp-json\/wp\/v2\/types\/page"}],"author":[{"embeddable":true,"href":"https:\/\/kinit.sk\/sk\/wp-json\/wp\/v2\/users\/1"}],"replies":[{"embeddable":true,"href":"https:\/\/kinit.sk\/sk\/wp-json\/wp\/v2\/comments?post=40081"}],"version-history":[{"count":27,"href":"https:\/\/kinit.sk\/sk\/wp-json\/wp\/v2\/pages\/40081\/revisions"}],"predecessor-version":[{"id":40385,"href":"https:\/\/kinit.sk\/sk\/wp-json\/wp\/v2\/pages\/40081\/revisions\/40385"}],"wp:attachment":[{"href":"https:\/\/kinit.sk\/sk\/wp-json\/wp\/v2\/media?parent=40081"}],"curies":[{"name":"wp","href":"https:\/\/api.w.org\/{rel}","templated":true}]}}