{"id":31864,"date":"2024-04-03T13:01:46","date_gmt":"2024-04-03T11:01:46","guid":{"rendered":"https:\/\/kinit.sk\/?page_id=31864"},"modified":"2024-04-03T13:09:45","modified_gmt":"2024-04-03T11:09:45","slug":"phd-kinit-law-and-digital-technologies","status":"publish","type":"page","link":"https:\/\/kinit.sk\/sk\/education-training\/doctoral-studies\/phd-kinit-law-and-digital-technologies\/","title":{"rendered":"PhD @ KInIT &#8211; Law and Digital Technologies"},"content":{"rendered":"<div id=\"\" class=\"element contact-form-7-contact-form-selector condensed\">\n<div class=\"wp-block-contact-form-7-contact-form-selector condensed\">\n<div class=\"wpcf7 no-js\" id=\"wpcf7-f31861-o1\" lang=\"en-US\" dir=\"ltr\" data-wpcf7-id=\"31861\">\n<div class=\"screen-reader-response\"><p role=\"status\" aria-live=\"polite\" aria-atomic=\"true\"><\/p> <ul><\/ul><\/div>\n<form action=\"\/sk\/wp-json\/wp\/v2\/pages\/31864#wpcf7-f31861-o1\" method=\"post\" class=\"wpcf7-form init\" aria-label=\"Contact form\" novalidate=\"novalidate\" data-status=\"init\">\n<fieldset class=\"hidden-fields-container\"><input type=\"hidden\" name=\"_wpcf7\" value=\"31861\" \/><input type=\"hidden\" name=\"_wpcf7_version\" value=\"6.1.5\" \/><input type=\"hidden\" name=\"_wpcf7_locale\" value=\"en_US\" \/><input type=\"hidden\" name=\"_wpcf7_unit_tag\" value=\"wpcf7-f31861-o1\" \/><input type=\"hidden\" name=\"_wpcf7_container_post\" value=\"0\" \/><input type=\"hidden\" name=\"_wpcf7_posted_data_hash\" value=\"\" \/>\n<\/fieldset>\n<p>Thank you for your interest in <a href=\"https:\/\/kinit.sk\/sk\/education-training\/law-and-digital-technologies-phd-at-kinit\/\">PhD study<\/a> at KInIT. To learn more about the PhD program, please fill in this form and we will get back to you to provide all necessary information and discuss possible cooperation.\n<\/p>\n<h3>PERSONAL INFORMATION\n<\/h3>\n<p><label>Name *<br \/>\n<span class=\"wpcf7-form-control-wrap\" data-name=\"myname\"><input size=\"40\" maxlength=\"400\" class=\"wpcf7-form-control wpcf7-text wpcf7-validates-as-required\" aria-required=\"true\" aria-invalid=\"false\" value=\"\" type=\"text\" name=\"myname\" \/><\/span><\/label><br \/>\n<label>Surname *<br \/>\n<span class=\"wpcf7-form-control-wrap\" data-name=\"surname\"><input size=\"40\" maxlength=\"400\" class=\"wpcf7-form-control wpcf7-text wpcf7-validates-as-required\" aria-required=\"true\" aria-invalid=\"false\" value=\"\" type=\"text\" name=\"surname\" \/><\/span><\/label><br \/>\n<label>Age<br \/>\n<span class=\"wpcf7-form-control-wrap\" data-name=\"age\"><input size=\"40\" maxlength=\"400\" class=\"wpcf7-form-control wpcf7-text\" aria-invalid=\"false\" value=\"\" type=\"text\" name=\"age\" \/><\/span><\/label><br \/>\n<label>Country of residence *<br \/>\n<span class=\"wpcf7-form-control-wrap\" data-name=\"country\"><input size=\"40\" maxlength=\"400\" class=\"wpcf7-form-control wpcf7-text wpcf7-validates-as-required\" aria-required=\"true\" aria-invalid=\"false\" value=\"\" type=\"text\" name=\"country\" \/><\/span><\/label><br \/>\n<label>City of residence *<br \/>\n<span class=\"wpcf7-form-control-wrap\" data-name=\"city\"><input size=\"40\" maxlength=\"400\" class=\"wpcf7-form-control wpcf7-text wpcf7-validates-as-required\" aria-required=\"true\" aria-invalid=\"false\" value=\"\" type=\"text\" name=\"city\" \/><\/span><\/label><br \/>\n<label>Email *<br \/>\n<span class=\"wpcf7-form-control-wrap\" data-name=\"email\"><input size=\"40\" maxlength=\"400\" class=\"wpcf7-form-control wpcf7-email wpcf7-validates-as-required wpcf7-text wpcf7-validates-as-email\" aria-required=\"true\" aria-invalid=\"false\" value=\"\" type=\"email\" name=\"email\" \/><\/span><\/label><br \/>\n<label>Phone number<br \/>\n<span class=\"wpcf7-form-control-wrap\" data-name=\"phone\"><input size=\"40\" maxlength=\"400\" class=\"wpcf7-form-control wpcf7-text\" aria-invalid=\"false\" value=\"\" type=\"text\" name=\"phone\" \/><\/span><\/label>\n<\/p>\n<h3>EDUCATION\n<\/h3>\n<p><label>Highest Degree Obtained *<\/label><br \/>\nIf you are still a student, enter the highest degree you will have obtained by August 2025. Example: MSc, Mgr, Ing, BSc, Bc,...<br \/>\n<span class=\"wpcf7-form-control-wrap\" data-name=\"highest-degree-obtained\"><input size=\"40\" maxlength=\"400\" class=\"wpcf7-form-control wpcf7-text wpcf7-validates-as-required\" aria-required=\"true\" aria-invalid=\"false\" value=\"\" type=\"text\" name=\"highest-degree-obtained\" \/><\/span><br \/>\n<label>Name of University *<\/label><br \/>\nEnter the name of the university you have or will have graduated from.<br \/>\n<span class=\"wpcf7-form-control-wrap\" data-name=\"name-of-university\"><input size=\"40\" maxlength=\"400\" class=\"wpcf7-form-control wpcf7-text wpcf7-validates-as-required\" aria-required=\"true\" aria-invalid=\"false\" value=\"\" type=\"text\" name=\"name-of-university\" \/><\/span><br \/>\n<label>Year of Graduation *<\/label><br \/>\nIf you are still a student, enter the expected year of graduation.<br \/>\n<span class=\"wpcf7-form-control-wrap\" data-name=\"year-of-graduation\"><input size=\"40\" maxlength=\"400\" class=\"wpcf7-form-control wpcf7-text wpcf7-validates-as-required\" aria-required=\"true\" aria-invalid=\"false\" value=\"\" type=\"text\" name=\"year-of-graduation\" \/><\/span><br \/>\n<label>Field of Study *<\/label><br \/>\n(example: Computer Science, Mathematics, Statistics, Artificial Intelligence)<br \/>\n<span class=\"wpcf7-form-control-wrap\" data-name=\"field-of-study\"><input size=\"40\" maxlength=\"400\" class=\"wpcf7-form-control wpcf7-text wpcf7-validates-as-required\" aria-required=\"true\" aria-invalid=\"false\" value=\"\" type=\"text\" name=\"field-of-study\" \/><\/span><br \/>\n<label>My standing among my classmates\/graduating class *<\/label><br \/>\nPlease provide self evaluation if you do not have specific information about your standing.<br \/>\n<span class=\"wpcf7-form-control-wrap\" data-name=\"radio-1\"><span class=\"wpcf7-form-control wpcf7-radio\"><span class=\"wpcf7-list-item first\"><label><input type=\"radio\" name=\"radio-1\" value=\"Top student, i.e. the best student in cohort\" \/><span class=\"wpcf7-list-item-label\">Top student, i.e. the best student in cohort<\/span><\/label><\/span><span class=\"wpcf7-list-item\"><label><input type=\"radio\" name=\"radio-1\" value=\"Top 1% student\" \/><span class=\"wpcf7-list-item-label\">Top 1% student<\/span><\/label><\/span><span class=\"wpcf7-list-item\"><label><input type=\"radio\" name=\"radio-1\" value=\"Top 5% student\" \/><span class=\"wpcf7-list-item-label\">Top 5% student<\/span><\/label><\/span><span class=\"wpcf7-list-item\"><label><input type=\"radio\" name=\"radio-1\" value=\"Top 10% student\" \/><span class=\"wpcf7-list-item-label\">Top 10% student<\/span><\/label><\/span><span class=\"wpcf7-list-item\"><label><input type=\"radio\" name=\"radio-1\" value=\"Top 15% student\" \/><span class=\"wpcf7-list-item-label\">Top 15% student<\/span><\/label><\/span><span class=\"wpcf7-list-item last\"><label><input type=\"radio\" name=\"radio-1\" value=\"Other\" \/><span class=\"wpcf7-list-item-label\">Other<\/span><\/label><\/span><\/span><\/span><br \/>\n<label>My level of English *<\/label><br \/>\nPlease rank the level of your English (following the Common European Framework of Reference for Languages, CEFR)<br \/>\n<span class=\"wpcf7-form-control-wrap\" data-name=\"level-of-english\"><span class=\"wpcf7-form-control wpcf7-radio\"><span class=\"wpcf7-list-item first\"><label><input type=\"radio\" name=\"level-of-english\" value=\"A1 Beginner\" \/><span class=\"wpcf7-list-item-label\">A1 Beginner<\/span><\/label><\/span><span class=\"wpcf7-list-item\"><label><input type=\"radio\" name=\"level-of-english\" value=\"A2 Pre-intermediate\" \/><span class=\"wpcf7-list-item-label\">A2 Pre-intermediate<\/span><\/label><\/span><span class=\"wpcf7-list-item\"><label><input type=\"radio\" name=\"level-of-english\" value=\"B1 Intermediate\" \/><span class=\"wpcf7-list-item-label\">B1 Intermediate<\/span><\/label><\/span><span class=\"wpcf7-list-item\"><label><input type=\"radio\" name=\"level-of-english\" value=\"B2 Upper-intermediate\" \/><span class=\"wpcf7-list-item-label\">B2 Upper-intermediate<\/span><\/label><\/span><span class=\"wpcf7-list-item\"><label><input type=\"radio\" name=\"level-of-english\" value=\"C1 Advanced\" \/><span class=\"wpcf7-list-item-label\">C1 Advanced<\/span><\/label><\/span><span class=\"wpcf7-list-item last\"><label><input type=\"radio\" name=\"level-of-english\" value=\"C2 Mastery\" \/><span class=\"wpcf7-list-item-label\">C2 Mastery<\/span><\/label><\/span><\/span><\/span><br \/>\n<label>Do you hold any English language certificate (e.g. TOEFL, IELTS, CAE) or have you completed your studies in English? *<\/label><br \/>\nPlease note that for the admission to the Palack\u00fd University in Olomouc it is required to have English language certificate on B2 level or higher or prove your language skills via completion of studies.<br \/>\n<span class=\"wpcf7-form-control-wrap\" data-name=\"english-certificate\"><span class=\"wpcf7-form-control wpcf7-radio\"><span class=\"wpcf7-list-item first\"><label><input type=\"radio\" name=\"english-certificate\" value=\"Yes\" \/><span class=\"wpcf7-list-item-label\">Yes<\/span><\/label><\/span><span class=\"wpcf7-list-item last\"><label><input type=\"radio\" name=\"english-certificate\" value=\"No\" \/><span class=\"wpcf7-list-item-label\">No<\/span><\/label><\/span><\/span><\/span>\n<\/p>\n<p><label>Diploma Thesis <\/label><br \/>\nPlease mention your thesis title, supervisor\u00b4s name and a few sentences about the topic of your thesis (it does not have to be related to the PhD topics you are interested in).<br \/>\n<span class=\"wpcf7-form-control-wrap\" data-name=\"diploma-thesis\"><textarea cols=\"40\" rows=\"10\" maxlength=\"2000\" class=\"wpcf7-form-control wpcf7-textarea\" aria-invalid=\"false\" name=\"diploma-thesis\"><\/textarea><\/span>\n<\/p>\n<h3>Motivation for joining KInIT\n<\/h3>\n<p>We are eager to get to know you. Please share as much information about yourself and your interests as possible.\n<\/p>\n<p><label>Why do you want to pursue a PhD? *<\/label><br \/>\nExplain why you want to pursue a PhD degree. This is a generic question not related to the particularities of the PhD program at KInIT.<br \/>\n<span class=\"wpcf7-form-control-wrap\" data-name=\"why-phd\"><textarea cols=\"40\" rows=\"10\" maxlength=\"2000\" class=\"wpcf7-form-control wpcf7-textarea wpcf7-validates-as-required\" aria-required=\"true\" aria-invalid=\"false\" name=\"why-phd\"><\/textarea><\/span><br \/>\n<label>What attracted you to apply to the PhD program @ KInIT? *<\/label><br \/>\n<span class=\"wpcf7-form-control-wrap\" data-name=\"why-kinit\"><textarea cols=\"40\" rows=\"10\" maxlength=\"2000\" class=\"wpcf7-form-control wpcf7-textarea wpcf7-validates-as-required\" aria-required=\"true\" aria-invalid=\"false\" name=\"why-kinit\"><\/textarea><\/span>\n<\/p>\n<p><label>Comments to your research interests<\/label><br \/>\nPlease, let us know any of your thoughts related to your research interests.<br \/>\n<span class=\"wpcf7-form-control-wrap\" data-name=\"research-interests\"><textarea cols=\"40\" rows=\"10\" maxlength=\"2000\" class=\"wpcf7-form-control wpcf7-textarea\" aria-invalid=\"false\" name=\"research-interests\"><\/textarea><\/span><br \/>\n<label>Do you have any prior experience in research?<\/label><br \/>\nIf you have coauthored any paper or papers, mention it. If you have conducted any research, even if this did not lead to a paper, mention this (your activities, projects etc.).<br \/>\n<span class=\"wpcf7-form-control-wrap\" data-name=\"research-experience\"><textarea cols=\"40\" rows=\"10\" maxlength=\"2000\" class=\"wpcf7-form-control wpcf7-textarea\" aria-invalid=\"false\" name=\"research-experience\"><\/textarea><\/span><br \/>\n<label>Where did you hear about our PhD study program? e.g. friend, growni.sk etc.<br \/>\n<span class=\"wpcf7-form-control-wrap\" data-name=\"refferal\"><input size=\"40\" maxlength=\"400\" class=\"wpcf7-form-control wpcf7-text\" aria-invalid=\"false\" value=\"\" type=\"text\" name=\"refferal\" \/><\/span><\/label><br \/>\n<label>Documents*<\/label><br \/>\nPlease upload any relevant documents (as one zip file or pdf, if you upload just one file), e.g. CV, transcript of records (i.e. a list of the course units taken, the exams you have passed and the credits gained).<br \/>\n<span class=\"wpcf7-form-control-wrap\" data-name=\"documents\"><input size=\"40\" class=\"wpcf7-form-control wpcf7-drag-n-drop-file d-none\" aria-required=\"true\" aria-invalid=\"false\" type=\"file\" multiple=\"multiple\" data-name=\"documents\" data-type=\"pdf|jpg|png|zip|rar|7z\" data-limit=\"20000000\" data-min=\"1\" data-id=\"31861\" data-version=\"free version 1.3.9.6\" accept=\".pdf, .jpg, .png, .zip, .rar, .7z\" \/><\/span><br \/>\n<span class=\"wpcf7-form-control-wrap\" data-name=\"accept-policy\"><span class=\"wpcf7-form-control wpcf7-acceptance\"><span class=\"wpcf7-list-item\"><label><input type=\"checkbox\" name=\"accept-policy\" value=\"1\" aria-invalid=\"false\" \/><span class=\"wpcf7-list-item-label\">By hitting \u201cSubmit\u201d, you consent that we process your personal data for the purpose of an application review and applicant selection, based on the legal basis of GPDR Art. 6 (1) letter (a) consent to the processing of personal data. You can withdraw your consent at any time. For more information please read our Privacy Policy.<\/span><\/label><\/span><\/span><\/span><br \/>\n<label>Privacy policy *<\/label><br \/>\nPrivacy policy can be found <a href=\"https:\/\/kinit.sk\/privacy-policy\/\" target=\"_blank\">here.<\/a>\n<\/p>\n<p><input class=\"wpcf7-form-control wpcf7-submit has-spinner\" type=\"submit\" value=\"Submit\" \/>\n<\/p><div class=\"wpcf7-response-output\" aria-hidden=\"true\"><\/div>\n<\/form>\n<\/div>\n<\/div>\n<\/div>","protected":false},"excerpt":{"rendered":"","protected":false},"author":25,"featured_media":5333,"parent":13840,"menu_order":28,"comment_status":"closed","ping_status":"closed","template":"","meta":{"_acf_changed":false,"footnotes":""},"class_list":["post-31864","page","type-page","status-publish","has-post-thumbnail","hentry"],"acf":[],"yoast_head":"<!-- This site is optimized with the Yoast SEO plugin v27.4 - https:\/\/yoast.com\/product\/yoast-seo-wordpress\/ -->\n<title>PhD @ KInIT - Law and Digital Technologies - KInIT<\/title>\n<meta name=\"robots\" content=\"index, follow, max-snippet:-1, max-image-preview:large, max-video-preview:-1\" \/>\n<link rel=\"canonical\" href=\"https:\/\/kinit.sk\/sk\/education-training\/doctoral-studies\/phd-kinit-law-and-digital-technologies\/\" \/>\n<meta property=\"og:locale\" content=\"sk_SK\" \/>\n<meta property=\"og:type\" content=\"article\" \/>\n<meta property=\"og:title\" content=\"PhD @ KInIT - Law and Digital Technologies - KInIT\" \/>\n<meta property=\"og:url\" content=\"https:\/\/kinit.sk\/sk\/education-training\/doctoral-studies\/phd-kinit-law-and-digital-technologies\/\" \/>\n<meta property=\"og:site_name\" content=\"KInIT\" \/>\n<meta property=\"article:modified_time\" content=\"2024-04-03T11:09:45+00:00\" \/>\n<meta property=\"og:image\" content=\"https:\/\/kinit.sk\/wp-content\/uploads\/2021\/03\/KINIT_Sharepic.png\" \/>\n\t<meta property=\"og:image:width\" content=\"1200\" \/>\n\t<meta property=\"og:image:height\" content=\"628\" \/>\n\t<meta property=\"og:image:type\" content=\"image\/png\" \/>\n<meta name=\"twitter:card\" content=\"summary_large_image\" \/>\n<meta name=\"twitter:site\" content=\"@kinit\" \/>\n<meta name=\"twitter:label1\" content=\"Predpokladan\u00fd \u010das \u010d\u00edtania\" \/>\n\t<meta name=\"twitter:data1\" content=\"1 min\u00fata\" \/>\n<script type=\"application\/ld+json\" class=\"yoast-schema-graph\">{\"@context\":\"https:\\\/\\\/schema.org\",\"@graph\":[{\"@type\":\"WebPage\",\"@id\":\"https:\\\/\\\/kinit.sk\\\/sk\\\/education-training\\\/doctoral-studies\\\/phd-kinit-law-and-digital-technologies\\\/\",\"url\":\"https:\\\/\\\/kinit.sk\\\/sk\\\/education-training\\\/doctoral-studies\\\/phd-kinit-law-and-digital-technologies\\\/\",\"name\":\"PhD @ KInIT - Law and Digital Technologies - KInIT\",\"isPartOf\":{\"@id\":\"https:\\\/\\\/kinit.sk\\\/#website\"},\"primaryImageOfPage\":{\"@id\":\"https:\\\/\\\/kinit.sk\\\/sk\\\/education-training\\\/doctoral-studies\\\/phd-kinit-law-and-digital-technologies\\\/#primaryimage\"},\"image\":{\"@id\":\"https:\\\/\\\/kinit.sk\\\/sk\\\/education-training\\\/doctoral-studies\\\/phd-kinit-law-and-digital-technologies\\\/#primaryimage\"},\"thumbnailUrl\":\"https:\\\/\\\/kinit.sk\\\/wp-content\\\/uploads\\\/2021\\\/02\\\/research.jpg\",\"datePublished\":\"2024-04-03T11:01:46+00:00\",\"dateModified\":\"2024-04-03T11:09:45+00:00\",\"breadcrumb\":{\"@id\":\"https:\\\/\\\/kinit.sk\\\/sk\\\/education-training\\\/doctoral-studies\\\/phd-kinit-law-and-digital-technologies\\\/#breadcrumb\"},\"inLanguage\":\"sk-SK\",\"potentialAction\":[{\"@type\":\"ReadAction\",\"target\":[\"https:\\\/\\\/kinit.sk\\\/sk\\\/education-training\\\/doctoral-studies\\\/phd-kinit-law-and-digital-technologies\\\/\"]}]},{\"@type\":\"ImageObject\",\"inLanguage\":\"sk-SK\",\"@id\":\"https:\\\/\\\/kinit.sk\\\/sk\\\/education-training\\\/doctoral-studies\\\/phd-kinit-law-and-digital-technologies\\\/#primaryimage\",\"url\":\"https:\\\/\\\/kinit.sk\\\/wp-content\\\/uploads\\\/2021\\\/02\\\/research.jpg\",\"contentUrl\":\"https:\\\/\\\/kinit.sk\\\/wp-content\\\/uploads\\\/2021\\\/02\\\/research.jpg\",\"width\":984,\"height\":420},{\"@type\":\"BreadcrumbList\",\"@id\":\"https:\\\/\\\/kinit.sk\\\/sk\\\/education-training\\\/doctoral-studies\\\/phd-kinit-law-and-digital-technologies\\\/#breadcrumb\",\"itemListElement\":[{\"@type\":\"ListItem\",\"position\":1,\"name\":\"Home\",\"item\":\"https:\\\/\\\/kinit.sk\\\/sk\\\/\"},{\"@type\":\"ListItem\",\"position\":2,\"name\":\"Vzdel\u00e1vanie &amp; Tr\u00e9ningy\",\"item\":\"https:\\\/\\\/kinit.sk\\\/sk\\\/education-training\\\/\"},{\"@type\":\"ListItem\",\"position\":3,\"name\":\"PhD Program\",\"item\":\"https:\\\/\\\/kinit.sk\\\/sk\\\/education-training\\\/doctoral-studies\\\/\"},{\"@type\":\"ListItem\",\"position\":4,\"name\":\"PhD @ KInIT &#8211; Law and Digital Technologies\"}]},{\"@type\":\"WebSite\",\"@id\":\"https:\\\/\\\/kinit.sk\\\/#website\",\"url\":\"https:\\\/\\\/kinit.sk\\\/\",\"name\":\"KInIT\",\"description\":\"Vyu\u017e\u00edvame v\u00fdskum pre \u013eud\u00ed a priemysel\",\"potentialAction\":[{\"@type\":\"SearchAction\",\"target\":{\"@type\":\"EntryPoint\",\"urlTemplate\":\"https:\\\/\\\/kinit.sk\\\/?s={search_term_string}\"},\"query-input\":{\"@type\":\"PropertyValueSpecification\",\"valueRequired\":true,\"valueName\":\"search_term_string\"}}],\"inLanguage\":\"sk-SK\"}]}<\/script>\n<!-- \/ Yoast SEO plugin. -->","yoast_head_json":{"title":"PhD @ KInIT - Law and Digital Technologies - KInIT","robots":{"index":"index","follow":"follow","max-snippet":"max-snippet:-1","max-image-preview":"max-image-preview:large","max-video-preview":"max-video-preview:-1"},"canonical":"https:\/\/kinit.sk\/sk\/education-training\/doctoral-studies\/phd-kinit-law-and-digital-technologies\/","og_locale":"sk_SK","og_type":"article","og_title":"PhD @ KInIT - Law and Digital Technologies - KInIT","og_url":"https:\/\/kinit.sk\/sk\/education-training\/doctoral-studies\/phd-kinit-law-and-digital-technologies\/","og_site_name":"KInIT","article_modified_time":"2024-04-03T11:09:45+00:00","og_image":[{"width":1200,"height":628,"url":"https:\/\/kinit.sk\/wp-content\/uploads\/2021\/03\/KINIT_Sharepic.png","type":"image\/png"}],"twitter_card":"summary_large_image","twitter_site":"@kinit","twitter_misc":{"Predpokladan\u00fd \u010das \u010d\u00edtania":"1 min\u00fata"},"schema":{"@context":"https:\/\/schema.org","@graph":[{"@type":"WebPage","@id":"https:\/\/kinit.sk\/sk\/education-training\/doctoral-studies\/phd-kinit-law-and-digital-technologies\/","url":"https:\/\/kinit.sk\/sk\/education-training\/doctoral-studies\/phd-kinit-law-and-digital-technologies\/","name":"PhD @ KInIT - Law and Digital Technologies - KInIT","isPartOf":{"@id":"https:\/\/kinit.sk\/#website"},"primaryImageOfPage":{"@id":"https:\/\/kinit.sk\/sk\/education-training\/doctoral-studies\/phd-kinit-law-and-digital-technologies\/#primaryimage"},"image":{"@id":"https:\/\/kinit.sk\/sk\/education-training\/doctoral-studies\/phd-kinit-law-and-digital-technologies\/#primaryimage"},"thumbnailUrl":"https:\/\/kinit.sk\/wp-content\/uploads\/2021\/02\/research.jpg","datePublished":"2024-04-03T11:01:46+00:00","dateModified":"2024-04-03T11:09:45+00:00","breadcrumb":{"@id":"https:\/\/kinit.sk\/sk\/education-training\/doctoral-studies\/phd-kinit-law-and-digital-technologies\/#breadcrumb"},"inLanguage":"sk-SK","potentialAction":[{"@type":"ReadAction","target":["https:\/\/kinit.sk\/sk\/education-training\/doctoral-studies\/phd-kinit-law-and-digital-technologies\/"]}]},{"@type":"ImageObject","inLanguage":"sk-SK","@id":"https:\/\/kinit.sk\/sk\/education-training\/doctoral-studies\/phd-kinit-law-and-digital-technologies\/#primaryimage","url":"https:\/\/kinit.sk\/wp-content\/uploads\/2021\/02\/research.jpg","contentUrl":"https:\/\/kinit.sk\/wp-content\/uploads\/2021\/02\/research.jpg","width":984,"height":420},{"@type":"BreadcrumbList","@id":"https:\/\/kinit.sk\/sk\/education-training\/doctoral-studies\/phd-kinit-law-and-digital-technologies\/#breadcrumb","itemListElement":[{"@type":"ListItem","position":1,"name":"Home","item":"https:\/\/kinit.sk\/sk\/"},{"@type":"ListItem","position":2,"name":"Vzdel\u00e1vanie &amp; Tr\u00e9ningy","item":"https:\/\/kinit.sk\/sk\/education-training\/"},{"@type":"ListItem","position":3,"name":"PhD Program","item":"https:\/\/kinit.sk\/sk\/education-training\/doctoral-studies\/"},{"@type":"ListItem","position":4,"name":"PhD @ KInIT &#8211; Law and Digital Technologies"}]},{"@type":"WebSite","@id":"https:\/\/kinit.sk\/#website","url":"https:\/\/kinit.sk\/","name":"KInIT","description":"Vyu\u017e\u00edvame v\u00fdskum pre \u013eud\u00ed a priemysel","potentialAction":[{"@type":"SearchAction","target":{"@type":"EntryPoint","urlTemplate":"https:\/\/kinit.sk\/?s={search_term_string}"},"query-input":{"@type":"PropertyValueSpecification","valueRequired":true,"valueName":"search_term_string"}}],"inLanguage":"sk-SK"}]}},"_links":{"self":[{"href":"https:\/\/kinit.sk\/sk\/wp-json\/wp\/v2\/pages\/31864","targetHints":{"allow":["GET"]}}],"collection":[{"href":"https:\/\/kinit.sk\/sk\/wp-json\/wp\/v2\/pages"}],"about":[{"href":"https:\/\/kinit.sk\/sk\/wp-json\/wp\/v2\/types\/page"}],"author":[{"embeddable":true,"href":"https:\/\/kinit.sk\/sk\/wp-json\/wp\/v2\/users\/25"}],"replies":[{"embeddable":true,"href":"https:\/\/kinit.sk\/sk\/wp-json\/wp\/v2\/comments?post=31864"}],"version-history":[{"count":2,"href":"https:\/\/kinit.sk\/sk\/wp-json\/wp\/v2\/pages\/31864\/revisions"}],"predecessor-version":[{"id":31866,"href":"https:\/\/kinit.sk\/sk\/wp-json\/wp\/v2\/pages\/31864\/revisions\/31866"}],"up":[{"embeddable":true,"href":"https:\/\/kinit.sk\/sk\/wp-json\/wp\/v2\/pages\/13840"}],"wp:featuredmedia":[{"embeddable":true,"href":"https:\/\/kinit.sk\/sk\/wp-json\/wp\/v2\/media\/5333"}],"wp:attachment":[{"href":"https:\/\/kinit.sk\/sk\/wp-json\/wp\/v2\/media?parent=31864"}],"curies":[{"name":"wp","href":"https:\/\/api.w.org\/{rel}","templated":true}]}}