{"id":29110,"date":"2023-10-18T13:15:44","date_gmt":"2023-10-18T11:15:44","guid":{"rendered":"https:\/\/kinit.sk\/insights-into-artificial-intelligence\/"},"modified":"2023-10-18T13:22:55","modified_gmt":"2023-10-18T11:22:55","slug":"clanky-o-umelej-inteligencii","status":"publish","type":"page","link":"https:\/\/kinit.sk\/sk\/research\/clanky-o-umelej-inteligencii\/","title":{"rendered":"\u010cl\u00e1nky o umelej inteligencii"},"content":{"rendered":"<div id=\"news-blogs\" class=\"element acf-loop squares columns-3\"><section id=\"news-blogs\" class=\"loop old  squares columns-3\" style=\"background-color: #ebf7f9;\" >\n\t<div class=\"wrapper-out\">\n\t\t<div class=\"wrapper-in\">\n\t\t\t<div class=\"in cf\">\n\t\t\t\t<div class=\"element-inner\">\n\t\t\t\t\t\t\t\t\t\t\t\t\t\t\t\t\t\t\t\t<div class=\"loop-wrap loop-Any loop-style1 loop-load_more loop- cf\">\n\t\t\t\t\t\t\t\t\t\t\t\t\t\t\t\t\t\t\t\t\t\t\t\t\t\t\t\t\t\t\t\t\t\t\t\t\t<article id=\"loop-item-16898\" class=\"loop-item\">\n\t\t\t\t\t\t\t\t\t<div class=\"inner cf\">\n\t\t\t\t\t\t\t\t\t\t<a href=\"https:\/\/kinit.sk\/sk\/even-artificial-intelligence-can-make-mistakes\/\">\t\t\t\t\t\t\t\t\t\t\t\t\t\t\t\t\t\t\t\t\t\t\t\t\t\t\t\t\t\t\t\t\t<div class=\"picture\">\n\t\t\t\t\t\t\t\t\t\t\t\t\t<img decoding=\"async\" width=\"320\" height=\"200\" data-src=\"https:\/\/kinit.sk\/wp-content\/uploads\/2022\/05\/artificial-intelligence-fails-AI-320x200.jpg\" class=\"attachment-thumbnail size-thumbnail wp-post-image lazyload\" alt=\"\" src=\"data:image\/svg+xml;base64,PHN2ZyB3aWR0aD0iMSIgaGVpZ2h0PSIxIiB4bWxucz0iaHR0cDovL3d3dy53My5vcmcvMjAwMC9zdmciPjwvc3ZnPg==\" style=\"--smush-placeholder-width: 320px; --smush-placeholder-aspect-ratio: 320\/200;\" \/>\t\t\t\t\t\t\t\t\t\t\t\t<\/div>\n\t\t\t\t\t\t\t\t\t\t\t\t\t\t\t\t\t\t\t\t\t\t\t\t\t\t\t\t\t\t\t<div class=\"content cf\">\n\t\t\t\t\t\t\t\t\t\t\t<div class=\"content-inner\">\n\t\t\t\t\t\t\t\t\t\t\t\t<h3>Aj umel\u00e1 inteligencia sa m\u00f4\u017ee pom\u00fdli\u0165<\/h3>\n                        \t\t\t\t\t\t\t\t\t\t\t\t<div class=\"meta cf\">\n\t\t\t\t\t\t\t\t\t\t\t\t\t\t\t\t\t\t\t\t\t\t\t\t\t\t<div class=\"date\">\n\t\t\t\t\t\t\t\t\t\t\t\t\t\t\t\t\t\t\t\t\t\t\t\t\t\t\t\t\tm\u00e1j 9. 2022\t\t\t\t\t\t\t\t\t\t\t\t\t\t\t\t\t\t\t\t\t\t\t\t\t\t\t<\/div>\n\t\t\t\t\t\t\t\t\t\t\t\t\t\t\t\t\t\t\t\t\t\t\t\t\t<\/div>\n\t\t\t\t\t\t\t\t\t\t\t\t\t\t\t\t\t\t\t\t\t\t\t\t\t<div class=\"excerpt\">Umel\u00e1 inteligencia sa ob\u010das spr\u00e1va inak, ako by bolo o\u010dak\u00e1van\u00e9 \u010di dokonca \u017eiadan\u00e9. Viacer\u00e9 pr\u00edhody zo \u017eivota dokazuj\u00fa, \u017ee nielen \u010dlovek sa m\u00f4\u017ee pom\u00fdli\u0165. Chyby sp\u00f4soben\u00e9 algoritmami umelej inteligencie m\u00f4\u017eu&#8230;<\/div>\n\t\t\t\t\t\t\t\t\t\t\t\t\t\t\t\t\t\t\t\t\t\t\t\t\t\t\t\t\t\t\t\t\t\t\t<\/div>\n\t\t\t\t\t\t\t\t\t\t<\/div>\n\t\t\t\t\t\t\t\t\t\t<\/a>\t\t\t\t\t\t\t\t\t\t\t\t\t\t\t\t\t\t\t\t\t\t\t\t\t\t\t\t\t<\/div>\n\t\t\t\t\t\t\t\t<\/article>\n\t\t\t\t\t\t\t\t\t\t\t\t\t\t\t\t\t\t\t\t\t\t\t\t\t\t\t\t\t\t\t\t\t\t\t\t\t\t\t<article id=\"loop-item-16508\" class=\"loop-item\">\n\t\t\t\t\t\t\t\t\t<div class=\"inner cf\">\n\t\t\t\t\t\t\t\t\t\t<a href=\"https:\/\/kinit.sk\/sk\/our-ai-tools-will-support-the-central-european-fact-checkers\/\">\t\t\t\t\t\t\t\t\t\t\t\t\t\t\t\t\t\t\t\t\t\t\t\t\t\t\t\t\t\t\t\t\t<div class=\"picture\">\n\t\t\t\t\t\t\t\t\t\t\t\t\t<img decoding=\"async\" width=\"320\" height=\"200\" data-src=\"https:\/\/kinit.sk\/wp-content\/uploads\/2022\/04\/kinit-cedmo-fact-checkers-320x200.jpg\" class=\"attachment-thumbnail size-thumbnail wp-post-image lazyload\" alt=\"\" src=\"data:image\/svg+xml;base64,PHN2ZyB3aWR0aD0iMSIgaGVpZ2h0PSIxIiB4bWxucz0iaHR0cDovL3d3dy53My5vcmcvMjAwMC9zdmciPjwvc3ZnPg==\" style=\"--smush-placeholder-width: 320px; --smush-placeholder-aspect-ratio: 320\/200;\" \/>\t\t\t\t\t\t\t\t\t\t\t\t<\/div>\n\t\t\t\t\t\t\t\t\t\t\t\t\t\t\t\t\t\t\t\t\t\t\t\t\t\t\t\t\t\t\t<div class=\"content cf\">\n\t\t\t\t\t\t\t\t\t\t\t<div class=\"content-inner\">\n\t\t\t\t\t\t\t\t\t\t\t\t<h3>Na\u0161e n\u00e1stroje umelej inteligencie bud\u00fa podporova\u0165 stredoeur\u00f3pskych fact-checkerov<\/h3>\n                        \t\t\t\t\t\t\t\t\t\t\t\t<div class=\"meta cf\">\n\t\t\t\t\t\t\t\t\t\t\t\t\t\t\t\t\t\t\t\t\t\t\t\t\t\t<div class=\"date\">\n\t\t\t\t\t\t\t\t\t\t\t\t\t\t\t\t\t\t\t\t\t\t\t\t\t\t\t\t\tapr 25. 2022\t\t\t\t\t\t\t\t\t\t\t\t\t\t\t\t\t\t\t\t\t\t\t\t\t\t\t<\/div>\n\t\t\t\t\t\t\t\t\t\t\t\t\t\t\t\t\t\t\t\t\t\t\t\t\t<\/div>\n\t\t\t\t\t\t\t\t\t\t\t\t\t\t\t\t\t\t\t\t\t\t\t\t\t<div class=\"excerpt\">Vplyv dezinform\u00e1ci\u00ed v strednej Eur\u00f3pe sa po\u010das pand\u00e9mie a po za\u010diatku vojny s Ukrajinou zv\u00fd\u0161il. Je mnoho d\u00f4vodov, pre\u010do tento probl\u00e9m mo\u017eno v s\u00fa\u010dasnosti pova\u017eova\u0165 za urgentn\u00fd. Obsah sa cez&#8230;<\/div>\n\t\t\t\t\t\t\t\t\t\t\t\t\t\t\t\t\t\t\t\t\t\t\t\t\t\t\t\t\t\t\t\t\t\t\t<\/div>\n\t\t\t\t\t\t\t\t\t\t<\/div>\n\t\t\t\t\t\t\t\t\t\t<\/a>\t\t\t\t\t\t\t\t\t\t\t\t\t\t\t\t\t\t\t\t\t\t\t\t\t\t\t\t\t<\/div>\n\t\t\t\t\t\t\t\t<\/article>\n\t\t\t\t\t\t\t\t\t\t\t\t\t\t\t\t\t\t\t\t\t\t\t\t\t\t\t\t\t\t\t\t\t\t\t\t\t\t\t<article id=\"loop-item-17160\" class=\"loop-item\">\n\t\t\t\t\t\t\t\t\t<div class=\"inner cf\">\n\t\t\t\t\t\t\t\t\t\t<a href=\"https:\/\/kinit.sk\/sk\/ako-dokaze-umela-inteligencia-spozorovat-hejt\/\">\t\t\t\t\t\t\t\t\t\t\t\t\t\t\t\t\t\t\t\t\t\t\t\t\t\t\t\t\t\t\t\t\t<div class=\"picture\">\n\t\t\t\t\t\t\t\t\t\t\t\t\t<img decoding=\"async\" width=\"320\" height=\"200\" data-src=\"https:\/\/kinit.sk\/wp-content\/uploads\/2022\/05\/202205_web_news_AI_hejt_web-320x200.jpg\" class=\"attachment-thumbnail size-thumbnail wp-post-image lazyload\" alt=\"\" src=\"data:image\/svg+xml;base64,PHN2ZyB3aWR0aD0iMSIgaGVpZ2h0PSIxIiB4bWxucz0iaHR0cDovL3d3dy53My5vcmcvMjAwMC9zdmciPjwvc3ZnPg==\" style=\"--smush-placeholder-width: 320px; --smush-placeholder-aspect-ratio: 320\/200;\" \/>\t\t\t\t\t\t\t\t\t\t\t\t<\/div>\n\t\t\t\t\t\t\t\t\t\t\t\t\t\t\t\t\t\t\t\t\t\t\t\t\t\t\t\t\t\t\t<div class=\"content cf\">\n\t\t\t\t\t\t\t\t\t\t\t<div class=\"content-inner\">\n\t\t\t\t\t\t\t\t\t\t\t\t<h3>Ako dok\u00e1\u017ee umel\u00e1 inteligencia spozorova\u0165 hejt<\/h3>\n                        \t\t\t\t\t\t\t\t\t\t\t\t<div class=\"meta cf\">\n\t\t\t\t\t\t\t\t\t\t\t\t\t\t\t\t\t\t\t\t\t\t\t\t\t\t<div class=\"date\">\n\t\t\t\t\t\t\t\t\t\t\t\t\t\t\t\t\t\t\t\t\t\t\t\t\t\t\t\t\tm\u00e1j 18. 2022\t\t\t\t\t\t\t\t\t\t\t\t\t\t\t\t\t\t\t\t\t\t\t\t\t\t\t<\/div>\n\t\t\t\t\t\t\t\t\t\t\t\t\t\t\t\t\t\t\t\t\t\t\t\t\t<\/div>\n\t\t\t\t\t\t\t\t\t\t\t\t\t\t\t\t\t\t\t\t\t\t\t\t\t<div class=\"excerpt\">Hejt nie je len obsah, ktor\u00fd negat\u00edvne vpl\u00fdva na atmosf\u00e9ru na soci\u00e1lnych sie\u0165ach. Ke\u010f\u017ee je namieren\u00fd proti ist\u00fdm skupin\u00e1m obyvate\u013estva, p\u00f4sob\u00ed zra\u0148uj\u00faco a prispieva k polariz\u00e1cii spolo\u010dnosti. V krajn\u00fdch pr\u00edpadoch&#8230;<\/div>\n\t\t\t\t\t\t\t\t\t\t\t\t\t\t\t\t\t\t\t\t\t\t\t\t\t\t\t\t\t\t\t\t\t\t\t<\/div>\n\t\t\t\t\t\t\t\t\t\t<\/div>\n\t\t\t\t\t\t\t\t\t\t<\/a>\t\t\t\t\t\t\t\t\t\t\t\t\t\t\t\t\t\t\t\t\t\t\t\t\t\t\t\t\t<\/div>\n\t\t\t\t\t\t\t\t<\/article>\n\t\t\t\t\t\t\t\t\t\t\t\t\t\t\t\t\t\t\t\t\t\t\t\t\t\t\t\t\t\t\t\t\t\t\t\t\t\t\t<article id=\"loop-item-22748\" class=\"loop-item\">\n\t\t\t\t\t\t\t\t\t<div class=\"inner cf\">\n\t\t\t\t\t\t\t\t\t\t<a href=\"https:\/\/kinit.sk\/sk\/multimodalne-spracovanie\/\">\t\t\t\t\t\t\t\t\t\t\t\t\t\t\t\t\t\t\t\t\t\t\t\t\t\t\t\t\t\t\t\t\t<div class=\"picture\">\n\t\t\t\t\t\t\t\t\t\t\t\t\t<img decoding=\"async\" width=\"320\" height=\"200\" data-src=\"https:\/\/kinit.sk\/wp-content\/uploads\/2022\/11\/202209_web_news_multimodal_processing_Feature-320x200.jpg\" class=\"attachment-thumbnail size-thumbnail wp-post-image lazyload\" alt=\"\" src=\"data:image\/svg+xml;base64,PHN2ZyB3aWR0aD0iMSIgaGVpZ2h0PSIxIiB4bWxucz0iaHR0cDovL3d3dy53My5vcmcvMjAwMC9zdmciPjwvc3ZnPg==\" style=\"--smush-placeholder-width: 320px; --smush-placeholder-aspect-ratio: 320\/200;\" \/>\t\t\t\t\t\t\t\t\t\t\t\t<\/div>\n\t\t\t\t\t\t\t\t\t\t\t\t\t\t\t\t\t\t\t\t\t\t\t\t\t\t\t\t\t\t\t<div class=\"content cf\">\n\t\t\t\t\t\t\t\t\t\t\t<div class=\"content-inner\">\n\t\t\t\t\t\t\t\t\t\t\t\t<h3>Multimod\u00e1lne spracovanie: Dok\u00e1\u017ee sa umel\u00e1 inteligencia nau\u010di\u0165 v\u00fdznam a vz\u0165ahy medzi viacer\u00fdmi r\u00f4znymi modalitami?<\/h3>\n                        \t\t\t\t\t\t\t\t\t\t\t\t<div class=\"meta cf\">\n\t\t\t\t\t\t\t\t\t\t\t\t\t\t\t\t\t\t\t\t\t\t\t\t\t\t<div class=\"date\">\n\t\t\t\t\t\t\t\t\t\t\t\t\t\t\t\t\t\t\t\t\t\t\t\t\t\t\t\t\tnov 7. 2022\t\t\t\t\t\t\t\t\t\t\t\t\t\t\t\t\t\t\t\t\t\t\t\t\t\t\t<\/div>\n\t\t\t\t\t\t\t\t\t\t\t\t\t\t\t\t\t\t\t\t\t\t\t\t\t<\/div>\n\t\t\t\t\t\t\t\t\t\t\t\t\t\t\t\t\t\t\t\t\t\t\t\t\t<div class=\"excerpt\">Umel\u00e1 inteligencia sa v posledn\u00fdch rokoch stala hor\u00facou t\u00e9mou v mnoh\u00fdch odvetviach, ke\u010f\u017ee jej vyu\u017eitie ka\u017ed\u00fdm d\u0148om rastie. Aj ke\u010f m\u00e1me \u010faleko od v\u0161eobecnej umelej inteligencie, ktor\u00e1 by bola na&#8230;<\/div>\n\t\t\t\t\t\t\t\t\t\t\t\t\t\t\t\t\t\t\t\t\t\t\t\t\t\t\t\t\t\t\t\t\t\t\t<\/div>\n\t\t\t\t\t\t\t\t\t\t<\/div>\n\t\t\t\t\t\t\t\t\t\t<\/a>\t\t\t\t\t\t\t\t\t\t\t\t\t\t\t\t\t\t\t\t\t\t\t\t\t\t\t\t\t<\/div>\n\t\t\t\t\t\t\t\t<\/article>\n\t\t\t\t\t\t\t\t\t\t\t\t\t\t\t\t\t\t\t\t\t\t\t\t\t\t\t\t\t\t\t\t\t\t\t\t\t\t\t<article id=\"loop-item-27245\" class=\"loop-item\">\n\t\t\t\t\t\t\t\t\t<div class=\"inner cf\">\n\t\t\t\t\t\t\t\t\t\t<a href=\"https:\/\/kinit.sk\/sk\/umela-inteligencia-a-interdisciplinarita\/\">\t\t\t\t\t\t\t\t\t\t\t\t\t\t\t\t\t\t\t\t\t\t\t\t\t\t\t\t\t\t\t\t\t<div class=\"picture\">\n\t\t\t\t\t\t\t\t\t\t\t\t\t<img decoding=\"async\" width=\"320\" height=\"200\" data-src=\"https:\/\/kinit.sk\/wp-content\/uploads\/2023\/06\/202306_web_news_ETH_interdicsiplinarity_Feature-320x200.png\" class=\"attachment-thumbnail size-thumbnail wp-post-image lazyload\" alt=\"\" src=\"data:image\/svg+xml;base64,PHN2ZyB3aWR0aD0iMSIgaGVpZ2h0PSIxIiB4bWxucz0iaHR0cDovL3d3dy53My5vcmcvMjAwMC9zdmciPjwvc3ZnPg==\" style=\"--smush-placeholder-width: 320px; --smush-placeholder-aspect-ratio: 320\/200;\" \/>\t\t\t\t\t\t\t\t\t\t\t\t<\/div>\n\t\t\t\t\t\t\t\t\t\t\t\t\t\t\t\t\t\t\t\t\t\t\t\t\t\t\t\t\t\t\t<div class=\"content cf\">\n\t\t\t\t\t\t\t\t\t\t\t<div class=\"content-inner\">\n\t\t\t\t\t\t\t\t\t\t\t\t<h3>Umel\u00e1 inteligencia a interdisciplinarita<\/h3>\n                        \t\t\t\t\t\t\t\t\t\t\t\t<div class=\"meta cf\">\n\t\t\t\t\t\t\t\t\t\t\t\t\t\t\t\t\t\t\t\t\t\t\t\t\t\t<div class=\"date\">\n\t\t\t\t\t\t\t\t\t\t\t\t\t\t\t\t\t\t\t\t\t\t\t\t\t\t\t\t\tj\u00fan 21. 2023\t\t\t\t\t\t\t\t\t\t\t\t\t\t\t\t\t\t\t\t\t\t\t\t\t\t\t<\/div>\n\t\t\t\t\t\t\t\t\t\t\t\t\t\t\t\t\t\t\t\t\t\t\t\t\t<\/div>\n\t\t\t\t\t\t\t\t\t\t\t\t\t\t\t\t\t\t\t\t\t\t\t\t\t<div class=\"excerpt\">O umelej inteligencii (AI) po\u010dujeme v t\u00fdchto d\u0148och ve\u013ea. Inform\u00e1cie o tom, \u010do syst\u00e9my AI dnes dok\u00e1\u017eu n\u00e1s na jednej strane neprest\u00e1vaj\u00fa udivova\u0165. Z\u00e1rove\u0148 rast\u00fa obavy z toho, kam n\u00e1s&#8230;<\/div>\n\t\t\t\t\t\t\t\t\t\t\t\t\t\t\t\t\t\t\t\t\t\t\t\t\t\t\t\t\t\t\t\t\t\t\t<\/div>\n\t\t\t\t\t\t\t\t\t\t<\/div>\n\t\t\t\t\t\t\t\t\t\t<\/a>\t\t\t\t\t\t\t\t\t\t\t\t\t\t\t\t\t\t\t\t\t\t\t\t\t\t\t\t\t<\/div>\n\t\t\t\t\t\t\t\t<\/article>\n\t\t\t\t\t\t\t\t\t\t\t\t\t\t\t\t\t\t\t\t\t\t\t\t\t\t\t\t\t\t\t\t\t\t\t\t\t\t\t<article id=\"loop-item-25501\" class=\"loop-item\">\n\t\t\t\t\t\t\t\t\t<div class=\"inner cf\">\n\t\t\t\t\t\t\t\t\t\t<a href=\"https:\/\/kinit.sk\/sk\/projekt\/qvire-cultural-ai-detecting-relevant-marks-from-scans-of-medieval-manuscripts-for-their-further-analysis\/\">\t\t\t\t\t\t\t\t\t\t\t\t\t\t\t\t\t\t\t\t\t\t\t\t\t\t\t\t\t\t\t\t\t<div class=\"picture\">\n\t\t\t\t\t\t\t\t\t\t\t\t\t<img decoding=\"async\" width=\"320\" height=\"200\" data-src=\"https:\/\/kinit.sk\/wp-content\/uploads\/2023\/03\/202302_project_QVIRE_feature-320x200.png\" class=\"attachment-thumbnail size-thumbnail wp-post-image lazyload\" alt=\"\" src=\"data:image\/svg+xml;base64,PHN2ZyB3aWR0aD0iMSIgaGVpZ2h0PSIxIiB4bWxucz0iaHR0cDovL3d3dy53My5vcmcvMjAwMC9zdmciPjwvc3ZnPg==\" style=\"--smush-placeholder-width: 320px; --smush-placeholder-aspect-ratio: 320\/200;\" \/>\t\t\t\t\t\t\t\t\t\t\t\t<\/div>\n\t\t\t\t\t\t\t\t\t\t\t\t\t\t\t\t\t\t\t\t\t\t\t\t\t\t\t\t\t\t\t<div class=\"content cf\">\n\t\t\t\t\t\t\t\t\t\t\t<div class=\"content-inner\">\n\t\t\t\t\t\t\t\t\t\t\t\t<h3>QVIRE (Cultural AI): Detecting quire marks from digital facsimiles of medieval manuscripts for their further analysis<\/h3>\n                        \t\t\t\t\t\t\t\t\t\t\t\t<div class=\"meta cf\">\n\t\t\t\t\t\t\t\t\t\t\t\t\t\t\t\t\t\t\t\t\t\t\t\t\t\t<div class=\"date\">\n\t\t\t\t\t\t\t\t\t\t\t\t\t\t\t\t\t\t\t\t\t\t\t\t\t\t\t\t\tmar 2. 2023\t\t\t\t\t\t\t\t\t\t\t\t\t\t\t\t\t\t\t\t\t\t\t\t\t\t\t<\/div>\n\t\t\t\t\t\t\t\t\t\t\t\t\t\t\t\t\t\t\t\t\t\t\t\t\t<\/div>\n\t\t\t\t\t\t\t\t\t\t\t\t\t\t\t\t\t\t\t\t\t\t\t\t\t<div class=\"excerpt\">At KInIT, we strive for excellence and multidisciplinarity and the QVIRE project contributes to this goal. QVIRE is a multidisciplinary collaboration with historians where we bring historical documents to life&#8230;<\/div>\n\t\t\t\t\t\t\t\t\t\t\t\t\t\t\t\t\t\t\t\t\t\t\t\t\t\t\t\t\t\t\t\t\t\t\t<\/div>\n\t\t\t\t\t\t\t\t\t\t<\/div>\n\t\t\t\t\t\t\t\t\t\t<\/a>\t\t\t\t\t\t\t\t\t\t\t\t\t\t\t\t\t\t\t\t\t\t\t\t\t\t\t\t\t<\/div>\n\t\t\t\t\t\t\t\t<\/article>\n\t\t\t\t\t\t\t\t\t\t\t\t\t\t\t\t\t\t\t\t\t\t\t\t\t\t\t\t\t\t\t\t\t\t\t\t\t\t\t<article id=\"loop-item-23281\" class=\"loop-item\">\n\t\t\t\t\t\t\t\t\t<div class=\"inner cf\">\n\t\t\t\t\t\t\t\t\t\t<a href=\"https:\/\/kinit.sk\/sk\/projekt\/societal-biases-in-slovak-ai-gender-biases\/\">\t\t\t\t\t\t\t\t\t\t\t\t\t\t\t\t\t\t\t\t\t\t\t\t\t\t\t\t\t\t\t\t\t<div class=\"picture\">\n\t\t\t\t\t\t\t\t\t\t\t\t\t<img decoding=\"async\" width=\"320\" height=\"200\" data-src=\"https:\/\/kinit.sk\/wp-content\/uploads\/2022\/11\/202211_web_project_USEG_BISK_Feature-320x200.png\" class=\"attachment-thumbnail size-thumbnail wp-post-image lazyload\" alt=\"\" src=\"data:image\/svg+xml;base64,PHN2ZyB3aWR0aD0iMSIgaGVpZ2h0PSIxIiB4bWxucz0iaHR0cDovL3d3dy53My5vcmcvMjAwMC9zdmciPjwvc3ZnPg==\" style=\"--smush-placeholder-width: 320px; --smush-placeholder-aspect-ratio: 320\/200;\" \/>\t\t\t\t\t\t\t\t\t\t\t\t<\/div>\n\t\t\t\t\t\t\t\t\t\t\t\t\t\t\t\t\t\t\t\t\t\t\t\t\t\t\t\t\t\t\t<div class=\"content cf\">\n\t\t\t\t\t\t\t\t\t\t\t<div class=\"content-inner\">\n\t\t\t\t\t\t\t\t\t\t\t\t<h3>Spolo\u010densk\u00e9 predsudky v slovenskej umelej inteligencii: rodov\u00e9 predsudky<\/h3>\n                        \t\t\t\t\t\t\t\t\t\t\t\t<div class=\"meta cf\">\n\t\t\t\t\t\t\t\t\t\t\t\t\t\t\t\t\t\t\t\t\t\t\t\t\t\t<div class=\"date\">\n\t\t\t\t\t\t\t\t\t\t\t\t\t\t\t\t\t\t\t\t\t\t\t\t\t\t\t\t\tnov 28. 2022\t\t\t\t\t\t\t\t\t\t\t\t\t\t\t\t\t\t\t\t\t\t\t\t\t\t\t<\/div>\n\t\t\t\t\t\t\t\t\t\t\t\t\t\t\t\t\t\t\t\t\t\t\t\t\t<\/div>\n\t\t\t\t\t\t\t\t\t\t\t\t\t\t\t\t\t\t\t\t\t\t\t\t\t<div class=\"excerpt\">Ak sa syst\u00e9my umelej inteligencie nepou\u017e\u00edvaj\u00fa spr\u00e1vne, m\u00f4\u017ee nasta\u0165 situ\u00e1cia, \u017ee sa tieto syst\u00e9my spr\u00e1vaj\u00fa vo\u010di ur\u010dit\u00fdm \u013eu\u010fom diskrimina\u010dne alebo netolerantne. O zaujatosti modelov umelej inteligencie pracuj\u00facich so sloven\u010dinou vsak&#8230;<\/div>\n\t\t\t\t\t\t\t\t\t\t\t\t\t\t\t\t\t\t\t\t\t\t\t\t\t\t\t\t\t\t\t\t\t\t\t<\/div>\n\t\t\t\t\t\t\t\t\t\t<\/div>\n\t\t\t\t\t\t\t\t\t\t<\/a>\t\t\t\t\t\t\t\t\t\t\t\t\t\t\t\t\t\t\t\t\t\t\t\t\t\t\t\t\t<\/div>\n\t\t\t\t\t\t\t\t<\/article>\n\t\t\t\t\t\t\t\t\t\t\t\t\t\t\t\t\t\t\t\t\t\t\t\t\t\t\t\t\t\t\t\t<\/div>\n\t\t\t\t\t\t\t\t\t\t\n\t\t\t\t<\/div>\n\t\t\t<\/div>\n\t\t<\/div>\n\t<\/div>\n<\/section>\n<\/div>","protected":false},"excerpt":{"rendered":"","protected":false},"author":26,"featured_media":0,"parent":8303,"menu_order":0,"comment_status":"closed","ping_status":"closed","template":"","meta":{"_acf_changed":false,"footnotes":""},"class_list":["post-29110","page","type-page","status-publish","hentry"],"acf":[],"yoast_head":"<!-- This site is optimized with the Yoast SEO plugin v27.4 - https:\/\/yoast.com\/product\/yoast-seo-wordpress\/ -->\n<title>\u010cl\u00e1nky o umelej inteligencii - KInIT<\/title>\n<meta name=\"description\" content=\"\u010cl\u00e1nky o umelej inteligencii\" \/>\n<meta name=\"robots\" content=\"index, follow, max-snippet:-1, max-image-preview:large, max-video-preview:-1\" \/>\n<link rel=\"canonical\" href=\"https:\/\/kinit.sk\/sk\/research\/clanky-o-umelej-inteligencii\/\" \/>\n<meta property=\"og:locale\" content=\"sk_SK\" \/>\n<meta property=\"og:type\" content=\"article\" \/>\n<meta property=\"og:title\" content=\"\u010cl\u00e1nky o umelej inteligencii - KInIT\" \/>\n<meta property=\"og:description\" content=\"\u010cl\u00e1nky o umelej inteligencii\" \/>\n<meta property=\"og:url\" content=\"https:\/\/kinit.sk\/sk\/research\/clanky-o-umelej-inteligencii\/\" \/>\n<meta property=\"og:site_name\" content=\"KInIT\" \/>\n<meta property=\"article:modified_time\" content=\"2023-10-18T11:22:55+00:00\" \/>\n<meta property=\"og:image\" content=\"https:\/\/kinit.sk\/wp-content\/uploads\/2021\/03\/KINIT_Sharepic.png\" \/>\n\t<meta property=\"og:image:width\" content=\"1200\" \/>\n\t<meta property=\"og:image:height\" content=\"628\" \/>\n\t<meta property=\"og:image:type\" content=\"image\/png\" \/>\n<meta name=\"twitter:card\" content=\"summary_large_image\" \/>\n<meta name=\"twitter:site\" content=\"@kinit\" \/>\n<script type=\"application\/ld+json\" class=\"yoast-schema-graph\">{\"@context\":\"https:\\\/\\\/schema.org\",\"@graph\":[{\"@type\":\"WebPage\",\"@id\":\"https:\\\/\\\/kinit.sk\\\/sk\\\/research\\\/clanky-o-umelej-inteligencii\\\/\",\"url\":\"https:\\\/\\\/kinit.sk\\\/sk\\\/research\\\/clanky-o-umelej-inteligencii\\\/\",\"name\":\"\u010cl\u00e1nky o umelej inteligencii - KInIT\",\"isPartOf\":{\"@id\":\"https:\\\/\\\/kinit.sk\\\/#website\"},\"datePublished\":\"2023-10-18T11:15:44+00:00\",\"dateModified\":\"2023-10-18T11:22:55+00:00\",\"description\":\"\u010cl\u00e1nky o umelej inteligencii\",\"breadcrumb\":{\"@id\":\"https:\\\/\\\/kinit.sk\\\/sk\\\/research\\\/clanky-o-umelej-inteligencii\\\/#breadcrumb\"},\"inLanguage\":\"sk-SK\",\"potentialAction\":[{\"@type\":\"ReadAction\",\"target\":[\"https:\\\/\\\/kinit.sk\\\/sk\\\/research\\\/clanky-o-umelej-inteligencii\\\/\"]}]},{\"@type\":\"BreadcrumbList\",\"@id\":\"https:\\\/\\\/kinit.sk\\\/sk\\\/research\\\/clanky-o-umelej-inteligencii\\\/#breadcrumb\",\"itemListElement\":[{\"@type\":\"ListItem\",\"position\":1,\"name\":\"Home\",\"item\":\"https:\\\/\\\/kinit.sk\\\/sk\\\/\"},{\"@type\":\"ListItem\",\"position\":2,\"name\":\"V\u00fdskum\",\"item\":\"https:\\\/\\\/kinit.sk\\\/sk\\\/research\\\/\"},{\"@type\":\"ListItem\",\"position\":3,\"name\":\"\u010cl\u00e1nky o umelej inteligencii\"}]},{\"@type\":\"WebSite\",\"@id\":\"https:\\\/\\\/kinit.sk\\\/#website\",\"url\":\"https:\\\/\\\/kinit.sk\\\/\",\"name\":\"KInIT\",\"description\":\"Vyu\u017e\u00edvame v\u00fdskum pre \u013eud\u00ed a priemysel\",\"potentialAction\":[{\"@type\":\"SearchAction\",\"target\":{\"@type\":\"EntryPoint\",\"urlTemplate\":\"https:\\\/\\\/kinit.sk\\\/?s={search_term_string}\"},\"query-input\":{\"@type\":\"PropertyValueSpecification\",\"valueRequired\":true,\"valueName\":\"search_term_string\"}}],\"inLanguage\":\"sk-SK\"}]}<\/script>\n<!-- \/ Yoast SEO plugin. -->","yoast_head_json":{"title":"\u010cl\u00e1nky o umelej inteligencii - KInIT","description":"\u010cl\u00e1nky o umelej inteligencii","robots":{"index":"index","follow":"follow","max-snippet":"max-snippet:-1","max-image-preview":"max-image-preview:large","max-video-preview":"max-video-preview:-1"},"canonical":"https:\/\/kinit.sk\/sk\/research\/clanky-o-umelej-inteligencii\/","og_locale":"sk_SK","og_type":"article","og_title":"\u010cl\u00e1nky o umelej inteligencii - KInIT","og_description":"\u010cl\u00e1nky o umelej inteligencii","og_url":"https:\/\/kinit.sk\/sk\/research\/clanky-o-umelej-inteligencii\/","og_site_name":"KInIT","article_modified_time":"2023-10-18T11:22:55+00:00","og_image":[{"width":1200,"height":628,"url":"https:\/\/kinit.sk\/wp-content\/uploads\/2021\/03\/KINIT_Sharepic.png","type":"image\/png"}],"twitter_card":"summary_large_image","twitter_site":"@kinit","schema":{"@context":"https:\/\/schema.org","@graph":[{"@type":"WebPage","@id":"https:\/\/kinit.sk\/sk\/research\/clanky-o-umelej-inteligencii\/","url":"https:\/\/kinit.sk\/sk\/research\/clanky-o-umelej-inteligencii\/","name":"\u010cl\u00e1nky o umelej inteligencii - KInIT","isPartOf":{"@id":"https:\/\/kinit.sk\/#website"},"datePublished":"2023-10-18T11:15:44+00:00","dateModified":"2023-10-18T11:22:55+00:00","description":"\u010cl\u00e1nky o umelej inteligencii","breadcrumb":{"@id":"https:\/\/kinit.sk\/sk\/research\/clanky-o-umelej-inteligencii\/#breadcrumb"},"inLanguage":"sk-SK","potentialAction":[{"@type":"ReadAction","target":["https:\/\/kinit.sk\/sk\/research\/clanky-o-umelej-inteligencii\/"]}]},{"@type":"BreadcrumbList","@id":"https:\/\/kinit.sk\/sk\/research\/clanky-o-umelej-inteligencii\/#breadcrumb","itemListElement":[{"@type":"ListItem","position":1,"name":"Home","item":"https:\/\/kinit.sk\/sk\/"},{"@type":"ListItem","position":2,"name":"V\u00fdskum","item":"https:\/\/kinit.sk\/sk\/research\/"},{"@type":"ListItem","position":3,"name":"\u010cl\u00e1nky o umelej inteligencii"}]},{"@type":"WebSite","@id":"https:\/\/kinit.sk\/#website","url":"https:\/\/kinit.sk\/","name":"KInIT","description":"Vyu\u017e\u00edvame v\u00fdskum pre \u013eud\u00ed a priemysel","potentialAction":[{"@type":"SearchAction","target":{"@type":"EntryPoint","urlTemplate":"https:\/\/kinit.sk\/?s={search_term_string}"},"query-input":{"@type":"PropertyValueSpecification","valueRequired":true,"valueName":"search_term_string"}}],"inLanguage":"sk-SK"}]}},"_links":{"self":[{"href":"https:\/\/kinit.sk\/sk\/wp-json\/wp\/v2\/pages\/29110","targetHints":{"allow":["GET"]}}],"collection":[{"href":"https:\/\/kinit.sk\/sk\/wp-json\/wp\/v2\/pages"}],"about":[{"href":"https:\/\/kinit.sk\/sk\/wp-json\/wp\/v2\/types\/page"}],"author":[{"embeddable":true,"href":"https:\/\/kinit.sk\/sk\/wp-json\/wp\/v2\/users\/26"}],"replies":[{"embeddable":true,"href":"https:\/\/kinit.sk\/sk\/wp-json\/wp\/v2\/comments?post=29110"}],"version-history":[{"count":6,"href":"https:\/\/kinit.sk\/sk\/wp-json\/wp\/v2\/pages\/29110\/revisions"}],"predecessor-version":[{"id":29121,"href":"https:\/\/kinit.sk\/sk\/wp-json\/wp\/v2\/pages\/29110\/revisions\/29121"}],"up":[{"embeddable":true,"href":"https:\/\/kinit.sk\/sk\/wp-json\/wp\/v2\/pages\/8303"}],"wp:attachment":[{"href":"https:\/\/kinit.sk\/sk\/wp-json\/wp\/v2\/media?parent=29110"}],"curies":[{"name":"wp","href":"https:\/\/api.w.org\/{rel}","templated":true}]}}