{"id":26912,"date":"2023-05-23T14:30:39","date_gmt":"2023-05-23T12:30:39","guid":{"rendered":"https:\/\/kinit.sk\/research\/security-recommendations\/"},"modified":"2023-05-23T14:56:58","modified_gmt":"2023-05-23T12:56:58","slug":"bezpecnostne-odporucania","status":"publish","type":"page","link":"https:\/\/kinit.sk\/sk\/research\/bezpecnostne-odporucania\/","title":{"rendered":"Bezpe\u010dnostn\u00e9 odpor\u00fa\u010dania"},"content":{"rendered":"<div id=\"news-blogs\" class=\"element acf-loop squares columns-3\"><section id=\"news-blogs\" class=\"loop old  squares columns-3\" style=\"background-color: #ebf7f9;\" >\n\t<div class=\"wrapper-out\">\n\t\t<div class=\"wrapper-in\">\n\t\t\t<div class=\"in cf\">\n\t\t\t\t<div class=\"element-inner\">\n\t\t\t\t\t<div class=\"headline\"><h2>Bezpe\u010dnostn\u00e9 odpor\u00fa\u010dania pre va\u0161u pr\u00e1cu<\/h2><\/div>\t\t\t\t\t\t\t\t\t\t<div class=\"description\"><p>Zlep\u0161enie kybernetickej bezpe\u010dnosti zamestnancov je pre n\u00e1s prioritou, preto sme sa rozhodli vytvori\u0165 s\u00e9riu \u010dl\u00e1nkov zameran\u00fdch na bezpe\u010dnostn\u00e9 odpor\u00fa\u010dania. Tieto \u010dl\u00e1nky poskytuj\u00fa r\u00f4zne poh\u013eady na problematiku kybernetickej bezpe\u010dnosti.Jednotliv\u00e9 \u010dl\u00e1nky m\u00f4\u017eete \u010d\u00edta\u0165 v \u013eubovo\u013enom porad\u00ed, spolo\u010dne poskytuj\u00fa ucelen\u00fd preh\u013ead oblasti bezpe\u010dnosti.\r\n\r\nVz\u0165ahuj\u00fa sa tieto odpor\u00fa\u010dania len na zariadenia a \u00fa\u010dty vyu\u017e\u00edvan\u00e9 v pr\u00e1ci? V\u00f4bec nie. Zaveden\u00edm na\u0161ich odpor\u00fa\u010dan\u00fdch postupov na v\u0161etky va\u0161e zariadenia a \u00fa\u010dty m\u00f4\u017eete v\u00fdrazne posilni\u0165 svoju online bezpe\u010dnos\u0165, z profesion\u00e1lneho aj s\u00fakromn\u00e9ho h\u013eadiska. Aj ke\u010f dodr\u017eiavanie na\u0161ich odpor\u00fa\u010dan\u00ed nie je nutn\u00e9, mali by ste zv\u00e1\u017ei\u0165 ich uplatnenie na v\u0161etk\u00fdch zariadeniach, ktor\u00e9 pou\u017e\u00edvate na pr\u00edstup k firemn\u00fdm \u00fa\u010dtom a \u00fadajom.\r\n\r\nKritick\u00e9 myslenie je k\u013e\u00fa\u010dov\u00e9. Ak m\u00e1te pochybnosti o mo\u017en\u00fdch n\u00e1sledkoch nejakej \u010dinnosti, najlep\u0161ie je odlo\u017ei\u0165 t\u00fato \u010dinnos\u0165 na nesk\u00f4r a po\u017eiada\u0165 o radu kolegu, ktor\u00fd sa zaober\u00e1 kyberbezpe\u010dnos\u0165ou.<\/p><\/div>\t\t\t\t\t<div class=\"loop-wrap loop-Any loop-style1 loop-load_more loop- cf\">\n\t\t\t\t\t\t\t\t\t\t\t\t\t\t\t\t\t\t\t\t\t\t\t\t\t\t\t\t\t\t\t\t\t\t\t\t\t<article id=\"loop-item-26413\" class=\"loop-item\">\n\t\t\t\t\t\t\t\t\t<div class=\"inner cf\">\n\t\t\t\t\t\t\t\t\t\t<a href=\"https:\/\/kinit.sk\/sk\/prva-cast-zasady-pouzivania-hesiel-a-uctov\/\">\t\t\t\t\t\t\t\t\t\t\t\t\t\t\t\t\t\t\t\t\t\t\t\t\t\t\t\t\t\t\t\t\t<div class=\"picture\">\n\t\t\t\t\t\t\t\t\t\t\t\t\t<img decoding=\"async\" width=\"320\" height=\"200\" data-src=\"https:\/\/kinit.sk\/wp-content\/uploads\/2023\/04\/202302_social_recommendations_part_1_feature-scaled-320x200.png\" class=\"attachment-thumbnail size-thumbnail wp-post-image lazyload\" alt=\"\" src=\"data:image\/svg+xml;base64,PHN2ZyB3aWR0aD0iMSIgaGVpZ2h0PSIxIiB4bWxucz0iaHR0cDovL3d3dy53My5vcmcvMjAwMC9zdmciPjwvc3ZnPg==\" style=\"--smush-placeholder-width: 320px; --smush-placeholder-aspect-ratio: 320\/200;\" \/>\t\t\t\t\t\t\t\t\t\t\t\t<\/div>\n\t\t\t\t\t\t\t\t\t\t\t\t\t\t\t\t\t\t\t\t\t\t\t\t\t\t\t\t\t\t\t<div class=\"content cf\">\n\t\t\t\t\t\t\t\t\t\t\t<div class=\"content-inner\">\n\t\t\t\t\t\t\t\t\t\t\t\t<h3>Bezpe\u010dnostn\u00e9 odpor\u00fa\u010dania: Z\u00e1sady pou\u017e\u00edvania hesiel a \u00fa\u010dtov<\/h3>\n                        \t\t\t\t\t\t\t\t\t\t\t\t<div class=\"meta cf\">\n\t\t\t\t\t\t\t\t\t\t\t\t\t\t\t\t\t\t\t\t\t\t\t\t\t\t<div class=\"date\">\n\t\t\t\t\t\t\t\t\t\t\t\t\t\t\t\t\t\t\t\t\t\t\t\t\t\t\t\t\tapr 25. 2023\t\t\t\t\t\t\t\t\t\t\t\t\t\t\t\t\t\t\t\t\t\t\t\t\t\t\t<\/div>\n\t\t\t\t\t\t\t\t\t\t\t\t\t\t\t\t\t\t\t\t\t\t\t\t\t<\/div>\n\t\t\t\t\t\t\t\t\t\t\t\t\t\t\t\t\t\t\t\t\t\t\t\t\t<div class=\"excerpt\">Kontrola pr\u00edstupu k citliv\u00fdm inform\u00e1ci\u00e1m je k\u013e\u00fa\u010dov\u00fdm opatren\u00edm pri ochrane s\u00fakromia a know-how spolo\u010dnosti. Pr\u00e1ve preto sa v prvej \u010dasti na\u0161ej s\u00e9rie bezpe\u010dnostn\u00fdch odpor\u00fa\u010dan\u00ed budeme zaobera\u0165 z\u00e1kladn\u00fdmi formami kontroly pr\u00edstupu&#8230;<\/div>\n\t\t\t\t\t\t\t\t\t\t\t\t\t\t\t\t\t\t\t\t\t\t\t\t\t\t\t\t\t\t\t\t\t\t\t<\/div>\n\t\t\t\t\t\t\t\t\t\t<\/div>\n\t\t\t\t\t\t\t\t\t\t<\/a>\t\t\t\t\t\t\t\t\t\t\t\t\t\t\t\t\t\t\t\t\t\t\t\t\t\t\t\t\t<\/div>\n\t\t\t\t\t\t\t\t<\/article>\n\t\t\t\t\t\t\t\t\t\t\t\t\t\t\t\t\t\t\t\t\t\t\t\t\t\t\t\t\t\t\t\t\t\t\t\t\t\t\t<article id=\"loop-item-26449\" class=\"loop-item\">\n\t\t\t\t\t\t\t\t\t<div class=\"inner cf\">\n\t\t\t\t\t\t\t\t\t\t<a href=\"https:\/\/kinit.sk\/sk\/druha-cast-fyzicka-bezpecnost\/\">\t\t\t\t\t\t\t\t\t\t\t\t\t\t\t\t\t\t\t\t\t\t\t\t\t\t\t\t\t\t\t\t\t<div class=\"picture\">\n\t\t\t\t\t\t\t\t\t\t\t\t\t<img decoding=\"async\" width=\"320\" height=\"200\" data-src=\"https:\/\/kinit.sk\/wp-content\/uploads\/2023\/04\/202302_social_recommendations_part_2_feature-scaled-320x200.png\" class=\"attachment-thumbnail size-thumbnail wp-post-image lazyload\" alt=\"\" src=\"data:image\/svg+xml;base64,PHN2ZyB3aWR0aD0iMSIgaGVpZ2h0PSIxIiB4bWxucz0iaHR0cDovL3d3dy53My5vcmcvMjAwMC9zdmciPjwvc3ZnPg==\" style=\"--smush-placeholder-width: 320px; --smush-placeholder-aspect-ratio: 320\/200;\" \/>\t\t\t\t\t\t\t\t\t\t\t\t<\/div>\n\t\t\t\t\t\t\t\t\t\t\t\t\t\t\t\t\t\t\t\t\t\t\t\t\t\t\t\t\t\t\t<div class=\"content cf\">\n\t\t\t\t\t\t\t\t\t\t\t<div class=\"content-inner\">\n\t\t\t\t\t\t\t\t\t\t\t\t<h3>Bezpe\u010dnostn\u00e9 odpor\u00fa\u010dania: Fyzick\u00e1 bezpe\u010dnos\u0165<\/h3>\n                        \t\t\t\t\t\t\t\t\t\t\t\t<div class=\"meta cf\">\n\t\t\t\t\t\t\t\t\t\t\t\t\t\t\t\t\t\t\t\t\t\t\t\t\t\t<div class=\"date\">\n\t\t\t\t\t\t\t\t\t\t\t\t\t\t\t\t\t\t\t\t\t\t\t\t\t\t\t\t\tapr 25. 2023\t\t\t\t\t\t\t\t\t\t\t\t\t\t\t\t\t\t\t\t\t\t\t\t\t\t\t<\/div>\n\t\t\t\t\t\t\t\t\t\t\t\t\t\t\t\t\t\t\t\t\t\t\t\t\t<\/div>\n\t\t\t\t\t\t\t\t\t\t\t\t\t\t\t\t\t\t\t\t\t\t\t\t\t<div class=\"excerpt\">V druhej \u010dasti na\u0161ej s\u00e9rie Bezpe\u010dnostn\u00e9 odpor\u00fa\u010dania sa venujeme fyzick\u00fdm hrozb\u00e1m. Pre\u010do by sme sa mali zauj\u00edma\u0165 o fyzick\u00fa bezpe\u010dnos\u0165? Na ochranu pred hrozbami na internete m\u00f4\u017eete dodr\u017eiava\u0165 rozli\u010dn\u00e9 bezpe\u010dnostn\u00e9&#8230;<\/div>\n\t\t\t\t\t\t\t\t\t\t\t\t\t\t\t\t\t\t\t\t\t\t\t\t\t\t\t\t\t\t\t\t\t\t\t<\/div>\n\t\t\t\t\t\t\t\t\t\t<\/div>\n\t\t\t\t\t\t\t\t\t\t<\/a>\t\t\t\t\t\t\t\t\t\t\t\t\t\t\t\t\t\t\t\t\t\t\t\t\t\t\t\t\t<\/div>\n\t\t\t\t\t\t\t\t<\/article>\n\t\t\t\t\t\t\t\t\t\t\t\t\t\t\t\t\t\t\t\t\t\t\t\t\t\t\t\t\t\t\t\t\t\t\t\t\t\t\t<article id=\"loop-item-26522\" class=\"loop-item\">\n\t\t\t\t\t\t\t\t\t<div class=\"inner cf\">\n\t\t\t\t\t\t\t\t\t\t<a href=\"https:\/\/kinit.sk\/sk\/bezpecnostne-odporucania-siete-a-komunikacia-spolupraca\/\">\t\t\t\t\t\t\t\t\t\t\t\t\t\t\t\t\t\t\t\t\t\t\t\t\t\t\t\t\t\t\t\t\t<div class=\"picture\">\n\t\t\t\t\t\t\t\t\t\t\t\t\t<img decoding=\"async\" width=\"320\" height=\"200\" data-src=\"https:\/\/kinit.sk\/wp-content\/uploads\/2023\/05\/202302_social_recommendations_part_3_feature-scaled-320x200.png\" class=\"attachment-thumbnail size-thumbnail wp-post-image lazyload\" alt=\"\" src=\"data:image\/svg+xml;base64,PHN2ZyB3aWR0aD0iMSIgaGVpZ2h0PSIxIiB4bWxucz0iaHR0cDovL3d3dy53My5vcmcvMjAwMC9zdmciPjwvc3ZnPg==\" style=\"--smush-placeholder-width: 320px; --smush-placeholder-aspect-ratio: 320\/200;\" \/>\t\t\t\t\t\t\t\t\t\t\t\t<\/div>\n\t\t\t\t\t\t\t\t\t\t\t\t\t\t\t\t\t\t\t\t\t\t\t\t\t\t\t\t\t\t\t<div class=\"content cf\">\n\t\t\t\t\t\t\t\t\t\t\t<div class=\"content-inner\">\n\t\t\t\t\t\t\t\t\t\t\t\t<h3>Bezpe\u010dnostn\u00e9 odpor\u00fa\u010dania: Siete a komunik\u00e1cia \/ spolupr\u00e1ca<\/h3>\n                        \t\t\t\t\t\t\t\t\t\t\t\t<div class=\"meta cf\">\n\t\t\t\t\t\t\t\t\t\t\t\t\t\t\t\t\t\t\t\t\t\t\t\t\t\t<div class=\"date\">\n\t\t\t\t\t\t\t\t\t\t\t\t\t\t\t\t\t\t\t\t\t\t\t\t\t\t\t\t\tm\u00e1j 3. 2023\t\t\t\t\t\t\t\t\t\t\t\t\t\t\t\t\t\t\t\t\t\t\t\t\t\t\t<\/div>\n\t\t\t\t\t\t\t\t\t\t\t\t\t\t\t\t\t\t\t\t\t\t\t\t\t<\/div>\n\t\t\t\t\t\t\t\t\t\t\t\t\t\t\t\t\t\t\t\t\t\t\t\t\t<div class=\"excerpt\">Tret\u00ed diel s\u00e9rie bezpe\u010dnostn\u00fdch odpor\u00fa\u010dan\u00ed sme rozdelili na dve \u010dasti &#8211; prv\u00e1 sa zaober\u00e1 spr\u00e1van\u00edm pri vzdialenom pripojen\u00ed k v\u00e1\u0161mu kontu (z miesta mimo priestorov organiz\u00e1cie). Druh\u00e1 \u010das\u0165 je zameran\u00e1&#8230;<\/div>\n\t\t\t\t\t\t\t\t\t\t\t\t\t\t\t\t\t\t\t\t\t\t\t\t\t\t\t\t\t\t\t\t\t\t\t<\/div>\n\t\t\t\t\t\t\t\t\t\t<\/div>\n\t\t\t\t\t\t\t\t\t\t<\/a>\t\t\t\t\t\t\t\t\t\t\t\t\t\t\t\t\t\t\t\t\t\t\t\t\t\t\t\t\t<\/div>\n\t\t\t\t\t\t\t\t<\/article>\n\t\t\t\t\t\t\t\t\t\t\t\t\t\t\t\t\t\t\t\t\t\t\t\t\t\t\t\t\t\t\t\t\t\t\t\t\t\t\t<article id=\"loop-item-26609\" class=\"loop-item\">\n\t\t\t\t\t\t\t\t\t<div class=\"inner cf\">\n\t\t\t\t\t\t\t\t\t\t<a href=\"https:\/\/kinit.sk\/sk\/bezpecnostne-odporucania-instalacia-a-pouzivanie-softveru\/\">\t\t\t\t\t\t\t\t\t\t\t\t\t\t\t\t\t\t\t\t\t\t\t\t\t\t\t\t\t\t\t\t\t<div class=\"picture\">\n\t\t\t\t\t\t\t\t\t\t\t\t\t<img decoding=\"async\" width=\"320\" height=\"200\" data-src=\"https:\/\/kinit.sk\/wp-content\/uploads\/2023\/05\/202302_social_recommendations_part_4_feature-scaled-320x200.png\" class=\"attachment-thumbnail size-thumbnail wp-post-image lazyload\" alt=\"\" src=\"data:image\/svg+xml;base64,PHN2ZyB3aWR0aD0iMSIgaGVpZ2h0PSIxIiB4bWxucz0iaHR0cDovL3d3dy53My5vcmcvMjAwMC9zdmciPjwvc3ZnPg==\" style=\"--smush-placeholder-width: 320px; --smush-placeholder-aspect-ratio: 320\/200;\" \/>\t\t\t\t\t\t\t\t\t\t\t\t<\/div>\n\t\t\t\t\t\t\t\t\t\t\t\t\t\t\t\t\t\t\t\t\t\t\t\t\t\t\t\t\t\t\t<div class=\"content cf\">\n\t\t\t\t\t\t\t\t\t\t\t<div class=\"content-inner\">\n\t\t\t\t\t\t\t\t\t\t\t\t<h3>Bezpe\u010dnostn\u00e9 odpor\u00fa\u010dania: In\u0161tal\u00e1cia a pou\u017e\u00edvanie softv\u00e9ru<\/h3>\n                        \t\t\t\t\t\t\t\t\t\t\t\t<div class=\"meta cf\">\n\t\t\t\t\t\t\t\t\t\t\t\t\t\t\t\t\t\t\t\t\t\t\t\t\t\t<div class=\"date\">\n\t\t\t\t\t\t\t\t\t\t\t\t\t\t\t\t\t\t\t\t\t\t\t\t\t\t\t\t\tm\u00e1j 10. 2023\t\t\t\t\t\t\t\t\t\t\t\t\t\t\t\t\t\t\t\t\t\t\t\t\t\t\t<\/div>\n\t\t\t\t\t\t\t\t\t\t\t\t\t\t\t\t\t\t\t\t\t\t\t\t\t<\/div>\n\t\t\t\t\t\t\t\t\t\t\t\t\t\t\t\t\t\t\t\t\t\t\t\t\t<div class=\"excerpt\">V \u0161tvrtej \u010dasti s\u00e9rie bezpe\u010dnostn\u00fdch odpor\u00fa\u010dan\u00ed si vysvetl\u00edme, na \u010do si treba da\u0165 pozor pri in\u0161tal\u00e1cii softv\u00e9ru a softv\u00e9rov\u00fdch bal\u00edkov. Pre\u010do je to d\u00f4le\u017eit\u00e9? Va\u0161e zariadenie, osobn\u00e9 \u00fadaje alebo \u00fadaje&#8230;<\/div>\n\t\t\t\t\t\t\t\t\t\t\t\t\t\t\t\t\t\t\t\t\t\t\t\t\t\t\t\t\t\t\t\t\t\t\t<\/div>\n\t\t\t\t\t\t\t\t\t\t<\/div>\n\t\t\t\t\t\t\t\t\t\t<\/a>\t\t\t\t\t\t\t\t\t\t\t\t\t\t\t\t\t\t\t\t\t\t\t\t\t\t\t\t\t<\/div>\n\t\t\t\t\t\t\t\t<\/article>\n\t\t\t\t\t\t\t\t\t\t\t\t\t\t\t\t\t\t\t\t\t\t\t\t\t\t\t\t\t\t\t\t\t\t\t\t\t\t\t<article id=\"loop-item-26884\" class=\"loop-item\">\n\t\t\t\t\t\t\t\t\t<div class=\"inner cf\">\n\t\t\t\t\t\t\t\t\t\t<a href=\"https:\/\/kinit.sk\/sk\/bezpecnostne-odporucania-zalohovanie-bezpecnostne-incidenty-a-podozrive-aktivity\/\">\t\t\t\t\t\t\t\t\t\t\t\t\t\t\t\t\t\t\t\t\t\t\t\t\t\t\t\t\t\t\t\t\t<div class=\"picture\">\n\t\t\t\t\t\t\t\t\t\t\t\t\t<img decoding=\"async\" width=\"320\" height=\"200\" data-src=\"https:\/\/kinit.sk\/wp-content\/uploads\/2023\/05\/202302_social_recommendations_part_5_feature-scaled-320x200.png\" class=\"attachment-thumbnail size-thumbnail wp-post-image lazyload\" alt=\"\" src=\"data:image\/svg+xml;base64,PHN2ZyB3aWR0aD0iMSIgaGVpZ2h0PSIxIiB4bWxucz0iaHR0cDovL3d3dy53My5vcmcvMjAwMC9zdmciPjwvc3ZnPg==\" style=\"--smush-placeholder-width: 320px; --smush-placeholder-aspect-ratio: 320\/200;\" \/>\t\t\t\t\t\t\t\t\t\t\t\t<\/div>\n\t\t\t\t\t\t\t\t\t\t\t\t\t\t\t\t\t\t\t\t\t\t\t\t\t\t\t\t\t\t\t<div class=\"content cf\">\n\t\t\t\t\t\t\t\t\t\t\t<div class=\"content-inner\">\n\t\t\t\t\t\t\t\t\t\t\t\t<h3>Bezpe\u010dnostn\u00e9 odpor\u00fa\u010dania: Z\u00e1lohovanie, bezpe\u010dnostn\u00e9 incidenty a podozriv\u00e9 aktivity<\/h3>\n                        \t\t\t\t\t\t\t\t\t\t\t\t<div class=\"meta cf\">\n\t\t\t\t\t\t\t\t\t\t\t\t\t\t\t\t\t\t\t\t\t\t\t\t\t\t<div class=\"date\">\n\t\t\t\t\t\t\t\t\t\t\t\t\t\t\t\t\t\t\t\t\t\t\t\t\t\t\t\t\tm\u00e1j 23. 2023\t\t\t\t\t\t\t\t\t\t\t\t\t\t\t\t\t\t\t\t\t\t\t\t\t\t\t<\/div>\n\t\t\t\t\t\t\t\t\t\t\t\t\t\t\t\t\t\t\t\t\t\t\t\t\t<\/div>\n\t\t\t\t\t\t\t\t\t\t\t\t\t\t\t\t\t\t\t\t\t\t\t\t\t<div class=\"excerpt\">Stalo sa v\u00e1m niekedy, \u017ee ste po\u010das strednej alebo vysokej \u0161koly stratili d\u00f4le\u017eit\u00e9 \u00fadaje? Ak\u00fd to bol pocit? A teraz si predstavte, \u017ee strat\u00edte d\u00f4le\u017eit\u00fa \u010das\u0165 svojho projektu, ktor\u00e1 sa&#8230;<\/div>\n\t\t\t\t\t\t\t\t\t\t\t\t\t\t\t\t\t\t\t\t\t\t\t\t\t\t\t\t\t\t\t\t\t\t\t<\/div>\n\t\t\t\t\t\t\t\t\t\t<\/div>\n\t\t\t\t\t\t\t\t\t\t<\/a>\t\t\t\t\t\t\t\t\t\t\t\t\t\t\t\t\t\t\t\t\t\t\t\t\t\t\t\t\t<\/div>\n\t\t\t\t\t\t\t\t<\/article>\n\t\t\t\t\t\t\t\t\t\t\t\t\t\t\t\t\t\t\t\t\t\t\t\t\t\t\t\t\t\t\t\t<\/div>\n\t\t\t\t\t\t\t\t\t\t\n\t\t\t\t<\/div>\n\t\t\t<\/div>\n\t\t<\/div>\n\t<\/div>\n<\/section>\n<\/div>","protected":false},"excerpt":{"rendered":"","protected":false},"author":26,"featured_media":0,"parent":8303,"menu_order":0,"comment_status":"closed","ping_status":"closed","template":"","meta":{"_acf_changed":false,"footnotes":""},"class_list":["post-26912","page","type-page","status-publish","hentry"],"acf":[],"yoast_head":"<!-- This site is optimized with the Yoast SEO plugin v27.4 - https:\/\/yoast.com\/product\/yoast-seo-wordpress\/ -->\n<title>Bezpe\u010dnostn\u00e9 odpor\u00fa\u010dania - KInIT<\/title>\n<meta name=\"description\" content=\"Zlep\u0161enie kybernetickej bezpe\u010dnosti zamestnancov je pre n\u00e1s prioritou, preto sme sa rozhodli vytvori\u0165 s\u00e9riu \u010dl\u00e1nkov zameran\u00fdch na bezpe\u010dnostn\u00e9 odpor\u00fa\u010dania. Tieto \u010dl\u00e1nky poskytuj\u00fa r\u00f4zne poh\u013eady na problematiku kybernetickej bezpe\u010dnosti.Jednotliv\u00e9 \u010dl\u00e1nky m\u00f4\u017eete \u010d\u00edta\u0165 v \u013eubovo\u013enom porad\u00ed, spolo\u010dne poskytuj\u00fa ucelen\u00fd preh\u013ead oblasti bezpe\u010dnosti.\" \/>\n<meta name=\"robots\" content=\"index, follow, max-snippet:-1, max-image-preview:large, max-video-preview:-1\" \/>\n<link rel=\"canonical\" href=\"https:\/\/kinit.sk\/sk\/research\/bezpecnostne-odporucania\/\" \/>\n<meta property=\"og:locale\" content=\"sk_SK\" \/>\n<meta property=\"og:type\" content=\"article\" \/>\n<meta property=\"og:title\" content=\"Bezpe\u010dnostn\u00e9 odpor\u00fa\u010dania - KInIT\" \/>\n<meta property=\"og:description\" content=\"Zlep\u0161enie kybernetickej bezpe\u010dnosti zamestnancov je pre n\u00e1s prioritou, preto sme sa rozhodli vytvori\u0165 s\u00e9riu \u010dl\u00e1nkov zameran\u00fdch na bezpe\u010dnostn\u00e9 odpor\u00fa\u010dania. Tieto \u010dl\u00e1nky poskytuj\u00fa r\u00f4zne poh\u013eady na problematiku kybernetickej bezpe\u010dnosti.Jednotliv\u00e9 \u010dl\u00e1nky m\u00f4\u017eete \u010d\u00edta\u0165 v \u013eubovo\u013enom porad\u00ed, spolo\u010dne poskytuj\u00fa ucelen\u00fd preh\u013ead oblasti bezpe\u010dnosti.\" \/>\n<meta property=\"og:url\" content=\"https:\/\/kinit.sk\/sk\/research\/bezpecnostne-odporucania\/\" \/>\n<meta property=\"og:site_name\" content=\"KInIT\" \/>\n<meta property=\"article:modified_time\" content=\"2023-05-23T12:56:58+00:00\" \/>\n<meta property=\"og:image\" content=\"https:\/\/kinit.sk\/wp-content\/uploads\/2021\/03\/KINIT_Sharepic.png\" \/>\n\t<meta property=\"og:image:width\" content=\"1200\" \/>\n\t<meta property=\"og:image:height\" content=\"628\" \/>\n\t<meta property=\"og:image:type\" content=\"image\/png\" \/>\n<meta name=\"twitter:card\" content=\"summary_large_image\" \/>\n<meta name=\"twitter:site\" content=\"@kinit\" \/>\n<script type=\"application\/ld+json\" class=\"yoast-schema-graph\">{\"@context\":\"https:\\\/\\\/schema.org\",\"@graph\":[{\"@type\":\"WebPage\",\"@id\":\"https:\\\/\\\/kinit.sk\\\/sk\\\/research\\\/bezpecnostne-odporucania\\\/\",\"url\":\"https:\\\/\\\/kinit.sk\\\/sk\\\/research\\\/bezpecnostne-odporucania\\\/\",\"name\":\"Bezpe\u010dnostn\u00e9 odpor\u00fa\u010dania - KInIT\",\"isPartOf\":{\"@id\":\"https:\\\/\\\/kinit.sk\\\/#website\"},\"datePublished\":\"2023-05-23T12:30:39+00:00\",\"dateModified\":\"2023-05-23T12:56:58+00:00\",\"description\":\"Zlep\u0161enie kybernetickej bezpe\u010dnosti zamestnancov je pre n\u00e1s prioritou, preto sme sa rozhodli vytvori\u0165 s\u00e9riu \u010dl\u00e1nkov zameran\u00fdch na bezpe\u010dnostn\u00e9 odpor\u00fa\u010dania. Tieto \u010dl\u00e1nky poskytuj\u00fa r\u00f4zne poh\u013eady na problematiku kybernetickej bezpe\u010dnosti.Jednotliv\u00e9 \u010dl\u00e1nky m\u00f4\u017eete \u010d\u00edta\u0165 v \u013eubovo\u013enom porad\u00ed, spolo\u010dne poskytuj\u00fa ucelen\u00fd preh\u013ead oblasti bezpe\u010dnosti.\",\"breadcrumb\":{\"@id\":\"https:\\\/\\\/kinit.sk\\\/sk\\\/research\\\/bezpecnostne-odporucania\\\/#breadcrumb\"},\"inLanguage\":\"sk-SK\",\"potentialAction\":[{\"@type\":\"ReadAction\",\"target\":[\"https:\\\/\\\/kinit.sk\\\/sk\\\/research\\\/bezpecnostne-odporucania\\\/\"]}]},{\"@type\":\"BreadcrumbList\",\"@id\":\"https:\\\/\\\/kinit.sk\\\/sk\\\/research\\\/bezpecnostne-odporucania\\\/#breadcrumb\",\"itemListElement\":[{\"@type\":\"ListItem\",\"position\":1,\"name\":\"Home\",\"item\":\"https:\\\/\\\/kinit.sk\\\/sk\\\/\"},{\"@type\":\"ListItem\",\"position\":2,\"name\":\"V\u00fdskum\",\"item\":\"https:\\\/\\\/kinit.sk\\\/sk\\\/research\\\/\"},{\"@type\":\"ListItem\",\"position\":3,\"name\":\"Bezpe\u010dnostn\u00e9 odpor\u00fa\u010dania\"}]},{\"@type\":\"WebSite\",\"@id\":\"https:\\\/\\\/kinit.sk\\\/#website\",\"url\":\"https:\\\/\\\/kinit.sk\\\/\",\"name\":\"KInIT\",\"description\":\"Vyu\u017e\u00edvame v\u00fdskum pre \u013eud\u00ed a priemysel\",\"potentialAction\":[{\"@type\":\"SearchAction\",\"target\":{\"@type\":\"EntryPoint\",\"urlTemplate\":\"https:\\\/\\\/kinit.sk\\\/?s={search_term_string}\"},\"query-input\":{\"@type\":\"PropertyValueSpecification\",\"valueRequired\":true,\"valueName\":\"search_term_string\"}}],\"inLanguage\":\"sk-SK\"}]}<\/script>\n<!-- \/ Yoast SEO plugin. -->","yoast_head_json":{"title":"Bezpe\u010dnostn\u00e9 odpor\u00fa\u010dania - KInIT","description":"Zlep\u0161enie kybernetickej bezpe\u010dnosti zamestnancov je pre n\u00e1s prioritou, preto sme sa rozhodli vytvori\u0165 s\u00e9riu \u010dl\u00e1nkov zameran\u00fdch na bezpe\u010dnostn\u00e9 odpor\u00fa\u010dania. Tieto \u010dl\u00e1nky poskytuj\u00fa r\u00f4zne poh\u013eady na problematiku kybernetickej bezpe\u010dnosti.Jednotliv\u00e9 \u010dl\u00e1nky m\u00f4\u017eete \u010d\u00edta\u0165 v \u013eubovo\u013enom porad\u00ed, spolo\u010dne poskytuj\u00fa ucelen\u00fd preh\u013ead oblasti bezpe\u010dnosti.","robots":{"index":"index","follow":"follow","max-snippet":"max-snippet:-1","max-image-preview":"max-image-preview:large","max-video-preview":"max-video-preview:-1"},"canonical":"https:\/\/kinit.sk\/sk\/research\/bezpecnostne-odporucania\/","og_locale":"sk_SK","og_type":"article","og_title":"Bezpe\u010dnostn\u00e9 odpor\u00fa\u010dania - KInIT","og_description":"Zlep\u0161enie kybernetickej bezpe\u010dnosti zamestnancov je pre n\u00e1s prioritou, preto sme sa rozhodli vytvori\u0165 s\u00e9riu \u010dl\u00e1nkov zameran\u00fdch na bezpe\u010dnostn\u00e9 odpor\u00fa\u010dania. Tieto \u010dl\u00e1nky poskytuj\u00fa r\u00f4zne poh\u013eady na problematiku kybernetickej bezpe\u010dnosti.Jednotliv\u00e9 \u010dl\u00e1nky m\u00f4\u017eete \u010d\u00edta\u0165 v \u013eubovo\u013enom porad\u00ed, spolo\u010dne poskytuj\u00fa ucelen\u00fd preh\u013ead oblasti bezpe\u010dnosti.","og_url":"https:\/\/kinit.sk\/sk\/research\/bezpecnostne-odporucania\/","og_site_name":"KInIT","article_modified_time":"2023-05-23T12:56:58+00:00","og_image":[{"width":1200,"height":628,"url":"https:\/\/kinit.sk\/wp-content\/uploads\/2021\/03\/KINIT_Sharepic.png","type":"image\/png"}],"twitter_card":"summary_large_image","twitter_site":"@kinit","schema":{"@context":"https:\/\/schema.org","@graph":[{"@type":"WebPage","@id":"https:\/\/kinit.sk\/sk\/research\/bezpecnostne-odporucania\/","url":"https:\/\/kinit.sk\/sk\/research\/bezpecnostne-odporucania\/","name":"Bezpe\u010dnostn\u00e9 odpor\u00fa\u010dania - KInIT","isPartOf":{"@id":"https:\/\/kinit.sk\/#website"},"datePublished":"2023-05-23T12:30:39+00:00","dateModified":"2023-05-23T12:56:58+00:00","description":"Zlep\u0161enie kybernetickej bezpe\u010dnosti zamestnancov je pre n\u00e1s prioritou, preto sme sa rozhodli vytvori\u0165 s\u00e9riu \u010dl\u00e1nkov zameran\u00fdch na bezpe\u010dnostn\u00e9 odpor\u00fa\u010dania. Tieto \u010dl\u00e1nky poskytuj\u00fa r\u00f4zne poh\u013eady na problematiku kybernetickej bezpe\u010dnosti.Jednotliv\u00e9 \u010dl\u00e1nky m\u00f4\u017eete \u010d\u00edta\u0165 v \u013eubovo\u013enom porad\u00ed, spolo\u010dne poskytuj\u00fa ucelen\u00fd preh\u013ead oblasti bezpe\u010dnosti.","breadcrumb":{"@id":"https:\/\/kinit.sk\/sk\/research\/bezpecnostne-odporucania\/#breadcrumb"},"inLanguage":"sk-SK","potentialAction":[{"@type":"ReadAction","target":["https:\/\/kinit.sk\/sk\/research\/bezpecnostne-odporucania\/"]}]},{"@type":"BreadcrumbList","@id":"https:\/\/kinit.sk\/sk\/research\/bezpecnostne-odporucania\/#breadcrumb","itemListElement":[{"@type":"ListItem","position":1,"name":"Home","item":"https:\/\/kinit.sk\/sk\/"},{"@type":"ListItem","position":2,"name":"V\u00fdskum","item":"https:\/\/kinit.sk\/sk\/research\/"},{"@type":"ListItem","position":3,"name":"Bezpe\u010dnostn\u00e9 odpor\u00fa\u010dania"}]},{"@type":"WebSite","@id":"https:\/\/kinit.sk\/#website","url":"https:\/\/kinit.sk\/","name":"KInIT","description":"Vyu\u017e\u00edvame v\u00fdskum pre \u013eud\u00ed a priemysel","potentialAction":[{"@type":"SearchAction","target":{"@type":"EntryPoint","urlTemplate":"https:\/\/kinit.sk\/?s={search_term_string}"},"query-input":{"@type":"PropertyValueSpecification","valueRequired":true,"valueName":"search_term_string"}}],"inLanguage":"sk-SK"}]}},"_links":{"self":[{"href":"https:\/\/kinit.sk\/sk\/wp-json\/wp\/v2\/pages\/26912","targetHints":{"allow":["GET"]}}],"collection":[{"href":"https:\/\/kinit.sk\/sk\/wp-json\/wp\/v2\/pages"}],"about":[{"href":"https:\/\/kinit.sk\/sk\/wp-json\/wp\/v2\/types\/page"}],"author":[{"embeddable":true,"href":"https:\/\/kinit.sk\/sk\/wp-json\/wp\/v2\/users\/26"}],"replies":[{"embeddable":true,"href":"https:\/\/kinit.sk\/sk\/wp-json\/wp\/v2\/comments?post=26912"}],"version-history":[{"count":8,"href":"https:\/\/kinit.sk\/sk\/wp-json\/wp\/v2\/pages\/26912\/revisions"}],"predecessor-version":[{"id":26933,"href":"https:\/\/kinit.sk\/sk\/wp-json\/wp\/v2\/pages\/26912\/revisions\/26933"}],"up":[{"embeddable":true,"href":"https:\/\/kinit.sk\/sk\/wp-json\/wp\/v2\/pages\/8303"}],"wp:attachment":[{"href":"https:\/\/kinit.sk\/sk\/wp-json\/wp\/v2\/media?parent=26912"}],"curies":[{"name":"wp","href":"https:\/\/api.w.org\/{rel}","templated":true}]}}