{"id":25820,"date":"2023-03-14T14:24:16","date_gmt":"2023-03-14T13:24:16","guid":{"rendered":"https:\/\/kinit.sk\/research\/qvire-cultural-ai\/"},"modified":"2023-06-12T17:14:57","modified_gmt":"2023-06-12T15:14:57","slug":"qvire-cultural-ai","status":"publish","type":"page","link":"https:\/\/kinit.sk\/sk\/research\/qvire-cultural-ai\/","title":{"rendered":"Cultural AI na Slovensku"},"content":{"rendered":"<div id=\"\" class=\"element core-paragraph\">\n<p id=\"cultural-ai-in-slovakia\">QVIRE je s\u00fa\u010das\u0165ou spolo\u010dnej iniciat\u00edvy <a href=\"https:\/\/pure.knaw.nl\/portal\/en\/persons\/evina-stein\" target=\"_blank\" rel=\"noreferrer noopener\">Dr. Eviny Stein<\/a>, Univerzity Komensk\u00e9ho v Bratislave a Kempelenovho in\u0161tit\u00fatu inteligentn\u00fdch technol\u00f3gi\u00ed. Na\u0161\u00edm cie\u013eom je polo\u017ei\u0165 z\u00e1klady pre v\u00fdvoj tzv. Cultural AI v na\u0161om regi\u00f3ne a pom\u00f4c\u0165 pri vzniku prv\u00e9ho Cultural AI laborat\u00f3ria na Slovensku. Z\u00e1merom tohto multidisciplin\u00e1rneho projektu je prinies\u0165 na Slovensko know-how v oblasti pou\u017e\u00edvania umelej inteligencie (AI) v kult\u00farnom sektore a humanitno-vednom v\u00fdskume.<\/p>\n<\/div>\n\n<div id=\"\" class=\"element core-paragraph\">\n<p>V s\u00fa\u010dasnosti na Slovensku neexistuje \u017eiadna in\u0161tit\u00facia alebo organiz\u00e1cia, ktor\u00e1 by sa akt\u00edvne venovala vyu\u017eitiu umelej inteligencie v oblasti p\u00edsomn\u00e9ho kult\u00farneho dedi\u010dstva. Pre Slovensko ide o perspekt\u00edvnu \u0161ancu sta\u0165 sa do bud\u00facna v\u00fdznamn\u00fdm akt\u00e9rom v tomto aplikovanom v\u00fdskumnom zameran\u00ed, m\u00e1me pr\u00edle\u017eitos\u0165 pripoji\u0165 sa k eur\u00f3pskej \u0161pi\u010dke v tejto oblasti.<\/p>\n<\/div>\n\n<div id=\"\" class=\"element core-paragraph\">\n<p><a href=\"https:\/\/evinasteinova.academia.edu\/\" target=\"_blank\" rel=\"noreferrer noopener\">Dr. Evina Stein<\/a> je expertka na stredovek\u00e9 rukopisy, ktor\u00e1 p\u00f4sob\u00ed ako hos\u0165uj\u00faca v\u00fdskumn\u00ed\u010dka v Huygensovom in\u0161tit\u00fate v Amsterdame. Dr. Stein je n\u00e1dejnou mladou slovenskou v\u00fdskumn\u00ed\u010dkou p\u00f4sobiacou v zahrani\u010d\u00ed. Jej amb\u00edciou je z\u00edska\u0165 ERC Starting grant a vr\u00e1ti\u0165 sa na Slovensko. Univerzita Komensk\u00e9ho v Bratislave a KInIT sa spojili, aby pomohli Evine vytvori\u0165 z\u00e1zemie pre n\u00e1vrat.&nbsp;<\/p>\n<\/div>\n\n<div id=\"\" class=\"element core-paragraph\">\n<p>Okrem zdrojov z\u00edskan\u00fdch v r\u00e1mci projektu QVIRE, Dr. Evina Stein z\u00edskala aj podporu v r\u00e1mci mentoringov\u00e9ho programu pre <a href=\"https:\/\/www.linkedin.com\/feed\/update\/urn:li:activity:7035161898790580224\/\" target=\"_blank\" rel=\"noreferrer noopener\">podporu ERC \u017eiadost\u00ed<\/a> od nad\u00e1cie spolo\u010dnosti ESET.<\/p>\n<\/div>\n\n<div id=\"\" class=\"element core-heading\">\n<h3 class=\"wp-block-heading\" id=\"qvire\">QVIRE<\/h3>\n<\/div>\n\n<div id=\"\" class=\"element core-paragraph\">\n<p>Stredovek\u00e9 rukopisn\u00e9 knihy s\u00fa v\u00fdznamnou zlo\u017ekou kult\u00farneho dedi\u010dstva ulo\u017een\u00e9ho v eur\u00f3pskych pam\u00e4\u0165ov\u00fdch in\u0161tit\u00faci\u00e1ch. Sl\u00fa\u017eia tie\u017e ako zdroj d\u00e1t pre mnoh\u00e9 typy historick\u00e9ho v\u00fdskumu. Jednou z najv\u00e4\u010d\u0161\u00edch v\u00fdziev pri vyu\u017e\u00edvan\u00ed rukopisn\u00fdch kn\u00edh v historickom v\u00fdskume je, \u017ee pri v\u00e4\u010d\u0161ine z nich nevieme kedy, kde, a v akom historickom kontexte vznikli, ani kde v\u0161ade boli pou\u017e\u00edvan\u00e9.<\/p>\n<\/div>\n\n<div id=\"\" class=\"element core-paragraph\">\n<p>Pr\u00e1ve preto sa u\u017e viac ako tri storo\u010dia humanitno-vedn\u00ed odborn\u00edci (paleografi a kodikol\u00f3govia) sna\u017eia n\u00e1js\u0165 sp\u00f4sob, ak\u00fdm by mohli rukopisy r\u00fdchlo, efekt\u00edvne, a presne datova\u0165, lokalizova\u0165 a kontextualizova\u0165 na z\u00e1klade ich charakterist\u00edk (napr. p\u00edsma alebo materi\u00e1lu). Paleografick\u00e1 a kodikologick\u00e1 expert\u00edza s\u00fa k\u013e\u00fa\u010dov\u00e9 pre kritick\u00e9 vyhodnocovanie v rukopisoch obsiahnut\u00fdch historick\u00fdch d\u00e1t.&nbsp;<\/p>\n<\/div>\n\n<div id=\"\" class=\"element core-paragraph\">\n<p>Najv\u00e4\u010d\u0161\u00edmi prek\u00e1\u017ekami pri tradi\u010dnom paleografickom a kodikologickom vyhodnocovan\u00ed rukopisov s\u00fa:<\/p>\n<\/div>\n\n<div id=\"\" class=\"element core-list\">\n<ul class=\"wp-block-list\"><div id=\"\" class=\"element core-list-item\">\n<li>vysok\u00e1 n\u00e1ro\u010dnos\u0165 na \u010das a expert\u00edzu<\/li>\n<\/div>\n\n<div id=\"\" class=\"element core-list-item\">\n<li>vysok\u00e1 finan\u010dn\u00e1 n\u00e1ro\u010dnos\u0165<\/li>\n<\/div>\n\n<div id=\"\" class=\"element core-list-item\">\n<li>z\u00e1vislos\u0165 na ve\u013ek\u00fdch d\u00e1tach (resp. potenci\u00e1lne n\u00edzka presnos\u0165 v\u00fdsledkov pri mal\u00fdch \u010diastkov\u00fdch \u0161t\u00fadi\u00e1ch)<\/li>\n<\/div>\n\n<div id=\"\" class=\"element core-list-item\">\n<li>potenci\u00e1lne vysok\u00e1 miera \u013eudsk\u00e9ho omylu \u010di subjekt\u00edvneho vn\u00edmania&nbsp;<\/li>\n<\/div><\/ul>\n<\/div>\n\n<div id=\"\" class=\"element core-paragraph\">\n<p><strong>Mnoh\u00e9 z t\u00fdchto prek\u00e1\u017eok sa dnes daj\u00fa \u010diasto\u010dne alebo \u00faplne odb\u00fara\u0165 s pomocou umelej inteligencie, a to aj preto, \u017ee mnoh\u00e9 stredovek\u00e9 rukopisy s\u00fa dnes u\u017e digitalizovan\u00e9 online.<\/strong><\/p>\n<\/div>\n\n<div id=\"\" class=\"element core-paragraph\">\n<p>Spojenie umelej inteligencie s tradi\u010dnou kodikol\u00f3giou teda m\u00e1 ve\u013ek\u00fd potenci\u00e1l v\u00fdrazne posun\u00fa\u0165 historick\u00e9 b\u00e1danie o eur\u00f3pskom kult\u00farnom dedi\u010dstve, predov\u0161etk\u00fdm t\u00fdm, \u017ee umo\u017e\u0148uje zber d\u00e1t z v\u00e4\u010d\u0161ieho mno\u017estva digitalizovan\u00fdch historick\u00fdch rukopisov ne\u017e bolo dosia\u013e mo\u017en\u00e9 a vykona\u0165 ho r\u00fdchlej\u0161ie, lacnej\u0161ie a potenci\u00e1lne kvalitnej\u0161ie, ne\u017e by to bolo mo\u017en\u00e9 v\u00fdlu\u010dne \u013eudsk\u00fdmi kapacitami.&nbsp;<\/p>\n<\/div>\n\n<div id=\"\" class=\"element core-paragraph\">\n<p><strong>Cie\u013eom <\/strong><a href=\"https:\/\/kinit.sk\/project\/qvire-cultural-ai-detecting-relevant-marks-from-scans-of-medieval-manuscripts-for-their-further-analysis\/\" target=\"_blank\" rel=\"noreferrer noopener\"><strong>projektu QVIRE<\/strong><\/a><strong> je vytvorenie modelu umelej inteligencie a prototypu softv\u00e9ru na efekt\u00edvny automatizovan\u00fd zber a anal\u00fdzu jedn\u00e9ho typu d\u00e1t z historick\u00fdch rukopisov, a to konkr\u00e9tne kust\u00f3d a reklamantov.<\/strong> Kust\u00f3dy a reklamanty sl\u00fa\u017eili v stredoveku ako vodidlopri fyzickom skladan\u00ed k\u00f3dexov z men\u0161\u00edch \u010dast\u00ed (zo\u0161itov). Hoci ich n\u00e1jdeme v podstate vo v\u0161etk\u00fdch stredovek\u00fdch rukopisoch, ich potenci\u00e1l pre dat\u00e1ciu, lokaliz\u00e1ciu a kontextualiz\u00e1ciu rukopisov e\u0161te nikdy nebol vyu\u017eit\u00fd. D\u00f4vodom je pr\u00e1ve n\u00e1ro\u010dnos\u0165 zberu dostato\u010dne ve\u013ek\u00e9ho a kvalitn\u00e9ho datasetu, ktor\u00fd by n\u00e1m pomohol vyu\u017ei\u0165 ich diagnostick\u00fd potenci\u00e1l.<\/p>\n<\/div>\n\n<div id=\"\" class=\"element core-paragraph\">\n<p>Nevyhnutn\u00fdm podkladom pre vytvorenie tak\u00e9hoto modelu je vo\u013eba vhodn\u00e9ho korpusu digitalizovan\u00fdch rukopisov a ich expertn\u00e1 anot\u00e1cia. Selekciu a anot\u00e1ciu d\u00e1t bud\u00fa vykon\u00e1va\u0165 rie\u0161itelia projektu, ktor\u00ed maj\u00fa expert\u00edzu v pr\u00e1ci s historick\u00fdmi rukopismi. N\u00e1stroje vytvoren\u00e9 v r\u00e1mci tohto projektu bud\u00fa spr\u00edstupnen\u00e9 \u0161irokej odbornej verejnosti, predov\u0161etk\u00fdm odborn\u00edkom z kult\u00farneho sektoru (t.j. zamestnancom m\u00faze\u00ed, gal\u00e9ri\u00ed, arch\u00edvov, kni\u017en\u00edc at\u010f).<\/p>\n<\/div>\n\n<div id=\"\" class=\"element core-heading\">\n<h3 class=\"wp-block-heading\" id=\"main-partners-and-collaborators\">Hlavn\u00ed partneri a spolupracovn\u00edci<\/h3>\n<\/div>\n\n<div id=\"\" class=\"element core-paragraph\">\n<p><strong>Dr. Evina Stein&nbsp;<\/strong><\/p>\n<\/div>\n\n<div id=\"\" class=\"element core-paragraph\">\n<p>Dr. Evina Stein je hos\u0165uj\u00faca v\u00fdskumn\u00ed\u010dka na Huygensovom In\u0161tit\u00fate v Amsterdame a expertka na stredovek\u00e9 rukopisy.<\/p>\n<\/div>\n\n<div id=\"\" class=\"element core-paragraph\">\n<p><strong>Prof. Juraj \u0160ediv\u00fd<\/strong><\/p>\n<\/div>\n\n<div id=\"\" class=\"element core-paragraph\">\n<p>Prof. Juraj \u0160ediv\u00fd je ved\u00faci Katedry arch\u00edvnictva a muzeol\u00f3gie Filozofickej fakulty UK a expert na stredovek\u00e9 p\u00edsomnosti. Ako jedin\u00fd eur\u00f3psky historik je \u010dlenom a\u017e troch celosvetov\u00fdch gr\u00e9mi\u00ed v historick\u00fdch ved\u00e1ch (Medzin\u00e1rodn\u00fd paleografick\u00fd v\u00fdbor, Medzin\u00e1rodn\u00e1 komisia pre diplomatiku a Medzin\u00e1rodn\u00e1 komisia pre dejiny miest).&nbsp;<\/p>\n<\/div>\n\n<div id=\"\" class=\"element core-paragraph\">\n<p><strong>Martin Tamajka<\/strong><\/p>\n<\/div>\n\n<div id=\"\" class=\"element core-paragraph\">\n<p>Martin Tamajka je v\u00fdskumn\u00edk a ved\u00faci in\u017einier pre umel\u00fa inteligenciu v Kempelenovom in\u0161tit\u00fate inteligentn\u00fdch technol\u00f3gi\u00ed, Martin je tie\u017e expertom na spracovanie obrazu.<\/p>\n<\/div>\n\n<div id=\"\" class=\"element core-paragraph\">\n<p><strong>Mari\u00e1n \u0160imko<\/strong><\/p>\n<\/div>\n\n<div id=\"\" class=\"element core-paragraph\">\n<p>Mari\u00e1n \u0160imko je ved\u00faci v\u00fdskumn\u00e9ho t\u00edmu zameran\u00e9ho na spracovanie prirodzen\u00e9ho jazyka, kam spad\u00e1 aj spracovanie tzv. multimod\u00e1lneho obsahu, v Kempelenovom in\u0161tit\u00fate inteligentn\u00fdch technol\u00f3gi\u00ed.<\/p>\n<\/div>\n\n<div id=\"\" class=\"element core-heading\">\n<h3 class=\"wp-block-heading\" id=\"results\">V\u00fdstupy projektu<\/h3>\n<\/div>\n\n<div id=\"\" class=\"element core-list\">\n<ol class=\"wp-block-list\"><div id=\"\" class=\"element core-list-item\">\n<li>Verejne pr\u00edstupn\u00fd model umelej inteligencie na automatick\u00fa detekciu \u0161pecifick\u00fdch grafick\u00fdch elementov v historick\u00fdch manuskriptoch, ktor\u00fd umo\u017en\u00ed anal\u00fdzu mas\u00edvnych korpusov za \u00fa\u010delom historick\u00e9ho v\u00fdskumu (<a href=\"https:\/\/zenodo.org\/record\/7813911\" target=\"_blank\" rel=\"noreferrer noopener\">model<\/a>, <a href=\"https:\/\/zenodo.org\/record\/7813108\" target=\"_blank\" rel=\"noreferrer noopener\">d\u00e1ta<\/a>).<\/li>\n<\/div>\n\n<div id=\"\" class=\"element core-list-item\">\n<li>Verejne pr\u00edstupn\u00fd prototyp softv\u00e9rov\u00e9ho n\u00e1stroja na anal\u00fdzu historick\u00fdch manuskriptov, postaven\u00fd na modeli umelej inteligencie, vyvinutom v r\u00e1mci projektu QVIRE &nbsp;(<a href=\"http:\/\/108.143.37.22\/\" target=\"_blank\" rel=\"noreferrer noopener\">online n\u00e1stroj<\/a>).<\/li>\n<\/div>\n\n<div id=\"\" class=\"element core-list-item\">\n<li>Verejne pr\u00edstupn\u00fd odborn\u00fd <a href=\"https:\/\/kinit.sk\/sk\/podujatie\/analyza-historickych-rukopisov-pomocou-umelej-inteligencie\/\" target=\"_blank\" rel=\"noreferrer noopener\">webin\u00e1r<\/a>. V r\u00e1mci webin\u00e1ra predstav\u00edme model a prototyp softv\u00e9ru vytvoren\u00e9 v r\u00e1mci projektu QVIRE. Vysvetl\u00edme mo\u017enosti vyu\u017eitia umelej inteligencie v humanitn\u00fdch ved\u00e1ch a ich potenci\u00e1l pre zefekt\u00edvnenie v\u00fdskumu v tejto oblasti.<\/li>\n<\/div>\n\n<div id=\"\" class=\"element core-list-item\">\n<li><a href=\"https:\/\/kinit.sk\/wp-content\/uploads\/2023\/06\/QVIRE_presentation_for_Novel_approaches_to_Digital_Codicology.pdf\">Prezent\u00e1cia na vedeckej konferencii<\/a> &#8211; Publik\u00e1cia v\u00fdsledkov projektu na medzin\u00e1rodnej konferencii <a href=\"https:\/\/www.lestudium-ias.com\/events\/novel-approaches-digital-codicology\" target=\"_blank\" rel=\"noreferrer noopener\">Novel approaches to Digital Codicology<\/a>. Odbornej verejnosti sme predstavili postupy, zistenia a z\u00e1very z\u00edskan\u00e9 po\u010das projektu.<\/li>\n<\/div>\n\n<div id=\"\" class=\"element core-list-item\">\n<li>Tento projektov\u00fd <a href=\"https:\/\/kinit.sk\/sk\/research\/qvire-cultural-ai\/\">web<\/a>.<\/li>\n<\/div><\/ol>\n<\/div>\n\n<div id=\"\" class=\"element core-heading\">\n<h3 class=\"wp-block-heading\" id=\"events\">Podujatia<\/h3>\n<\/div>\n\n<div id=\"\" class=\"element core-list\">\n<ul class=\"wp-block-list\"><div id=\"\" class=\"element core-list-item\">\n<li><a href=\"https:\/\/kinit.sk\/sk\/podujatie\/analyza-historickych-rukopisov-pomocou-umelej-inteligencie\/\" target=\"_blank\" rel=\"noreferrer noopener\">Webin\u00e1r<\/a> \u201cProjekt QVIRE: Umel\u00e1 inteligencia pom\u00e1ha v\u00fdskumu historick\u00fdch rukopisov\u201d (29. marec 2023)<\/li>\n<\/div><\/ul>\n<\/div>\n\n<div id=\"\" class=\"element core-embed wp-embed-aspect-16-9 wp-has-aspect-ratio\">\n<figure class=\"wp-block-embed is-type-video is-provider-youtube wp-block-embed-youtube wp-embed-aspect-16-9 wp-has-aspect-ratio\"><div class=\"wp-block-embed__wrapper\">\n<iframe title=\"Project QVIRE Webinar: AI aids medieval manuscript research\" width=\"500\" height=\"281\" data-src=\"https:\/\/www.youtube.com\/embed\/Vl9yzlYMBi4?feature=oembed\" frameborder=\"0\" allow=\"accelerometer; autoplay; clipboard-write; encrypted-media; gyroscope; picture-in-picture; web-share\" referrerpolicy=\"strict-origin-when-cross-origin\" allowfullscreen src=\"data:image\/svg+xml;base64,PHN2ZyB3aWR0aD0iMSIgaGVpZ2h0PSIxIiB4bWxucz0iaHR0cDovL3d3dy53My5vcmcvMjAwMC9zdmciPjwvc3ZnPg==\" class=\"lazyload\" data-load-mode=\"1\"><\/iframe>\n<\/div><\/figure>\n<\/div>\n\n<div id=\"\" class=\"element core-list\">\n<ul class=\"wp-block-list\"><div id=\"\" class=\"element core-list-item\">\n<li>Konferencia <a href=\"https:\/\/www.lestudium-ias.com\/events\/novel-approaches-digital-codicology\" target=\"_blank\" rel=\"noreferrer noopener\">\u201cNov\u00e9 pr\u00edstupy v digit\u00e1lnej kodikol\u00f3gii\u201c<\/a> (10.-12. m\u00e1j 2023) &#8211; na\u0161u prezent\u00e1ciu si m\u00f4\u017eete pozrie\u0165 <a href=\"https:\/\/kinit.sk\/wp-content\/uploads\/2023\/06\/QVIRE_presentation_for_Novel_approaches_to_Digital_Codicology.pdf\" target=\"_blank\" rel=\"noreferrer noopener\">tu<\/a>. <\/li>\n<\/div><\/ul>\n<\/div>\n\n\n\n<div id=\"\" class=\"element core-paragraph\">\n<p id=\"block-4621edd1-a4d3-4f61-ad31-1f3acbee055f\">Projekt bol realizovan\u00fd s finan\u010dnou podporou <a href=\"https:\/\/www.vlada.gov.sk\/poskytovanie-financnych-prostriedkov-z-rozpoctovej-rezervy-predsedu-vlady-sr\/\" target=\"_blank\" rel=\"noreferrer noopener\">z rozpo\u010dtovej rezervy predsedu vl\u00e1dy Slovenskej republiky<\/a>.<\/p>\n<\/div>","protected":false},"excerpt":{"rendered":"<p>QVIRE je s\u00fa\u010das\u0165ou spolo\u010dnej iniciat\u00edvy Dr. Eviny Stein, Univerzity Komensk\u00e9ho v Bratislave a Kempelenovho in\u0161tit\u00fatu inteligentn\u00fdch technol\u00f3gi\u00ed. Na\u0161\u00edm cie\u013eom je polo\u017ei\u0165 z\u00e1klady pre v\u00fdvoj tzv. Cultural AI v na\u0161om regi\u00f3ne&#8230;<\/p>\n","protected":false},"author":26,"featured_media":22800,"parent":8303,"menu_order":1,"comment_status":"closed","ping_status":"closed","template":"","meta":{"_acf_changed":false,"footnotes":""},"class_list":["post-25820","page","type-page","status-publish","has-post-thumbnail","hentry"],"acf":[],"yoast_head":"<!-- This site is optimized with the Yoast SEO plugin v27.4 - https:\/\/yoast.com\/product\/yoast-seo-wordpress\/ -->\n<title>Cultural AI na Slovensku - KInIT<\/title>\n<meta name=\"description\" content=\"QVIRE je s\u00fa\u010das\u0165ou spolo\u010dnej iniciat\u00edvy Dr. Eviny Stein, Univerzity Komensk\u00e9ho v Bratislave a Kempelenovho in\u0161tit\u00fatu inteligentn\u00fdch technol\u00f3gi\u00ed. Na\u0161\u00edm cie\u013eom je polo\u017ei\u0165 z\u00e1klady pre v\u00fdvoj tzv. Cultural AI v na\u0161om regi\u00f3ne a pom\u00f4c\u0165 pri vzniku prv\u00e9ho Cultural AI laborat\u00f3ria na Slovensku. Z\u00e1merom tohto multidisciplin\u00e1rneho projektu je prinies\u0165 na Slovensko know-how v oblasti pou\u017e\u00edvania umelej inteligencie (AI) v kult\u00farnom sektore a humanitno-vednom v\u00fdskume.\" \/>\n<meta name=\"robots\" content=\"index, follow, max-snippet:-1, max-image-preview:large, max-video-preview:-1\" \/>\n<link rel=\"canonical\" href=\"https:\/\/kinit.sk\/sk\/research\/qvire-cultural-ai\/\" \/>\n<meta property=\"og:locale\" content=\"sk_SK\" \/>\n<meta property=\"og:type\" content=\"article\" \/>\n<meta property=\"og:title\" content=\"Cultural AI na Slovensku - KInIT\" \/>\n<meta property=\"og:description\" content=\"QVIRE je s\u00fa\u010das\u0165ou spolo\u010dnej iniciat\u00edvy Dr. Eviny Stein, Univerzity Komensk\u00e9ho v Bratislave a Kempelenovho in\u0161tit\u00fatu inteligentn\u00fdch technol\u00f3gi\u00ed. Na\u0161\u00edm cie\u013eom je polo\u017ei\u0165 z\u00e1klady pre v\u00fdvoj tzv. Cultural AI v na\u0161om regi\u00f3ne a pom\u00f4c\u0165 pri vzniku prv\u00e9ho Cultural AI laborat\u00f3ria na Slovensku. Z\u00e1merom tohto multidisciplin\u00e1rneho projektu je prinies\u0165 na Slovensko know-how v oblasti pou\u017e\u00edvania umelej inteligencie (AI) v kult\u00farnom sektore a humanitno-vednom v\u00fdskume.\" \/>\n<meta property=\"og:url\" content=\"https:\/\/kinit.sk\/sk\/research\/qvire-cultural-ai\/\" \/>\n<meta property=\"og:site_name\" content=\"KInIT\" \/>\n<meta property=\"article:modified_time\" content=\"2023-06-12T15:14:57+00:00\" \/>\n<meta property=\"og:image\" content=\"https:\/\/kinit.sk\/wp-content\/uploads\/2022\/11\/1_Header1_Research_Teams-Edit2-1-scaled.jpg\" \/>\n\t<meta property=\"og:image:width\" content=\"2560\" \/>\n\t<meta property=\"og:image:height\" content=\"1093\" \/>\n\t<meta property=\"og:image:type\" content=\"image\/jpeg\" \/>\n<meta name=\"twitter:card\" content=\"summary_large_image\" \/>\n<meta name=\"twitter:site\" content=\"@kinit\" \/>\n<meta name=\"twitter:label1\" content=\"Predpokladan\u00fd \u010das \u010d\u00edtania\" \/>\n\t<meta name=\"twitter:data1\" content=\"4 min\u00faty\" \/>\n<script type=\"application\/ld+json\" class=\"yoast-schema-graph\">{\"@context\":\"https:\\\/\\\/schema.org\",\"@graph\":[{\"@type\":\"WebPage\",\"@id\":\"https:\\\/\\\/kinit.sk\\\/sk\\\/research\\\/qvire-cultural-ai\\\/\",\"url\":\"https:\\\/\\\/kinit.sk\\\/sk\\\/research\\\/qvire-cultural-ai\\\/\",\"name\":\"Cultural AI na Slovensku - KInIT\",\"isPartOf\":{\"@id\":\"https:\\\/\\\/kinit.sk\\\/#website\"},\"primaryImageOfPage\":{\"@id\":\"https:\\\/\\\/kinit.sk\\\/sk\\\/research\\\/qvire-cultural-ai\\\/#primaryimage\"},\"image\":{\"@id\":\"https:\\\/\\\/kinit.sk\\\/sk\\\/research\\\/qvire-cultural-ai\\\/#primaryimage\"},\"thumbnailUrl\":\"https:\\\/\\\/kinit.sk\\\/wp-content\\\/uploads\\\/2022\\\/11\\\/1_Header1_Research_Teams-Edit2-1-scaled.jpg\",\"datePublished\":\"2023-03-14T13:24:16+00:00\",\"dateModified\":\"2023-06-12T15:14:57+00:00\",\"description\":\"QVIRE je s\u00fa\u010das\u0165ou spolo\u010dnej iniciat\u00edvy Dr. Eviny Stein, Univerzity Komensk\u00e9ho v Bratislave a Kempelenovho in\u0161tit\u00fatu inteligentn\u00fdch technol\u00f3gi\u00ed. Na\u0161\u00edm cie\u013eom je polo\u017ei\u0165 z\u00e1klady pre v\u00fdvoj tzv. Cultural AI v na\u0161om regi\u00f3ne a pom\u00f4c\u0165 pri vzniku prv\u00e9ho Cultural AI laborat\u00f3ria na Slovensku. Z\u00e1merom tohto multidisciplin\u00e1rneho projektu je prinies\u0165 na Slovensko know-how v oblasti pou\u017e\u00edvania umelej inteligencie (AI) v kult\u00farnom sektore a humanitno-vednom v\u00fdskume.\",\"breadcrumb\":{\"@id\":\"https:\\\/\\\/kinit.sk\\\/sk\\\/research\\\/qvire-cultural-ai\\\/#breadcrumb\"},\"inLanguage\":\"sk-SK\",\"potentialAction\":[{\"@type\":\"ReadAction\",\"target\":[\"https:\\\/\\\/kinit.sk\\\/sk\\\/research\\\/qvire-cultural-ai\\\/\"]}]},{\"@type\":\"ImageObject\",\"inLanguage\":\"sk-SK\",\"@id\":\"https:\\\/\\\/kinit.sk\\\/sk\\\/research\\\/qvire-cultural-ai\\\/#primaryimage\",\"url\":\"https:\\\/\\\/kinit.sk\\\/wp-content\\\/uploads\\\/2022\\\/11\\\/1_Header1_Research_Teams-Edit2-1-scaled.jpg\",\"contentUrl\":\"https:\\\/\\\/kinit.sk\\\/wp-content\\\/uploads\\\/2022\\\/11\\\/1_Header1_Research_Teams-Edit2-1-scaled.jpg\",\"width\":2560,\"height\":1093},{\"@type\":\"BreadcrumbList\",\"@id\":\"https:\\\/\\\/kinit.sk\\\/sk\\\/research\\\/qvire-cultural-ai\\\/#breadcrumb\",\"itemListElement\":[{\"@type\":\"ListItem\",\"position\":1,\"name\":\"Home\",\"item\":\"https:\\\/\\\/kinit.sk\\\/sk\\\/\"},{\"@type\":\"ListItem\",\"position\":2,\"name\":\"V\u00fdskum\",\"item\":\"https:\\\/\\\/kinit.sk\\\/sk\\\/research\\\/\"},{\"@type\":\"ListItem\",\"position\":3,\"name\":\"Cultural AI na Slovensku\"}]},{\"@type\":\"WebSite\",\"@id\":\"https:\\\/\\\/kinit.sk\\\/#website\",\"url\":\"https:\\\/\\\/kinit.sk\\\/\",\"name\":\"KInIT\",\"description\":\"Vyu\u017e\u00edvame v\u00fdskum pre \u013eud\u00ed a priemysel\",\"potentialAction\":[{\"@type\":\"SearchAction\",\"target\":{\"@type\":\"EntryPoint\",\"urlTemplate\":\"https:\\\/\\\/kinit.sk\\\/?s={search_term_string}\"},\"query-input\":{\"@type\":\"PropertyValueSpecification\",\"valueRequired\":true,\"valueName\":\"search_term_string\"}}],\"inLanguage\":\"sk-SK\"}]}<\/script>\n<!-- \/ Yoast SEO plugin. -->","yoast_head_json":{"title":"Cultural AI na Slovensku - KInIT","description":"QVIRE je s\u00fa\u010das\u0165ou spolo\u010dnej iniciat\u00edvy Dr. Eviny Stein, Univerzity Komensk\u00e9ho v Bratislave a Kempelenovho in\u0161tit\u00fatu inteligentn\u00fdch technol\u00f3gi\u00ed. Na\u0161\u00edm cie\u013eom je polo\u017ei\u0165 z\u00e1klady pre v\u00fdvoj tzv. Cultural AI v na\u0161om regi\u00f3ne a pom\u00f4c\u0165 pri vzniku prv\u00e9ho Cultural AI laborat\u00f3ria na Slovensku. Z\u00e1merom tohto multidisciplin\u00e1rneho projektu je prinies\u0165 na Slovensko know-how v oblasti pou\u017e\u00edvania umelej inteligencie (AI) v kult\u00farnom sektore a humanitno-vednom v\u00fdskume.","robots":{"index":"index","follow":"follow","max-snippet":"max-snippet:-1","max-image-preview":"max-image-preview:large","max-video-preview":"max-video-preview:-1"},"canonical":"https:\/\/kinit.sk\/sk\/research\/qvire-cultural-ai\/","og_locale":"sk_SK","og_type":"article","og_title":"Cultural AI na Slovensku - KInIT","og_description":"QVIRE je s\u00fa\u010das\u0165ou spolo\u010dnej iniciat\u00edvy Dr. Eviny Stein, Univerzity Komensk\u00e9ho v Bratislave a Kempelenovho in\u0161tit\u00fatu inteligentn\u00fdch technol\u00f3gi\u00ed. Na\u0161\u00edm cie\u013eom je polo\u017ei\u0165 z\u00e1klady pre v\u00fdvoj tzv. Cultural AI v na\u0161om regi\u00f3ne a pom\u00f4c\u0165 pri vzniku prv\u00e9ho Cultural AI laborat\u00f3ria na Slovensku. Z\u00e1merom tohto multidisciplin\u00e1rneho projektu je prinies\u0165 na Slovensko know-how v oblasti pou\u017e\u00edvania umelej inteligencie (AI) v kult\u00farnom sektore a humanitno-vednom v\u00fdskume.","og_url":"https:\/\/kinit.sk\/sk\/research\/qvire-cultural-ai\/","og_site_name":"KInIT","article_modified_time":"2023-06-12T15:14:57+00:00","og_image":[{"width":2560,"height":1093,"url":"https:\/\/kinit.sk\/wp-content\/uploads\/2022\/11\/1_Header1_Research_Teams-Edit2-1-scaled.jpg","type":"image\/jpeg"}],"twitter_card":"summary_large_image","twitter_site":"@kinit","twitter_misc":{"Predpokladan\u00fd \u010das \u010d\u00edtania":"4 min\u00faty"},"schema":{"@context":"https:\/\/schema.org","@graph":[{"@type":"WebPage","@id":"https:\/\/kinit.sk\/sk\/research\/qvire-cultural-ai\/","url":"https:\/\/kinit.sk\/sk\/research\/qvire-cultural-ai\/","name":"Cultural AI na Slovensku - KInIT","isPartOf":{"@id":"https:\/\/kinit.sk\/#website"},"primaryImageOfPage":{"@id":"https:\/\/kinit.sk\/sk\/research\/qvire-cultural-ai\/#primaryimage"},"image":{"@id":"https:\/\/kinit.sk\/sk\/research\/qvire-cultural-ai\/#primaryimage"},"thumbnailUrl":"https:\/\/kinit.sk\/wp-content\/uploads\/2022\/11\/1_Header1_Research_Teams-Edit2-1-scaled.jpg","datePublished":"2023-03-14T13:24:16+00:00","dateModified":"2023-06-12T15:14:57+00:00","description":"QVIRE je s\u00fa\u010das\u0165ou spolo\u010dnej iniciat\u00edvy Dr. Eviny Stein, Univerzity Komensk\u00e9ho v Bratislave a Kempelenovho in\u0161tit\u00fatu inteligentn\u00fdch technol\u00f3gi\u00ed. Na\u0161\u00edm cie\u013eom je polo\u017ei\u0165 z\u00e1klady pre v\u00fdvoj tzv. Cultural AI v na\u0161om regi\u00f3ne a pom\u00f4c\u0165 pri vzniku prv\u00e9ho Cultural AI laborat\u00f3ria na Slovensku. Z\u00e1merom tohto multidisciplin\u00e1rneho projektu je prinies\u0165 na Slovensko know-how v oblasti pou\u017e\u00edvania umelej inteligencie (AI) v kult\u00farnom sektore a humanitno-vednom v\u00fdskume.","breadcrumb":{"@id":"https:\/\/kinit.sk\/sk\/research\/qvire-cultural-ai\/#breadcrumb"},"inLanguage":"sk-SK","potentialAction":[{"@type":"ReadAction","target":["https:\/\/kinit.sk\/sk\/research\/qvire-cultural-ai\/"]}]},{"@type":"ImageObject","inLanguage":"sk-SK","@id":"https:\/\/kinit.sk\/sk\/research\/qvire-cultural-ai\/#primaryimage","url":"https:\/\/kinit.sk\/wp-content\/uploads\/2022\/11\/1_Header1_Research_Teams-Edit2-1-scaled.jpg","contentUrl":"https:\/\/kinit.sk\/wp-content\/uploads\/2022\/11\/1_Header1_Research_Teams-Edit2-1-scaled.jpg","width":2560,"height":1093},{"@type":"BreadcrumbList","@id":"https:\/\/kinit.sk\/sk\/research\/qvire-cultural-ai\/#breadcrumb","itemListElement":[{"@type":"ListItem","position":1,"name":"Home","item":"https:\/\/kinit.sk\/sk\/"},{"@type":"ListItem","position":2,"name":"V\u00fdskum","item":"https:\/\/kinit.sk\/sk\/research\/"},{"@type":"ListItem","position":3,"name":"Cultural AI na Slovensku"}]},{"@type":"WebSite","@id":"https:\/\/kinit.sk\/#website","url":"https:\/\/kinit.sk\/","name":"KInIT","description":"Vyu\u017e\u00edvame v\u00fdskum pre \u013eud\u00ed a priemysel","potentialAction":[{"@type":"SearchAction","target":{"@type":"EntryPoint","urlTemplate":"https:\/\/kinit.sk\/?s={search_term_string}"},"query-input":{"@type":"PropertyValueSpecification","valueRequired":true,"valueName":"search_term_string"}}],"inLanguage":"sk-SK"}]}},"_links":{"self":[{"href":"https:\/\/kinit.sk\/sk\/wp-json\/wp\/v2\/pages\/25820","targetHints":{"allow":["GET"]}}],"collection":[{"href":"https:\/\/kinit.sk\/sk\/wp-json\/wp\/v2\/pages"}],"about":[{"href":"https:\/\/kinit.sk\/sk\/wp-json\/wp\/v2\/types\/page"}],"author":[{"embeddable":true,"href":"https:\/\/kinit.sk\/sk\/wp-json\/wp\/v2\/users\/26"}],"replies":[{"embeddable":true,"href":"https:\/\/kinit.sk\/sk\/wp-json\/wp\/v2\/comments?post=25820"}],"version-history":[{"count":10,"href":"https:\/\/kinit.sk\/sk\/wp-json\/wp\/v2\/pages\/25820\/revisions"}],"predecessor-version":[{"id":27163,"href":"https:\/\/kinit.sk\/sk\/wp-json\/wp\/v2\/pages\/25820\/revisions\/27163"}],"up":[{"embeddable":true,"href":"https:\/\/kinit.sk\/sk\/wp-json\/wp\/v2\/pages\/8303"}],"wp:featuredmedia":[{"embeddable":true,"href":"https:\/\/kinit.sk\/sk\/wp-json\/wp\/v2\/media\/22800"}],"wp:attachment":[{"href":"https:\/\/kinit.sk\/sk\/wp-json\/wp\/v2\/media?parent=25820"}],"curies":[{"name":"wp","href":"https:\/\/api.w.org\/{rel}","templated":true}]}}