{"id":18967,"date":"2022-06-30T01:14:52","date_gmt":"2022-06-29T23:14:52","guid":{"rendered":"https:\/\/kinit.sk\/novinky\/media-coverage\/"},"modified":"2022-06-30T01:38:43","modified_gmt":"2022-06-29T23:38:43","slug":"media","status":"publish","type":"page","link":"https:\/\/kinit.sk\/sk\/novinky\/media\/","title":{"rendered":"M\u00e9di\u00e1"},"content":{"rendered":"<div id=\"\" class=\"element core-shortcode\"><div class=\"facetwp-template\" data-name=\"media_coverage\"><article id=\"loop-item-40831\" class=\"loop-item\">\n  <div class=\"inner cf\">\n    <a href=\"https:\/\/kinit.sk\/sk\/kinit-in-quark-magazine-skryte-predsudky\/\">\n              <div class=\"picture\">\n            <img decoding=\"async\" width=\"320\" height=\"200\" data-src=\"https:\/\/kinit.sk\/wp-content\/uploads\/2025\/09\/Quark_Feature-Image4-320x200.png\" class=\"attachment-thumbnail size-thumbnail wp-post-image lazyload\" alt=\"\" src=\"data:image\/svg+xml;base64,PHN2ZyB3aWR0aD0iMSIgaGVpZ2h0PSIxIiB4bWxucz0iaHR0cDovL3d3dy53My5vcmcvMjAwMC9zdmciPjwvc3ZnPg==\" style=\"--smush-placeholder-width: 320px; --smush-placeholder-aspect-ratio: 320\/200;\" \/>        <\/div>\n            <div class=\"content cf\">\n        <div class=\"content-inner\">\n          <h3>KInIT in Quark magazine: Skryt\u00e9 predsudky<\/h3>\n          <div class=\"meta cf\">\n            <div class=\"date\">\n              3. mar 2026            <\/div>\n          <\/div>\n          <div class=\"excerpt\">Na\u0161a kolabor\u00e1cia s \u010dasopisom Quark pokra\u010duje \u010fal\u0161\u00edm \u010dl\u00e1nkom zo s\u00e9rie zameranej na inteligentn\u00e9 technol\u00f3gie. Quark je slovensk\u00fd popul\u00e1rno-vedeck\u00fd magaz\u00edn venovan\u00fd vede a technol\u00f3gi\u00e1m, v ktorom m\u00f4\u017eete pr\u00edspevky KInITu n\u00e1js\u0165 ka\u017ed\u00fd mesiac...<\/div>\n        <\/div>\n      <\/div>\n    <\/a>\n  <\/div>\n<\/article>\n<article id=\"loop-item-40294\" class=\"loop-item\">\n  <div class=\"inner cf\">\n    <a href=\"https:\/\/kinit.sk\/sk\/kinit-in-quark-magazine-linguistic-inequalities\/\">\n              <div class=\"picture\">\n            <img decoding=\"async\" width=\"320\" height=\"200\" data-src=\"https:\/\/kinit.sk\/wp-content\/uploads\/2026\/02\/FraudNet_Feature-Img2-320x200.png\" class=\"attachment-thumbnail size-thumbnail wp-post-image lazyload\" alt=\"\" src=\"data:image\/svg+xml;base64,PHN2ZyB3aWR0aD0iMSIgaGVpZ2h0PSIxIiB4bWxucz0iaHR0cDovL3d3dy53My5vcmcvMjAwMC9zdmciPjwvc3ZnPg==\" style=\"--smush-placeholder-width: 320px; --smush-placeholder-aspect-ratio: 320\/200;\" \/>        <\/div>\n            <div class=\"content cf\">\n        <div class=\"content-inner\">\n          <h3>KInIT in Quark magazine: Jazykov\u00e9 nerovnosti<\/h3>\n          <div class=\"meta cf\">\n            <div class=\"date\">\n              3. feb 2026            <\/div>\n          <\/div>\n          <div class=\"excerpt\">Pokra\u010dujeme v spolupr\u00e1ci s \u010dasopisom Quark a prin\u00e1\u0161ame v\u00e1m nov\u00fd \u010dl\u00e1nok z n\u00e1\u0161ho seri\u00e1lu zameran\u00e9ho na inteligentn\u00e9 technol\u00f3gie. Quark je slovensk\u00fd populariza\u010dn\u00fd vedeck\u00fd \u010dasopis venovan\u00fd vede a technike, do ktor\u00e9ho KInIT pravidelne...<\/div>\n        <\/div>\n      <\/div>\n    <\/a>\n  <\/div>\n<\/article>\n<article id=\"loop-item-39939\" class=\"loop-item\">\n  <div class=\"inner cf\">\n    <a href=\"https:\/\/kinit.sk\/sk\/kinit-in-quark-magazine-digital-humanism\/\">\n              <div class=\"picture\">\n            <img decoding=\"async\" width=\"320\" height=\"200\" data-src=\"https:\/\/kinit.sk\/wp-content\/uploads\/2025\/09\/Quark_Feature-Image2-320x200.png\" class=\"attachment-thumbnail size-thumbnail wp-post-image lazyload\" alt=\"\" src=\"data:image\/svg+xml;base64,PHN2ZyB3aWR0aD0iMSIgaGVpZ2h0PSIxIiB4bWxucz0iaHR0cDovL3d3dy53My5vcmcvMjAwMC9zdmciPjwvc3ZnPg==\" style=\"--smush-placeholder-width: 320px; --smush-placeholder-aspect-ratio: 320\/200;\" \/>        <\/div>\n            <div class=\"content cf\">\n        <div class=\"content-inner\">\n          <h3>KInIT in Quark magazine: Digital humanism<\/h3>\n          <div class=\"meta cf\">\n            <div class=\"date\">\n              12. jan 2026            <\/div>\n          <\/div>\n          <div class=\"excerpt\">We continue our partnership with the Quark magazine and bring you a new article from our series focused on intelligent technologies. Quark is a Slovak popular-science magazine dedicated to science and technology,...<\/div>\n        <\/div>\n      <\/div>\n    <\/a>\n  <\/div>\n<\/article>\n<article id=\"loop-item-39590\" class=\"loop-item\">\n  <div class=\"inner cf\">\n    <a href=\"https:\/\/kinit.sk\/sk\/kinit-v-casopise-quark-moralna-citlivost\/\">\n              <div class=\"picture\">\n            <img decoding=\"async\" width=\"320\" height=\"200\" data-src=\"https:\/\/kinit.sk\/wp-content\/uploads\/2025\/09\/Quark_Feature-Image3-320x200.png\" class=\"attachment-thumbnail size-thumbnail wp-post-image lazyload\" alt=\"\" src=\"data:image\/svg+xml;base64,PHN2ZyB3aWR0aD0iMSIgaGVpZ2h0PSIxIiB4bWxucz0iaHR0cDovL3d3dy53My5vcmcvMjAwMC9zdmciPjwvc3ZnPg==\" style=\"--smush-placeholder-width: 320px; --smush-placeholder-aspect-ratio: 320\/200;\" \/>        <\/div>\n            <div class=\"content cf\">\n        <div class=\"content-inner\">\n          <h3>KInIT v \u010dasopise Quark: Mor\u00e1lna citlivos\u0165<\/h3>\n          <div class=\"meta cf\">\n            <div class=\"date\">\n              8. dec 2025            <\/div>\n          <\/div>\n          <div class=\"excerpt\">Pokra\u010dujeme v na\u0161ej spolupr\u00e1ci s \u010dasopisom Quark a prin\u00e1\u0161ame v\u00e1m \u010fal\u0161\u00ed skvel\u00fd \u010dl\u00e1nok z na\u0161ej s\u00e9rie, ktor\u00e1 sa bli\u017e\u0161ie pozer\u00e1 na inteligentn\u00e9 technol\u00f3gie. Quark je slovensk\u00fd \u010dasopis zameran\u00fd na oblasti vedy a...<\/div>\n        <\/div>\n      <\/div>\n    <\/a>\n  <\/div>\n<\/article>\n<article id=\"loop-item-39013\" class=\"loop-item\">\n  <div class=\"inner cf\">\n    <a href=\"https:\/\/kinit.sk\/sk\/kinit-v-casopise-quark-spolahlive-mantinely\/\">\n              <div class=\"picture\">\n            <img decoding=\"async\" width=\"320\" height=\"200\" data-src=\"https:\/\/kinit.sk\/wp-content\/uploads\/2025\/09\/Quark_Feature-Image4-320x200.png\" class=\"attachment-thumbnail size-thumbnail wp-post-image lazyload\" alt=\"\" src=\"data:image\/svg+xml;base64,PHN2ZyB3aWR0aD0iMSIgaGVpZ2h0PSIxIiB4bWxucz0iaHR0cDovL3d3dy53My5vcmcvMjAwMC9zdmciPjwvc3ZnPg==\" style=\"--smush-placeholder-width: 320px; --smush-placeholder-aspect-ratio: 320\/200;\" \/>        <\/div>\n            <div class=\"content cf\">\n        <div class=\"content-inner\">\n          <h3>KInIT v \u010dasopise Quark: Spo\u013eahliv\u00e9 mantinely<\/h3>\n          <div class=\"meta cf\">\n            <div class=\"date\">\n              5. nov 2025            <\/div>\n          <\/div>\n          <div class=\"excerpt\">Pokra\u010dujeme v na\u0161ej spolupr\u00e1ci s \u010dasopisom&nbsp;Quark&nbsp;a prin\u00e1\u0161ame v\u00e1m \u010fal\u0161\u00ed skvel\u00fd \u010dl\u00e1nok z na\u0161ej s\u00e9rie, ktor\u00e1 sa bli\u017e\u0161ie pozer\u00e1 na inteligentn\u00e9 technol\u00f3gie. Quark je slovensk\u00fd \u010dasopis zameran\u00fd na oblasti vedy a...<\/div>\n        <\/div>\n      <\/div>\n    <\/a>\n  <\/div>\n<\/article>\n<article id=\"loop-item-38468\" class=\"loop-item\">\n  <div class=\"inner cf\">\n    <a href=\"https:\/\/kinit.sk\/sk\/kinit-v-casopise-quark-ne-bezpecny-pomocnik\/\">\n              <div class=\"picture\">\n            <img decoding=\"async\" width=\"320\" height=\"200\" data-src=\"https:\/\/kinit.sk\/wp-content\/uploads\/2025\/09\/Quark_Feature-Image1-320x200.png\" class=\"attachment-thumbnail size-thumbnail wp-post-image lazyload\" alt=\"\" src=\"data:image\/svg+xml;base64,PHN2ZyB3aWR0aD0iMSIgaGVpZ2h0PSIxIiB4bWxucz0iaHR0cDovL3d3dy53My5vcmcvMjAwMC9zdmciPjwvc3ZnPg==\" style=\"--smush-placeholder-width: 320px; --smush-placeholder-aspect-ratio: 320\/200;\" \/>        <\/div>\n            <div class=\"content cf\">\n        <div class=\"content-inner\">\n          <h3>KInIT v \u010dasopise Quark: (Ne)bezpe\u010dn\u00fd pomocn\u00edk<\/h3>\n          <div class=\"meta cf\">\n            <div class=\"date\">\n              6. okt 2025            <\/div>\n          <\/div>\n          <div class=\"excerpt\">Pokra\u010dujeme v na\u0161ej spolupr\u00e1ci s \u010dasopisom&nbsp;Quark&nbsp;a prin\u00e1\u0161ame v\u00e1m \u010fal\u0161\u00ed skvel\u00fd \u010dl\u00e1nok z na\u0161ej s\u00e9rie, ktor\u00e1 sa bli\u017e\u0161ie pozer\u00e1 na inteligentn\u00e9 technol\u00f3gie. Quark je slovensk\u00fd \u010dasopis zameran\u00fd na oblasti vedy a...<\/div>\n        <\/div>\n      <\/div>\n    <\/a>\n  <\/div>\n<\/article>\n<article id=\"loop-item-37926\" class=\"loop-item\">\n  <div class=\"inner cf\">\n    <a href=\"https:\/\/kinit.sk\/sk\/kinit-v-casopise-quark-iluzia-neutrality\/\">\n              <div class=\"picture\">\n            <img decoding=\"async\" width=\"320\" height=\"200\" data-src=\"https:\/\/kinit.sk\/wp-content\/uploads\/2025\/09\/Quark_Feature-Image2-320x200.png\" class=\"attachment-thumbnail size-thumbnail wp-post-image lazyload\" alt=\"\" src=\"data:image\/svg+xml;base64,PHN2ZyB3aWR0aD0iMSIgaGVpZ2h0PSIxIiB4bWxucz0iaHR0cDovL3d3dy53My5vcmcvMjAwMC9zdmciPjwvc3ZnPg==\" style=\"--smush-placeholder-width: 320px; --smush-placeholder-aspect-ratio: 320\/200;\" \/>        <\/div>\n            <div class=\"content cf\">\n        <div class=\"content-inner\">\n          <h3>KInIT v \u010dasopise Quark: Il\u00fazia neutrality<\/h3>\n          <div class=\"meta cf\">\n            <div class=\"date\">\n              8. sep 2025            <\/div>\n          <\/div>\n          <div class=\"excerpt\">V spolupr\u00e1ci s \u010dasopisom&nbsp;Quark&nbsp;v\u00e1m budeme pravidelne prin\u00e1\u0161a\u0165 zauj\u00edmav\u00e9 \u010dl\u00e1nky z oblasti inteligentn\u00fdch technol\u00f3gi\u00ed. \u010cl\u00e1nky vych\u00e1dzaj\u00fa ka\u017ed\u00fd mesiac v \u010dasopise, z\u00e1rove\u0148 s\u00fa vo\u013ene dostupn\u00e9 bez predplatn\u00e9ho na&nbsp;str\u00e1nke \u010dasopisu Quark&nbsp;a na na\u0161om...<\/div>\n        <\/div>\n      <\/div>\n    <\/a>\n  <\/div>\n<\/article>\n<article id=\"loop-item-33929\" class=\"loop-item\">\n  <div class=\"inner cf\">\n    <a href=\"https:\/\/kinit.sk\/sk\/dokazeme-vycvicit-socialne-siete-robert-moro-v-slovenskom-rozhlase\/\">\n              <div class=\"picture\">\n            <img decoding=\"async\" width=\"320\" height=\"200\" data-src=\"https:\/\/kinit.sk\/wp-content\/uploads\/2024\/10\/Media-coverage_feature-images_Robert-Moro-320x200.png\" class=\"attachment-thumbnail size-thumbnail wp-post-image lazyload\" alt=\"\" src=\"data:image\/svg+xml;base64,PHN2ZyB3aWR0aD0iMSIgaGVpZ2h0PSIxIiB4bWxucz0iaHR0cDovL3d3dy53My5vcmcvMjAwMC9zdmciPjwvc3ZnPg==\" style=\"--smush-placeholder-width: 320px; --smush-placeholder-aspect-ratio: 320\/200;\" \/>        <\/div>\n            <div class=\"content cf\">\n        <div class=\"content-inner\">\n          <h3>Dok\u00e1\u017eeme vycvi\u010di\u0165 soci\u00e1lne siete? R\u00f3bert M\u00f3ro v Slovenskom rozhlase<\/h3>\n          <div class=\"meta cf\">\n            <div class=\"date\">\n              15. okt 2024            <\/div>\n          <\/div>\n          <div class=\"excerpt\">V ned\u00e1vnom rozhovore pre Slovensk\u00fd rozhlas sa n\u00e1\u0161 v\u00fdskumn\u00edk R\u00f3bert M\u00f3ro venoval ve\u013emi aktu\u00e1lnej t\u00e9me: Ako si vycvi\u010di\u0165 soci\u00e1lne siete. Digit\u00e1lne platformy dominuj\u00fa v na\u0161ich \u017eivotoch, preto je d\u00f4le\u017eit\u00e9 pochopi\u0165,...<\/div>\n        <\/div>\n      <\/div>\n    <\/a>\n  <\/div>\n<\/article>\n<article id=\"loop-item-33353\" class=\"loop-item\">\n  <div class=\"inner cf\">\n    <a href=\"https:\/\/kinit.sk\/sk\/kinit-v-casopise-quark-ai-ako-ludska-bytost\/\">\n              <div class=\"picture\">\n            <img decoding=\"async\" width=\"320\" height=\"200\" data-src=\"https:\/\/kinit.sk\/wp-content\/uploads\/2022\/10\/202209_web_news_quark_2SK-320x200.png\" class=\"attachment-thumbnail size-thumbnail wp-post-image lazyload\" alt=\"\" src=\"data:image\/svg+xml;base64,PHN2ZyB3aWR0aD0iMSIgaGVpZ2h0PSIxIiB4bWxucz0iaHR0cDovL3d3dy53My5vcmcvMjAwMC9zdmciPjwvc3ZnPg==\" style=\"--smush-placeholder-width: 320px; --smush-placeholder-aspect-ratio: 320\/200;\" \/>        <\/div>\n            <div class=\"content cf\">\n        <div class=\"content-inner\">\n          <h3>KInIT v \u010dasopise Quark: AI ako \u013eudsk\u00e1 bytos\u0165?<\/h3>\n          <div class=\"meta cf\">\n            <div class=\"date\">\n              3. sep 2024            <\/div>\n          <\/div>\n          <div class=\"excerpt\">V spolupr\u00e1ci s \u010dasopisom&nbsp;Quark&nbsp;v\u00e1m budeme pravidelne prin\u00e1\u0161a\u0165 zauj\u00edmav\u00e9 \u010dl\u00e1nky z oblasti inteligentn\u00fdch technol\u00f3gi\u00ed. \u010cl\u00e1nky vych\u00e1dzaj\u00fa ka\u017ed\u00fd mesiac v \u010dasopise, z\u00e1rove\u0148 s\u00fa vo\u013ene dostupn\u00e9 bez predplatn\u00e9ho na&nbsp;str\u00e1nke \u010dasopisu Quark&nbsp;a na na\u0161om...<\/div>\n        <\/div>\n      <\/div>\n    <\/a>\n  <\/div>\n<\/article>\n<\/div>\n<\/div>\n\n<div id=\"\" class=\"element core-shortcode\"><div class=\"facetwp-facet facetwp-facet-pager_ facetwp-type-pager\" data-name=\"pager_\" data-type=\"pager\"><\/div>\n<\/div>","protected":false},"excerpt":{"rendered":"","protected":false},"author":1,"featured_media":0,"parent":17284,"menu_order":4,"comment_status":"closed","ping_status":"closed","template":"","meta":{"_acf_changed":false,"footnotes":""},"class_list":["post-18967","page","type-page","status-publish","hentry"],"acf":[],"yoast_head":"<!-- This site is optimized with the Yoast SEO plugin v27.4 - https:\/\/yoast.com\/product\/yoast-seo-wordpress\/ -->\n<title>M\u00e9di\u00e1 - KInIT<\/title>\n<meta name=\"robots\" content=\"index, follow, max-snippet:-1, max-image-preview:large, max-video-preview:-1\" \/>\n<link rel=\"canonical\" href=\"https:\/\/kinit.sk\/sk\/novinky\/media\/\" \/>\n<meta property=\"og:locale\" content=\"sk_SK\" \/>\n<meta property=\"og:type\" content=\"article\" \/>\n<meta property=\"og:title\" content=\"M\u00e9di\u00e1 - KInIT\" \/>\n<meta property=\"og:url\" content=\"https:\/\/kinit.sk\/sk\/novinky\/media\/\" \/>\n<meta property=\"og:site_name\" content=\"KInIT\" \/>\n<meta property=\"article:modified_time\" content=\"2022-06-29T23:38:43+00:00\" \/>\n<meta property=\"og:image\" content=\"https:\/\/kinit.sk\/wp-content\/uploads\/2021\/03\/KINIT_Sharepic.png\" \/>\n\t<meta property=\"og:image:width\" content=\"1200\" \/>\n\t<meta property=\"og:image:height\" content=\"628\" \/>\n\t<meta property=\"og:image:type\" content=\"image\/png\" \/>\n<meta name=\"twitter:card\" content=\"summary_large_image\" \/>\n<meta name=\"twitter:site\" content=\"@kinit\" \/>\n<meta name=\"twitter:label1\" content=\"Predpokladan\u00fd \u010das \u010d\u00edtania\" \/>\n\t<meta name=\"twitter:data1\" content=\"1 min\u00fata\" \/>\n<script type=\"application\/ld+json\" class=\"yoast-schema-graph\">{\"@context\":\"https:\\\/\\\/schema.org\",\"@graph\":[{\"@type\":\"WebPage\",\"@id\":\"https:\\\/\\\/kinit.sk\\\/sk\\\/novinky\\\/media\\\/\",\"url\":\"https:\\\/\\\/kinit.sk\\\/sk\\\/novinky\\\/media\\\/\",\"name\":\"M\u00e9di\u00e1 - KInIT\",\"isPartOf\":{\"@id\":\"https:\\\/\\\/kinit.sk\\\/#website\"},\"datePublished\":\"2022-06-29T23:14:52+00:00\",\"dateModified\":\"2022-06-29T23:38:43+00:00\",\"breadcrumb\":{\"@id\":\"https:\\\/\\\/kinit.sk\\\/sk\\\/novinky\\\/media\\\/#breadcrumb\"},\"inLanguage\":\"sk-SK\",\"potentialAction\":[{\"@type\":\"ReadAction\",\"target\":[\"https:\\\/\\\/kinit.sk\\\/sk\\\/novinky\\\/media\\\/\"]}]},{\"@type\":\"BreadcrumbList\",\"@id\":\"https:\\\/\\\/kinit.sk\\\/sk\\\/novinky\\\/media\\\/#breadcrumb\",\"itemListElement\":[{\"@type\":\"ListItem\",\"position\":1,\"name\":\"Home\",\"item\":\"https:\\\/\\\/kinit.sk\\\/sk\\\/uvod\\\/\"},{\"@type\":\"ListItem\",\"position\":2,\"name\":\"Novinky\",\"item\":\"https:\\\/\\\/kinit.sk\\\/sk\\\/novinky\\\/\"},{\"@type\":\"ListItem\",\"position\":3,\"name\":\"M\u00e9di\u00e1\"}]},{\"@type\":\"WebSite\",\"@id\":\"https:\\\/\\\/kinit.sk\\\/#website\",\"url\":\"https:\\\/\\\/kinit.sk\\\/\",\"name\":\"KInIT\",\"description\":\"Vyu\u017e\u00edvame v\u00fdskum pre \u013eud\u00ed a priemysel\",\"potentialAction\":[{\"@type\":\"SearchAction\",\"target\":{\"@type\":\"EntryPoint\",\"urlTemplate\":\"https:\\\/\\\/kinit.sk\\\/?s={search_term_string}\"},\"query-input\":{\"@type\":\"PropertyValueSpecification\",\"valueRequired\":true,\"valueName\":\"search_term_string\"}}],\"inLanguage\":\"sk-SK\"}]}<\/script>\n<!-- \/ Yoast SEO plugin. -->","yoast_head_json":{"title":"M\u00e9di\u00e1 - KInIT","robots":{"index":"index","follow":"follow","max-snippet":"max-snippet:-1","max-image-preview":"max-image-preview:large","max-video-preview":"max-video-preview:-1"},"canonical":"https:\/\/kinit.sk\/sk\/novinky\/media\/","og_locale":"sk_SK","og_type":"article","og_title":"M\u00e9di\u00e1 - KInIT","og_url":"https:\/\/kinit.sk\/sk\/novinky\/media\/","og_site_name":"KInIT","article_modified_time":"2022-06-29T23:38:43+00:00","og_image":[{"width":1200,"height":628,"url":"https:\/\/kinit.sk\/wp-content\/uploads\/2021\/03\/KINIT_Sharepic.png","type":"image\/png"}],"twitter_card":"summary_large_image","twitter_site":"@kinit","twitter_misc":{"Predpokladan\u00fd \u010das \u010d\u00edtania":"1 min\u00fata"},"schema":{"@context":"https:\/\/schema.org","@graph":[{"@type":"WebPage","@id":"https:\/\/kinit.sk\/sk\/novinky\/media\/","url":"https:\/\/kinit.sk\/sk\/novinky\/media\/","name":"M\u00e9di\u00e1 - KInIT","isPartOf":{"@id":"https:\/\/kinit.sk\/#website"},"datePublished":"2022-06-29T23:14:52+00:00","dateModified":"2022-06-29T23:38:43+00:00","breadcrumb":{"@id":"https:\/\/kinit.sk\/sk\/novinky\/media\/#breadcrumb"},"inLanguage":"sk-SK","potentialAction":[{"@type":"ReadAction","target":["https:\/\/kinit.sk\/sk\/novinky\/media\/"]}]},{"@type":"BreadcrumbList","@id":"https:\/\/kinit.sk\/sk\/novinky\/media\/#breadcrumb","itemListElement":[{"@type":"ListItem","position":1,"name":"Home","item":"https:\/\/kinit.sk\/sk\/uvod\/"},{"@type":"ListItem","position":2,"name":"Novinky","item":"https:\/\/kinit.sk\/sk\/novinky\/"},{"@type":"ListItem","position":3,"name":"M\u00e9di\u00e1"}]},{"@type":"WebSite","@id":"https:\/\/kinit.sk\/#website","url":"https:\/\/kinit.sk\/","name":"KInIT","description":"Vyu\u017e\u00edvame v\u00fdskum pre \u013eud\u00ed a priemysel","potentialAction":[{"@type":"SearchAction","target":{"@type":"EntryPoint","urlTemplate":"https:\/\/kinit.sk\/?s={search_term_string}"},"query-input":{"@type":"PropertyValueSpecification","valueRequired":true,"valueName":"search_term_string"}}],"inLanguage":"sk-SK"}]}},"_links":{"self":[{"href":"https:\/\/kinit.sk\/sk\/wp-json\/wp\/v2\/pages\/18967","targetHints":{"allow":["GET"]}}],"collection":[{"href":"https:\/\/kinit.sk\/sk\/wp-json\/wp\/v2\/pages"}],"about":[{"href":"https:\/\/kinit.sk\/sk\/wp-json\/wp\/v2\/types\/page"}],"author":[{"embeddable":true,"href":"https:\/\/kinit.sk\/sk\/wp-json\/wp\/v2\/users\/1"}],"replies":[{"embeddable":true,"href":"https:\/\/kinit.sk\/sk\/wp-json\/wp\/v2\/comments?post=18967"}],"version-history":[{"count":2,"href":"https:\/\/kinit.sk\/sk\/wp-json\/wp\/v2\/pages\/18967\/revisions"}],"predecessor-version":[{"id":18969,"href":"https:\/\/kinit.sk\/sk\/wp-json\/wp\/v2\/pages\/18967\/revisions\/18969"}],"up":[{"embeddable":true,"href":"https:\/\/kinit.sk\/sk\/wp-json\/wp\/v2\/pages\/17284"}],"wp:attachment":[{"href":"https:\/\/kinit.sk\/sk\/wp-json\/wp\/v2\/media?parent=18967"}],"curies":[{"name":"wp","href":"https:\/\/api.w.org\/{rel}","templated":true}]}}