{"id":18965,"date":"2022-06-30T01:13:34","date_gmt":"2022-06-29T23:13:34","guid":{"rendered":"https:\/\/kinit.sk\/novinky\/podcasts\/"},"modified":"2022-06-30T01:37:44","modified_gmt":"2022-06-29T23:37:44","slug":"podcasty","status":"publish","type":"page","link":"https:\/\/kinit.sk\/sk\/novinky\/podcasty\/","title":{"rendered":"Podcasty"},"content":{"rendered":"<div id=\"\" class=\"element core-shortcode\"><div class=\"facetwp-template\" data-name=\"podcasts\"><article id=\"loop-item-33712\" class=\"loop-item\">\n  <div class=\"inner cf\">\n    <a href=\"https:\/\/kinit.sk\/sk\/vedators-podcast-about-ai-with-robert-moro-kinit\/\">\n              <div class=\"picture\">\n            <img decoding=\"async\" width=\"320\" height=\"200\" data-src=\"https:\/\/kinit.sk\/wp-content\/uploads\/2023\/02\/Web_news_feature_general_3-320x200.png\" class=\"attachment-thumbnail size-thumbnail wp-post-image lazyload\" alt=\"\" src=\"data:image\/svg+xml;base64,PHN2ZyB3aWR0aD0iMSIgaGVpZ2h0PSIxIiB4bWxucz0iaHR0cDovL3d3dy53My5vcmcvMjAwMC9zdmciPjwvc3ZnPg==\" style=\"--smush-placeholder-width: 320px; --smush-placeholder-aspect-ratio: 320\/200;\" \/>        <\/div>\n            <div class=\"content cf\">\n        <div class=\"content-inner\">\n          <h3>Ved\u00e1tor&#8217;s podcast about AI with R\u00f3bert M\u00f3ro <\/h3>\n          <div class=\"meta cf\">\n            <div class=\"date\">\n              17. j\u00fal 2024            <\/div>\n          <\/div>\n          <div class=\"excerpt\">This special episode includes a discussion with the founder of Ved\u00e1tor project Samuel Kov\u00e1\u010dik, a member of his team Jozef Kleberc and our researcher R\u00f3bert M\u00f3ro. It delves into the...<\/div>\n        <\/div>\n      <\/div>\n    <\/a>\n  <\/div>\n<\/article>\n<article id=\"loop-item-29523\" class=\"loop-item\">\n  <div class=\"inner cf\">\n    <a href=\"https:\/\/kinit.sk\/sk\/peter-pistek-on-the-sointron-podcast\/\">\n              <div class=\"picture\">\n            <img decoding=\"async\" width=\"320\" height=\"200\" data-src=\"https:\/\/kinit.sk\/wp-content\/uploads\/2023\/02\/Web_news_feature_general_6-320x200.png\" class=\"attachment-thumbnail size-thumbnail wp-post-image lazyload\" alt=\"\" src=\"data:image\/svg+xml;base64,PHN2ZyB3aWR0aD0iMSIgaGVpZ2h0PSIxIiB4bWxucz0iaHR0cDovL3d3dy53My5vcmcvMjAwMC9zdmciPjwvc3ZnPg==\" style=\"--smush-placeholder-width: 320px; --smush-placeholder-aspect-ratio: 320\/200;\" \/>        <\/div>\n            <div class=\"content cf\">\n        <div class=\"content-inner\">\n          <h3>Peter Pi\u0161tek v Soitron podcaste Lok\u00e1l hos\u0165<\/h3>\n          <div class=\"meta cf\">\n            <div class=\"date\">\n              9. nov 2023            <\/div>\n          <\/div>\n          <div class=\"excerpt\">N\u00e1\u0161 v\u00fdskumn\u00edk Peter Pi\u0161tek bol hos\u0165om v podcaste \u201cLok\u00e1l Hos\u0165,\u201d ktor\u00fd produkuje spolo\u010dnos\u0165 Soitron.   18. Epiz\u00f3da bola zameran\u00e1 na ChatGPT a umel\u00fa inteligenciu v oblasti kybernetickej bezpe\u010dnosti. Rozhovor sa venoval...<\/div>\n        <\/div>\n      <\/div>\n    <\/a>\n  <\/div>\n<\/article>\n<article id=\"loop-item-23087\" class=\"loop-item\">\n  <div class=\"inner cf\">\n    <a href=\"https:\/\/kinit.sk\/sk\/maria-bielikova-v-podcaste-veda-odpoveda\/\">\n              <div class=\"picture\">\n            <img decoding=\"async\" width=\"320\" height=\"200\" data-src=\"https:\/\/kinit.sk\/wp-content\/uploads\/2022\/11\/202210_web_news_MB_podcast_Feature-320x200.png\" class=\"attachment-thumbnail size-thumbnail wp-post-image lazyload\" alt=\"\" src=\"data:image\/svg+xml;base64,PHN2ZyB3aWR0aD0iMSIgaGVpZ2h0PSIxIiB4bWxucz0iaHR0cDovL3d3dy53My5vcmcvMjAwMC9zdmciPjwvc3ZnPg==\" style=\"--smush-placeholder-width: 320px; --smush-placeholder-aspect-ratio: 320\/200;\" \/>        <\/div>\n            <div class=\"content cf\">\n        <div class=\"content-inner\">\n          <h3>M\u00e1ria Bielikov\u00e1 v podcaste Veda Odpoved\u00e1<\/h3>\n          <div class=\"meta cf\">\n            <div class=\"date\">\n              22. nov 2022            <\/div>\n          <\/div>\n          <div class=\"excerpt\">Vypo\u010dujte si rozhovor s M\u00e1riou Bielikovou v podcaste Veda odpoved\u00e1, ktor\u00fd pripravuje organiz\u00e1cia SOVVA v spolupr\u00e1ci s platformou \u017dijem vedu. Ako hostia v podcaste vystupuj\u00fa slovensk\u00ed vedci a vedkyne a...<\/div>\n        <\/div>\n      <\/div>\n    <\/a>\n  <\/div>\n<\/article>\n<article id=\"loop-item-16305\" class=\"loop-item\">\n  <div class=\"inner cf\">\n    <a href=\"https:\/\/kinit.sk\/sk\/umela-inteligencia-proti-dezinformaciam\/\">\n              <div class=\"picture\">\n            <img decoding=\"async\" width=\"320\" height=\"200\" data-src=\"https:\/\/kinit.sk\/wp-content\/uploads\/2022\/04\/Web-post-Majka-Infosecurity-podcast-FINAL-jpg-320x200.jpg\" class=\"attachment-thumbnail size-thumbnail wp-post-image lazyload\" alt=\"\" src=\"data:image\/svg+xml;base64,PHN2ZyB3aWR0aD0iMSIgaGVpZ2h0PSIxIiB4bWxucz0iaHR0cDovL3d3dy53My5vcmcvMjAwMC9zdmciPjwvc3ZnPg==\" style=\"--smush-placeholder-width: 320px; --smush-placeholder-aspect-ratio: 320\/200;\" \/>        <\/div>\n            <div class=\"content cf\">\n        <div class=\"content-inner\">\n          <h3>Umel\u00e1 inteligencia proti dezinform\u00e1ciam<\/h3>\n          <div class=\"meta cf\">\n            <div class=\"date\">\n              14. apr 2022            <\/div>\n          <\/div>\n          <div class=\"excerpt\">Umel\u00e1 inteligencia m\u00e1 v ochrane n\u00e1\u0161ho informa\u010dn\u00e9ho priestoru obrovsk\u00fd potenci\u00e1l. Vypo\u010dujte si podcast Disinfo Report organiz\u00e1cie Infosecurity.sk, v ktorom M\u00e1ria Bielikov\u00e1 zodpoved\u00e1 aj tieto ot\u00e1zky:  Ak\u00fa \u00falohu m\u00e1 umel\u00e1 inteligencia...<\/div>\n        <\/div>\n      <\/div>\n    <\/a>\n  <\/div>\n<\/article>\n<article id=\"loop-item-14499\" class=\"loop-item\">\n  <div class=\"inner cf\">\n    <a href=\"https:\/\/kinit.sk\/sk\/e-tika-podcast-dve-serie-otvoreneho-dialogu-o-etike-v-digitalnom-priestore\/\">\n              <div class=\"picture\">\n            <img decoding=\"async\" width=\"300\" height=\"200\" data-src=\"https:\/\/kinit.sk\/wp-content\/uploads\/2021\/05\/Web-cover_320-x-200.png\" class=\"attachment-thumbnail size-thumbnail wp-post-image lazyload\" alt=\"E-TIKA podcast\" src=\"data:image\/svg+xml;base64,PHN2ZyB3aWR0aD0iMSIgaGVpZ2h0PSIxIiB4bWxucz0iaHR0cDovL3d3dy53My5vcmcvMjAwMC9zdmciPjwvc3ZnPg==\" style=\"--smush-placeholder-width: 300px; --smush-placeholder-aspect-ratio: 300\/200;\" \/>        <\/div>\n            <div class=\"content cf\">\n        <div class=\"content-inner\">\n          <h3>E-tika podcast &#8211; dve s\u00e9rie otvoren\u00e9ho dial\u00f3gu o etike v digit\u00e1lnom priestore<\/h3>\n          <div class=\"meta cf\">\n            <div class=\"date\">\n              26. dec 2021            <\/div>\n          <\/div>\n          <div class=\"excerpt\">V podcaste E-tika sme si dali za cie\u013e otvori\u0165 t\u00e9my soci\u00e1lneho vplyvu digit\u00e1lnych technol\u00f3gi\u00ed. Po\u010das dvoch s\u00e9ri\u00ed sme sa spolu s na\u0161imi hos\u0165ami p\u00fdtali, kde vidia hranice, kam by sme...<\/div>\n        <\/div>\n      <\/div>\n    <\/a>\n  <\/div>\n<\/article>\n<article id=\"loop-item-13492\" class=\"loop-item\">\n  <div class=\"inner cf\">\n    <a href=\"https:\/\/kinit.sk\/sk\/dva-roky-s-etikou-vianocny-special\/\">\n              <div class=\"picture\">\n            <img decoding=\"async\" width=\"300\" height=\"200\" data-src=\"https:\/\/kinit.sk\/wp-content\/uploads\/2021\/05\/Web-cover_320-x-200.png\" class=\"attachment-thumbnail size-thumbnail wp-post-image lazyload\" alt=\"E-TIKA podcast\" src=\"data:image\/svg+xml;base64,PHN2ZyB3aWR0aD0iMSIgaGVpZ2h0PSIxIiB4bWxucz0iaHR0cDovL3d3dy53My5vcmcvMjAwMC9zdmciPjwvc3ZnPg==\" style=\"--smush-placeholder-width: 300px; --smush-placeholder-aspect-ratio: 300\/200;\" \/>        <\/div>\n            <div class=\"content cf\">\n        <div class=\"content-inner\">\n          <h3>E-tika podcast: Dva roky s E-tikou<\/h3>\n          <div class=\"meta cf\">\n            <div class=\"date\">\n              26. dec 2021            <\/div>\n          <\/div>\n          <div class=\"excerpt\">V podcaste E-tika sme si dali za \u00falohu otvori\u0165 t\u00e9my spolo\u010densk\u00fdch dopadov digit\u00e1lnych technol\u00f3gi\u00ed. Po\u010das uplynul\u00fdch dvoch sez\u00f3n sme sa spolo\u010dne s na\u0161imi hos\u0165ami p\u00fdtali, kde vidia hranice toho, kam...<\/div>\n        <\/div>\n      <\/div>\n    <\/a>\n  <\/div>\n<\/article>\n<article id=\"loop-item-13318\" class=\"loop-item\">\n  <div class=\"inner cf\">\n    <a href=\"https:\/\/kinit.sk\/sk\/e-tika-podcast-ne-eticka-biometria\/\">\n              <div class=\"picture\">\n            <img decoding=\"async\" width=\"300\" height=\"200\" data-src=\"https:\/\/kinit.sk\/wp-content\/uploads\/2021\/05\/Web-cover_320-x-200.png\" class=\"attachment-thumbnail size-thumbnail wp-post-image lazyload\" alt=\"E-TIKA podcast\" src=\"data:image\/svg+xml;base64,PHN2ZyB3aWR0aD0iMSIgaGVpZ2h0PSIxIiB4bWxucz0iaHR0cDovL3d3dy53My5vcmcvMjAwMC9zdmciPjwvc3ZnPg==\" style=\"--smush-placeholder-width: 300px; --smush-placeholder-aspect-ratio: 300\/200;\" \/>        <\/div>\n            <div class=\"content cf\">\n        <div class=\"content-inner\">\n          <h3>E-tika podcast: (Ne)etick\u00e1 biometria<\/h3>\n          <div class=\"meta cf\">\n            <div class=\"date\">\n              15. dec 2021            <\/div>\n          <\/div>\n          <div class=\"excerpt\">Biometrick\u00e9 syst\u00e9my dok\u00e1\u017eu v mnoh\u00fdch oh\u013eadoch zlep\u0161i\u0165 kvalitu na\u0161ich \u017eivotov. Pom\u00e1haj\u00fa n\u00e1m zabezpe\u010di\u0165 bezpe\u010dn\u00fd a bezbari\u00e9rov\u00fd pr\u00edstup na letisk\u00e1, \u010di futbalov\u00e9 \u0161tadi\u00f3ny, ale aj do vlastn\u00e9ho bankov\u00e9ho konta. V s\u00favislosti...<\/div>\n        <\/div>\n      <\/div>\n    <\/a>\n  <\/div>\n<\/article>\n<article id=\"loop-item-11844\" class=\"loop-item\">\n  <div class=\"inner cf\">\n    <a href=\"https:\/\/kinit.sk\/sk\/rodicovstvo-v-digitalnom-veku\/\">\n              <div class=\"picture\">\n            <img decoding=\"async\" width=\"300\" height=\"200\" data-src=\"https:\/\/kinit.sk\/wp-content\/uploads\/2021\/05\/Web-cover_320-x-200.png\" class=\"attachment-thumbnail size-thumbnail wp-post-image lazyload\" alt=\"E-TIKA podcast\" src=\"data:image\/svg+xml;base64,PHN2ZyB3aWR0aD0iMSIgaGVpZ2h0PSIxIiB4bWxucz0iaHR0cDovL3d3dy53My5vcmcvMjAwMC9zdmciPjwvc3ZnPg==\" style=\"--smush-placeholder-width: 300px; --smush-placeholder-aspect-ratio: 300\/200;\" \/>        <\/div>\n            <div class=\"content cf\">\n        <div class=\"content-inner\">\n          <h3>Rodi\u010dovstvo v digit\u00e1lnom veku<\/h3>\n          <div class=\"meta cf\">\n            <div class=\"date\">\n              11. nov 2021            <\/div>\n          <\/div>\n          <div class=\"excerpt\">V na\u0161om podcaste \u010dasto hovor\u00edme o tom, \u017ee digit\u00e1lne technol\u00f3gie prin\u00e1\u0161aj\u00fa so sebou mno\u017estvo pozit\u00edvnych zmien ale aj mnoh\u00e9 nezanedbate\u013en\u00e9 rizik\u00e1. Napr\u00edklad v\u010faka syst\u00e9mom umelej inteligencie sme schopn\u00ed robi\u0165 r\u00fdchlej\u0161ie,...<\/div>\n        <\/div>\n      <\/div>\n    <\/a>\n  <\/div>\n<\/article>\n<article id=\"loop-item-11549\" class=\"loop-item\">\n  <div class=\"inner cf\">\n    <a href=\"https:\/\/kinit.sk\/sk\/o-datach-a-ludoch\/\">\n              <div class=\"picture\">\n            <img decoding=\"async\" width=\"300\" height=\"200\" data-src=\"https:\/\/kinit.sk\/wp-content\/uploads\/2021\/05\/Web-cover_320-x-200.png\" class=\"attachment-thumbnail size-thumbnail wp-post-image lazyload\" alt=\"E-TIKA podcast\" src=\"data:image\/svg+xml;base64,PHN2ZyB3aWR0aD0iMSIgaGVpZ2h0PSIxIiB4bWxucz0iaHR0cDovL3d3dy53My5vcmcvMjAwMC9zdmciPjwvc3ZnPg==\" style=\"--smush-placeholder-width: 300px; --smush-placeholder-aspect-ratio: 300\/200;\" \/>        <\/div>\n            <div class=\"content cf\">\n        <div class=\"content-inner\">\n          <h3>O d\u00e1tach a \u013eu\u010foch<\/h3>\n          <div class=\"meta cf\">\n            <div class=\"date\">\n              29. okt 2021            <\/div>\n          <\/div>\n          <div class=\"excerpt\">S\u00e9ria 2, diel 5 &#8211; Na\u0161e \u017eivoty ur\u010duj\u00fa d\u00e1ta. Riadi sa nimi soci\u00e1lny, \u010di finan\u010dn\u00fd syst\u00e9m, prioritizuje doprava, rozde\u013euje zdravotn\u00e1 starostlivos\u0165. Ale z\u00e1sobuj\u00fa sa nimi aj algoritmy, ktor\u00e9 triedia novinky...<\/div>\n        <\/div>\n      <\/div>\n    <\/a>\n  <\/div>\n<\/article>\n<\/div>\n<\/div>\n\n<div id=\"\" class=\"element core-shortcode\"><div class=\"facetwp-facet facetwp-facet-pager_ facetwp-type-pager\" data-name=\"pager_\" data-type=\"pager\"><\/div>\n<\/div>","protected":false},"excerpt":{"rendered":"","protected":false},"author":1,"featured_media":0,"parent":17284,"menu_order":3,"comment_status":"closed","ping_status":"closed","template":"","meta":{"_acf_changed":false,"footnotes":""},"class_list":["post-18965","page","type-page","status-publish","hentry"],"acf":[],"yoast_head":"<!-- This site is optimized with the Yoast SEO plugin v27.4 - https:\/\/yoast.com\/product\/yoast-seo-wordpress\/ -->\n<title>Podcasty - KInIT<\/title>\n<meta name=\"robots\" content=\"index, follow, max-snippet:-1, max-image-preview:large, max-video-preview:-1\" \/>\n<link rel=\"canonical\" href=\"https:\/\/kinit.sk\/sk\/novinky\/podcasty\/\" \/>\n<meta property=\"og:locale\" content=\"sk_SK\" \/>\n<meta property=\"og:type\" content=\"article\" \/>\n<meta property=\"og:title\" content=\"Podcasty - KInIT\" \/>\n<meta property=\"og:url\" content=\"https:\/\/kinit.sk\/sk\/novinky\/podcasty\/\" \/>\n<meta property=\"og:site_name\" content=\"KInIT\" \/>\n<meta property=\"article:modified_time\" content=\"2022-06-29T23:37:44+00:00\" \/>\n<meta property=\"og:image\" content=\"https:\/\/kinit.sk\/wp-content\/uploads\/2021\/03\/KINIT_Sharepic.png\" \/>\n\t<meta property=\"og:image:width\" content=\"1200\" \/>\n\t<meta property=\"og:image:height\" content=\"628\" \/>\n\t<meta property=\"og:image:type\" content=\"image\/png\" \/>\n<meta name=\"twitter:card\" content=\"summary_large_image\" \/>\n<meta name=\"twitter:site\" content=\"@kinit\" \/>\n<meta name=\"twitter:label1\" content=\"Predpokladan\u00fd \u010das \u010d\u00edtania\" \/>\n\t<meta name=\"twitter:data1\" content=\"1 min\u00fata\" \/>\n<script type=\"application\/ld+json\" class=\"yoast-schema-graph\">{\"@context\":\"https:\\\/\\\/schema.org\",\"@graph\":[{\"@type\":\"WebPage\",\"@id\":\"https:\\\/\\\/kinit.sk\\\/sk\\\/novinky\\\/podcasty\\\/\",\"url\":\"https:\\\/\\\/kinit.sk\\\/sk\\\/novinky\\\/podcasty\\\/\",\"name\":\"Podcasty - KInIT\",\"isPartOf\":{\"@id\":\"https:\\\/\\\/kinit.sk\\\/#website\"},\"datePublished\":\"2022-06-29T23:13:34+00:00\",\"dateModified\":\"2022-06-29T23:37:44+00:00\",\"breadcrumb\":{\"@id\":\"https:\\\/\\\/kinit.sk\\\/sk\\\/novinky\\\/podcasty\\\/#breadcrumb\"},\"inLanguage\":\"sk-SK\",\"potentialAction\":[{\"@type\":\"ReadAction\",\"target\":[\"https:\\\/\\\/kinit.sk\\\/sk\\\/novinky\\\/podcasty\\\/\"]}]},{\"@type\":\"BreadcrumbList\",\"@id\":\"https:\\\/\\\/kinit.sk\\\/sk\\\/novinky\\\/podcasty\\\/#breadcrumb\",\"itemListElement\":[{\"@type\":\"ListItem\",\"position\":1,\"name\":\"Home\",\"item\":\"https:\\\/\\\/kinit.sk\\\/sk\\\/uvod\\\/\"},{\"@type\":\"ListItem\",\"position\":2,\"name\":\"Novinky\",\"item\":\"https:\\\/\\\/kinit.sk\\\/sk\\\/novinky\\\/\"},{\"@type\":\"ListItem\",\"position\":3,\"name\":\"Podcasty\"}]},{\"@type\":\"WebSite\",\"@id\":\"https:\\\/\\\/kinit.sk\\\/#website\",\"url\":\"https:\\\/\\\/kinit.sk\\\/\",\"name\":\"KInIT\",\"description\":\"Vyu\u017e\u00edvame v\u00fdskum pre \u013eud\u00ed a priemysel\",\"potentialAction\":[{\"@type\":\"SearchAction\",\"target\":{\"@type\":\"EntryPoint\",\"urlTemplate\":\"https:\\\/\\\/kinit.sk\\\/?s={search_term_string}\"},\"query-input\":{\"@type\":\"PropertyValueSpecification\",\"valueRequired\":true,\"valueName\":\"search_term_string\"}}],\"inLanguage\":\"sk-SK\"}]}<\/script>\n<!-- \/ Yoast SEO plugin. -->","yoast_head_json":{"title":"Podcasty - KInIT","robots":{"index":"index","follow":"follow","max-snippet":"max-snippet:-1","max-image-preview":"max-image-preview:large","max-video-preview":"max-video-preview:-1"},"canonical":"https:\/\/kinit.sk\/sk\/novinky\/podcasty\/","og_locale":"sk_SK","og_type":"article","og_title":"Podcasty - KInIT","og_url":"https:\/\/kinit.sk\/sk\/novinky\/podcasty\/","og_site_name":"KInIT","article_modified_time":"2022-06-29T23:37:44+00:00","og_image":[{"width":1200,"height":628,"url":"https:\/\/kinit.sk\/wp-content\/uploads\/2021\/03\/KINIT_Sharepic.png","type":"image\/png"}],"twitter_card":"summary_large_image","twitter_site":"@kinit","twitter_misc":{"Predpokladan\u00fd \u010das \u010d\u00edtania":"1 min\u00fata"},"schema":{"@context":"https:\/\/schema.org","@graph":[{"@type":"WebPage","@id":"https:\/\/kinit.sk\/sk\/novinky\/podcasty\/","url":"https:\/\/kinit.sk\/sk\/novinky\/podcasty\/","name":"Podcasty - KInIT","isPartOf":{"@id":"https:\/\/kinit.sk\/#website"},"datePublished":"2022-06-29T23:13:34+00:00","dateModified":"2022-06-29T23:37:44+00:00","breadcrumb":{"@id":"https:\/\/kinit.sk\/sk\/novinky\/podcasty\/#breadcrumb"},"inLanguage":"sk-SK","potentialAction":[{"@type":"ReadAction","target":["https:\/\/kinit.sk\/sk\/novinky\/podcasty\/"]}]},{"@type":"BreadcrumbList","@id":"https:\/\/kinit.sk\/sk\/novinky\/podcasty\/#breadcrumb","itemListElement":[{"@type":"ListItem","position":1,"name":"Home","item":"https:\/\/kinit.sk\/sk\/uvod\/"},{"@type":"ListItem","position":2,"name":"Novinky","item":"https:\/\/kinit.sk\/sk\/novinky\/"},{"@type":"ListItem","position":3,"name":"Podcasty"}]},{"@type":"WebSite","@id":"https:\/\/kinit.sk\/#website","url":"https:\/\/kinit.sk\/","name":"KInIT","description":"Vyu\u017e\u00edvame v\u00fdskum pre \u013eud\u00ed a priemysel","potentialAction":[{"@type":"SearchAction","target":{"@type":"EntryPoint","urlTemplate":"https:\/\/kinit.sk\/?s={search_term_string}"},"query-input":{"@type":"PropertyValueSpecification","valueRequired":true,"valueName":"search_term_string"}}],"inLanguage":"sk-SK"}]}},"_links":{"self":[{"href":"https:\/\/kinit.sk\/sk\/wp-json\/wp\/v2\/pages\/18965","targetHints":{"allow":["GET"]}}],"collection":[{"href":"https:\/\/kinit.sk\/sk\/wp-json\/wp\/v2\/pages"}],"about":[{"href":"https:\/\/kinit.sk\/sk\/wp-json\/wp\/v2\/types\/page"}],"author":[{"embeddable":true,"href":"https:\/\/kinit.sk\/sk\/wp-json\/wp\/v2\/users\/1"}],"replies":[{"embeddable":true,"href":"https:\/\/kinit.sk\/sk\/wp-json\/wp\/v2\/comments?post=18965"}],"version-history":[{"count":1,"href":"https:\/\/kinit.sk\/sk\/wp-json\/wp\/v2\/pages\/18965\/revisions"}],"predecessor-version":[{"id":18966,"href":"https:\/\/kinit.sk\/sk\/wp-json\/wp\/v2\/pages\/18965\/revisions\/18966"}],"up":[{"embeddable":true,"href":"https:\/\/kinit.sk\/sk\/wp-json\/wp\/v2\/pages\/17284"}],"wp:attachment":[{"href":"https:\/\/kinit.sk\/sk\/wp-json\/wp\/v2\/media?parent=18965"}],"curies":[{"name":"wp","href":"https:\/\/api.w.org\/{rel}","templated":true}]}}