{"id":18963,"date":"2022-06-30T01:11:47","date_gmt":"2022-06-29T23:11:47","guid":{"rendered":"https:\/\/kinit.sk\/novinky\/pop-science\/"},"modified":"2022-06-30T01:37:02","modified_gmt":"2022-06-29T23:37:02","slug":"vedecko-popularne-blogy","status":"publish","type":"page","link":"https:\/\/kinit.sk\/sk\/novinky\/vedecko-popularne-blogy\/","title":{"rendered":"Vedecko popul\u00e1rne blogy"},"content":{"rendered":"<div id=\"\" class=\"element core-shortcode\"><div class=\"facetwp-template\" data-name=\"pop_science\"><article id=\"loop-item-41075\" class=\"loop-item\">\n  <div class=\"inner cf\">\n    <a href=\"https:\/\/kinit.sk\/sk\/exploring-tiktoks-virtual-compute-environment-vce-a-critical-review-of-limitations-and-flaws\/\">\n              <div class=\"picture\">\n            <img decoding=\"async\" width=\"320\" height=\"200\" data-src=\"https:\/\/kinit.sk\/wp-content\/uploads\/2025\/07\/AI-Auditology_VCE_A-Critical-Review-320x200.png\" class=\"attachment-thumbnail size-thumbnail wp-post-image lazyload\" alt=\"\" src=\"data:image\/svg+xml;base64,PHN2ZyB3aWR0aD0iMSIgaGVpZ2h0PSIxIiB4bWxucz0iaHR0cDovL3d3dy53My5vcmcvMjAwMC9zdmciPjwvc3ZnPg==\" style=\"--smush-placeholder-width: 320px; --smush-placeholder-aspect-ratio: 320\/200;\" \/>        <\/div>\n            <div class=\"content cf\">\n        <div class=\"content-inner\">\n          <h3>Exploring TikTok\u2019s Virtual Compute Environment (VCE): A Critical Review of Limitations and Flaws<\/h3>\n          <div class=\"meta cf\">\n            <div class=\"date\">\n              20. mar 2026            <\/div>\n          <\/div>\n          <div class=\"excerpt\">TikTok\u2019s Virtual Compute Environment (VCE) is marketed as a secure, cloud-based platform for approved researchers and developers to analyze public TikTok data. In the previous blog, we introduced how such...<\/div>\n        <\/div>\n      <\/div>\n    <\/a>\n  <\/div>\n<\/article>\n<article id=\"loop-item-41071\" class=\"loop-item\">\n  <div class=\"inner cf\">\n    <a href=\"https:\/\/kinit.sk\/sk\/exploring-tiktoks-virtual-compute-environment-vce-how-it-should-work\/\">\n              <div class=\"picture\">\n            <img decoding=\"async\" width=\"320\" height=\"200\" data-src=\"https:\/\/kinit.sk\/wp-content\/uploads\/2025\/07\/AI-Auditology_VCE_How-It-Should-Work-320x200.png\" class=\"attachment-thumbnail size-thumbnail wp-post-image lazyload\" alt=\"\" src=\"data:image\/svg+xml;base64,PHN2ZyB3aWR0aD0iMSIgaGVpZ2h0PSIxIiB4bWxucz0iaHR0cDovL3d3dy53My5vcmcvMjAwMC9zdmciPjwvc3ZnPg==\" style=\"--smush-placeholder-width: 320px; --smush-placeholder-aspect-ratio: 320\/200;\" \/>        <\/div>\n            <div class=\"content cf\">\n        <div class=\"content-inner\">\n          <h3>Exploring TikTok\u2019s Virtual Compute Environment (VCE): How It Should Work<\/h3>\n          <div class=\"meta cf\">\n            <div class=\"date\">\n              20. mar 2026            <\/div>\n          <\/div>\n          <div class=\"excerpt\">In our previous blogs, first, we described how we applied for TikTok research API, and then how (after rejections, appeals, and exhausting communication with TikTok support), we finally received a...<\/div>\n        <\/div>\n      <\/div>\n    <\/a>\n  <\/div>\n<\/article>\n<article id=\"loop-item-39796\" class=\"loop-item\">\n  <div class=\"inner cf\">\n    <a href=\"https:\/\/kinit.sk\/sk\/when-research-apis-close-the-door-when-you-finally-get-it-it-is-not-what-you-have-asked-for\/\">\n              <div class=\"picture\">\n            <img decoding=\"async\" width=\"320\" height=\"200\" data-src=\"https:\/\/kinit.sk\/wp-content\/uploads\/2025\/11\/AI-AUDITOLOGY_When-Research-APIs-Close-the-Door_Feature-Img_reduced-320x200.png\" class=\"attachment-thumbnail size-thumbnail wp-post-image lazyload\" alt=\"\" src=\"data:image\/svg+xml;base64,PHN2ZyB3aWR0aD0iMSIgaGVpZ2h0PSIxIiB4bWxucz0iaHR0cDovL3d3dy53My5vcmcvMjAwMC9zdmciPjwvc3ZnPg==\" style=\"--smush-placeholder-width: 320px; --smush-placeholder-aspect-ratio: 320\/200;\" \/>        <\/div>\n            <div class=\"content cf\">\n        <div class=\"content-inner\">\n          <h3>When Research APIs Close the Door: When you finally get it, it is not what you have asked for<\/h3>\n          <div class=\"meta cf\">\n            <div class=\"date\">\n              19. dec 2025            <\/div>\n          <\/div>\n          <div class=\"excerpt\">In the previous blog, we described a timeline of how we applied for TikTok research data access (API) and kept communicating with TikTok for 1.5 years, and had not received...<\/div>\n        <\/div>\n      <\/div>\n    <\/a>\n  <\/div>\n<\/article>\n<article id=\"loop-item-38003\" class=\"loop-item\">\n  <div class=\"inner cf\">\n    <a href=\"https:\/\/kinit.sk\/sk\/multimodal-fact-check-retrieval\/\">\n              <div class=\"picture\">\n            <img decoding=\"async\" width=\"320\" height=\"200\" data-src=\"https:\/\/kinit.sk\/wp-content\/uploads\/2025\/09\/DisAi-Amplified-blog-c.3_feature-image-320x200.png\" class=\"attachment-thumbnail size-thumbnail wp-post-image lazyload\" alt=\"\" src=\"data:image\/svg+xml;base64,PHN2ZyB3aWR0aD0iMSIgaGVpZ2h0PSIxIiB4bWxucz0iaHR0cDovL3d3dy53My5vcmcvMjAwMC9zdmciPjwvc3ZnPg==\" style=\"--smush-placeholder-width: 320px; --smush-placeholder-aspect-ratio: 320\/200;\" \/>        <\/div>\n            <div class=\"content cf\">\n        <div class=\"content-inner\">\n          <h3>Multimodal Fact-Check Retrieval<\/h3>\n          <div class=\"meta cf\">\n            <div class=\"date\">\n              14. sep 2025            <\/div>\n          <\/div>\n          <div class=\"excerpt\">In the two previous installments of our 3-part series, we covered how a text embedding model (TEM) can help fact-checkers to cut down on duplicate effort by retrieving existing fact-checks...<\/div>\n        <\/div>\n      <\/div>\n    <\/a>\n  <\/div>\n<\/article>\n<article id=\"loop-item-37402\" class=\"loop-item\">\n  <div class=\"inner cf\">\n    <a href=\"https:\/\/kinit.sk\/sk\/everything-you-wanted-to-know-about-eu-ai-act\/\">\n              <div class=\"picture\">\n            <img decoding=\"async\" width=\"320\" height=\"200\" data-src=\"https:\/\/kinit.sk\/wp-content\/uploads\/2025\/08\/AI-Act_blog_feature-image-1-320x200.png\" class=\"attachment-thumbnail size-thumbnail wp-post-image lazyload\" alt=\"\" src=\"data:image\/svg+xml;base64,PHN2ZyB3aWR0aD0iMSIgaGVpZ2h0PSIxIiB4bWxucz0iaHR0cDovL3d3dy53My5vcmcvMjAwMC9zdmciPjwvc3ZnPg==\" style=\"--smush-placeholder-width: 320px; --smush-placeholder-aspect-ratio: 320\/200;\" \/>        <\/div>\n            <div class=\"content cf\">\n        <div class=\"content-inner\">\n          <h3>Everything You Wanted to Know About the EU AI Act (But Were Afraid to Ask)<\/h3>\n          <div class=\"meta cf\">\n            <div class=\"date\">\n              18. aug 2025            <\/div>\n          <\/div>\n          <div class=\"excerpt\">Artificial intelligence is transforming every corner of our lives, but keeping up with the rules can feel like navigating a maze. The EU AI Act, Europe\u2019s first comprehensive legal framework...<\/div>\n        <\/div>\n      <\/div>\n    <\/a>\n  <\/div>\n<\/article>\n<article id=\"loop-item-36906\" class=\"loop-item\">\n  <div class=\"inner cf\">\n    <a href=\"https:\/\/kinit.sk\/sk\/when-research-apis-close-the-door\/\">\n              <div class=\"picture\">\n            <img decoding=\"async\" width=\"320\" height=\"200\" data-src=\"https:\/\/kinit.sk\/wp-content\/uploads\/2025\/07\/AI-Auditology_TikTok-APIs_blog-6_feature-image-320x200.png\" class=\"attachment-thumbnail size-thumbnail wp-post-image lazyload\" alt=\"\" src=\"data:image\/svg+xml;base64,PHN2ZyB3aWR0aD0iMSIgaGVpZ2h0PSIxIiB4bWxucz0iaHR0cDovL3d3dy53My5vcmcvMjAwMC9zdmciPjwvc3ZnPg==\" style=\"--smush-placeholder-width: 320px; --smush-placeholder-aspect-ratio: 320\/200;\" \/>        <\/div>\n            <div class=\"content cf\">\n        <div class=\"content-inner\">\n          <h3>When Research APIs Close the Door: Using Algorithmic Auditing as an Alternative Approach to Study Social Media<\/h3>\n          <div class=\"meta cf\">\n            <div class=\"date\">\n              11. j\u00fal 2025            <\/div>\n          <\/div>\n          <div class=\"excerpt\">Access to public data from social media platforms is, in general, an important enabler for research activities in all fields, ranging from computer science to social science and humanities. The...<\/div>\n        <\/div>\n      <\/div>\n    <\/a>\n  <\/div>\n<\/article>\n<article id=\"loop-item-36816\" class=\"loop-item\">\n  <div class=\"inner cf\">\n    <a href=\"https:\/\/kinit.sk\/sk\/why-viral-posts-might-be-hurting-us\/\">\n              <div class=\"picture\">\n            <img decoding=\"async\" width=\"320\" height=\"200\" data-src=\"https:\/\/kinit.sk\/wp-content\/uploads\/2025\/06\/AI-Auditology_feature-image2-320x200.png\" class=\"attachment-thumbnail size-thumbnail wp-post-image lazyload\" alt=\"\" src=\"data:image\/svg+xml;base64,PHN2ZyB3aWR0aD0iMSIgaGVpZ2h0PSIxIiB4bWxucz0iaHR0cDovL3d3dy53My5vcmcvMjAwMC9zdmciPjwvc3ZnPg==\" style=\"--smush-placeholder-width: 320px; --smush-placeholder-aspect-ratio: 320\/200;\" \/>        <\/div>\n            <div class=\"content cf\">\n        <div class=\"content-inner\">\n          <h3>Why viral posts on social media might be hurting us the most<\/h3>\n          <div class=\"meta cf\">\n            <div class=\"date\">\n              30. j\u00fan 2025            <\/div>\n          <\/div>\n          <div class=\"excerpt\">Billions of people scroll through social media every day, encountering different posts. We often assume that the posts we see are the most important or entertaining ones, just because they...<\/div>\n        <\/div>\n      <\/div>\n    <\/a>\n  <\/div>\n<\/article>\n<article id=\"loop-item-36689\" class=\"loop-item\">\n  <div class=\"inner cf\">\n    <a href=\"https:\/\/kinit.sk\/sk\/hidden-struggles-of-auditing-social-platforms\/\">\n              <div class=\"picture\">\n            <img decoding=\"async\" width=\"320\" height=\"200\" data-src=\"https:\/\/kinit.sk\/wp-content\/uploads\/2025\/06\/AI-Auditology_feature-image1-1-320x200.png\" class=\"attachment-thumbnail size-thumbnail wp-post-image lazyload\" alt=\"\" src=\"data:image\/svg+xml;base64,PHN2ZyB3aWR0aD0iMSIgaGVpZ2h0PSIxIiB4bWxucz0iaHR0cDovL3d3dy53My5vcmcvMjAwMC9zdmciPjwvc3ZnPg==\" style=\"--smush-placeholder-width: 320px; --smush-placeholder-aspect-ratio: 320\/200;\" \/>        <\/div>\n            <div class=\"content cf\">\n        <div class=\"content-inner\">\n          <h3>Hidden struggles of auditing social platforms: Why is creating user accounts so difficult?<\/h3>\n          <div class=\"meta cf\">\n            <div class=\"date\">\n              17. j\u00fan 2025            <\/div>\n          <\/div>\n          <div class=\"excerpt\">Multiple factors influence the success and effectiveness of an audit of a social platform. These factors are not only varied, concerned with implementation and research alike, but also often unexpected....<\/div>\n        <\/div>\n      <\/div>\n    <\/a>\n  <\/div>\n<\/article>\n<article id=\"loop-item-36596\" class=\"loop-item\">\n  <div class=\"inner cf\">\n    <a href=\"https:\/\/kinit.sk\/sk\/algorithmic-audits-on-tiktok-why-results-are-hard-to-replicate\/\">\n              <div class=\"picture\">\n            <img decoding=\"async\" width=\"320\" height=\"200\" data-src=\"https:\/\/kinit.sk\/wp-content\/uploads\/2025\/05\/AI_Auditology_social_festure-320x200.png\" class=\"attachment-thumbnail size-thumbnail wp-post-image lazyload\" alt=\"\" src=\"data:image\/svg+xml;base64,PHN2ZyB3aWR0aD0iMSIgaGVpZ2h0PSIxIiB4bWxucz0iaHR0cDovL3d3dy53My5vcmcvMjAwMC9zdmciPjwvc3ZnPg==\" style=\"--smush-placeholder-width: 320px; --smush-placeholder-aspect-ratio: 320\/200;\" \/>        <\/div>\n            <div class=\"content cf\">\n        <div class=\"content-inner\">\n          <h3>Algorithmic Audits on TikTok: Why Results are Hard to Replicate and Quickly Expire<\/h3>\n          <div class=\"meta cf\">\n            <div class=\"date\">\n              30. m\u00e1j 2025            <\/div>\n          <\/div>\n          <div class=\"excerpt\">Have you ever wondered why the videos recommended to you on TikTok feel like they read your mind? TikTok&#8217;s algorithm raises significant questions about transparency, fairness, and the risk of...<\/div>\n        <\/div>\n      <\/div>\n    <\/a>\n  <\/div>\n<\/article>\n<\/div>\n<\/div>\n\n<div id=\"\" class=\"element core-shortcode\"><div class=\"facetwp-facet facetwp-facet-pager_ facetwp-type-pager\" data-name=\"pager_\" data-type=\"pager\"><\/div>\n<\/div>","protected":false},"excerpt":{"rendered":"","protected":false},"author":1,"featured_media":0,"parent":17284,"menu_order":2,"comment_status":"closed","ping_status":"closed","template":"","meta":{"_acf_changed":false,"footnotes":""},"class_list":["post-18963","page","type-page","status-publish","hentry"],"acf":[],"yoast_head":"<!-- This site is optimized with the Yoast SEO plugin v27.4 - https:\/\/yoast.com\/product\/yoast-seo-wordpress\/ -->\n<title>Vedecko popul\u00e1rne blogy - KInIT<\/title>\n<meta name=\"robots\" content=\"index, follow, max-snippet:-1, max-image-preview:large, max-video-preview:-1\" \/>\n<link rel=\"canonical\" href=\"https:\/\/kinit.sk\/sk\/novinky\/vedecko-popularne-blogy\/\" \/>\n<meta property=\"og:locale\" content=\"sk_SK\" \/>\n<meta property=\"og:type\" content=\"article\" \/>\n<meta property=\"og:title\" content=\"Vedecko popul\u00e1rne blogy - KInIT\" \/>\n<meta property=\"og:url\" content=\"https:\/\/kinit.sk\/sk\/novinky\/vedecko-popularne-blogy\/\" \/>\n<meta property=\"og:site_name\" content=\"KInIT\" \/>\n<meta property=\"article:modified_time\" content=\"2022-06-29T23:37:02+00:00\" \/>\n<meta property=\"og:image\" content=\"https:\/\/kinit.sk\/wp-content\/uploads\/2021\/03\/KINIT_Sharepic.png\" \/>\n\t<meta property=\"og:image:width\" content=\"1200\" \/>\n\t<meta property=\"og:image:height\" content=\"628\" \/>\n\t<meta property=\"og:image:type\" content=\"image\/png\" \/>\n<meta name=\"twitter:card\" content=\"summary_large_image\" \/>\n<meta name=\"twitter:site\" content=\"@kinit\" \/>\n<meta name=\"twitter:label1\" content=\"Predpokladan\u00fd \u010das \u010d\u00edtania\" \/>\n\t<meta name=\"twitter:data1\" content=\"1 min\u00fata\" \/>\n<script type=\"application\/ld+json\" class=\"yoast-schema-graph\">{\"@context\":\"https:\\\/\\\/schema.org\",\"@graph\":[{\"@type\":\"WebPage\",\"@id\":\"https:\\\/\\\/kinit.sk\\\/sk\\\/novinky\\\/vedecko-popularne-blogy\\\/\",\"url\":\"https:\\\/\\\/kinit.sk\\\/sk\\\/novinky\\\/vedecko-popularne-blogy\\\/\",\"name\":\"Vedecko popul\u00e1rne blogy - KInIT\",\"isPartOf\":{\"@id\":\"https:\\\/\\\/kinit.sk\\\/#website\"},\"datePublished\":\"2022-06-29T23:11:47+00:00\",\"dateModified\":\"2022-06-29T23:37:02+00:00\",\"breadcrumb\":{\"@id\":\"https:\\\/\\\/kinit.sk\\\/sk\\\/novinky\\\/vedecko-popularne-blogy\\\/#breadcrumb\"},\"inLanguage\":\"sk-SK\",\"potentialAction\":[{\"@type\":\"ReadAction\",\"target\":[\"https:\\\/\\\/kinit.sk\\\/sk\\\/novinky\\\/vedecko-popularne-blogy\\\/\"]}]},{\"@type\":\"BreadcrumbList\",\"@id\":\"https:\\\/\\\/kinit.sk\\\/sk\\\/novinky\\\/vedecko-popularne-blogy\\\/#breadcrumb\",\"itemListElement\":[{\"@type\":\"ListItem\",\"position\":1,\"name\":\"Home\",\"item\":\"https:\\\/\\\/kinit.sk\\\/sk\\\/uvod\\\/\"},{\"@type\":\"ListItem\",\"position\":2,\"name\":\"Novinky\",\"item\":\"https:\\\/\\\/kinit.sk\\\/sk\\\/novinky\\\/\"},{\"@type\":\"ListItem\",\"position\":3,\"name\":\"Vedecko popul\u00e1rne blogy\"}]},{\"@type\":\"WebSite\",\"@id\":\"https:\\\/\\\/kinit.sk\\\/#website\",\"url\":\"https:\\\/\\\/kinit.sk\\\/\",\"name\":\"KInIT\",\"description\":\"Vyu\u017e\u00edvame v\u00fdskum pre \u013eud\u00ed a priemysel\",\"potentialAction\":[{\"@type\":\"SearchAction\",\"target\":{\"@type\":\"EntryPoint\",\"urlTemplate\":\"https:\\\/\\\/kinit.sk\\\/?s={search_term_string}\"},\"query-input\":{\"@type\":\"PropertyValueSpecification\",\"valueRequired\":true,\"valueName\":\"search_term_string\"}}],\"inLanguage\":\"sk-SK\"}]}<\/script>\n<!-- \/ Yoast SEO plugin. -->","yoast_head_json":{"title":"Vedecko popul\u00e1rne blogy - KInIT","robots":{"index":"index","follow":"follow","max-snippet":"max-snippet:-1","max-image-preview":"max-image-preview:large","max-video-preview":"max-video-preview:-1"},"canonical":"https:\/\/kinit.sk\/sk\/novinky\/vedecko-popularne-blogy\/","og_locale":"sk_SK","og_type":"article","og_title":"Vedecko popul\u00e1rne blogy - KInIT","og_url":"https:\/\/kinit.sk\/sk\/novinky\/vedecko-popularne-blogy\/","og_site_name":"KInIT","article_modified_time":"2022-06-29T23:37:02+00:00","og_image":[{"width":1200,"height":628,"url":"https:\/\/kinit.sk\/wp-content\/uploads\/2021\/03\/KINIT_Sharepic.png","type":"image\/png"}],"twitter_card":"summary_large_image","twitter_site":"@kinit","twitter_misc":{"Predpokladan\u00fd \u010das \u010d\u00edtania":"1 min\u00fata"},"schema":{"@context":"https:\/\/schema.org","@graph":[{"@type":"WebPage","@id":"https:\/\/kinit.sk\/sk\/novinky\/vedecko-popularne-blogy\/","url":"https:\/\/kinit.sk\/sk\/novinky\/vedecko-popularne-blogy\/","name":"Vedecko popul\u00e1rne blogy - KInIT","isPartOf":{"@id":"https:\/\/kinit.sk\/#website"},"datePublished":"2022-06-29T23:11:47+00:00","dateModified":"2022-06-29T23:37:02+00:00","breadcrumb":{"@id":"https:\/\/kinit.sk\/sk\/novinky\/vedecko-popularne-blogy\/#breadcrumb"},"inLanguage":"sk-SK","potentialAction":[{"@type":"ReadAction","target":["https:\/\/kinit.sk\/sk\/novinky\/vedecko-popularne-blogy\/"]}]},{"@type":"BreadcrumbList","@id":"https:\/\/kinit.sk\/sk\/novinky\/vedecko-popularne-blogy\/#breadcrumb","itemListElement":[{"@type":"ListItem","position":1,"name":"Home","item":"https:\/\/kinit.sk\/sk\/uvod\/"},{"@type":"ListItem","position":2,"name":"Novinky","item":"https:\/\/kinit.sk\/sk\/novinky\/"},{"@type":"ListItem","position":3,"name":"Vedecko popul\u00e1rne blogy"}]},{"@type":"WebSite","@id":"https:\/\/kinit.sk\/#website","url":"https:\/\/kinit.sk\/","name":"KInIT","description":"Vyu\u017e\u00edvame v\u00fdskum pre \u013eud\u00ed a priemysel","potentialAction":[{"@type":"SearchAction","target":{"@type":"EntryPoint","urlTemplate":"https:\/\/kinit.sk\/?s={search_term_string}"},"query-input":{"@type":"PropertyValueSpecification","valueRequired":true,"valueName":"search_term_string"}}],"inLanguage":"sk-SK"}]}},"_links":{"self":[{"href":"https:\/\/kinit.sk\/sk\/wp-json\/wp\/v2\/pages\/18963","targetHints":{"allow":["GET"]}}],"collection":[{"href":"https:\/\/kinit.sk\/sk\/wp-json\/wp\/v2\/pages"}],"about":[{"href":"https:\/\/kinit.sk\/sk\/wp-json\/wp\/v2\/types\/page"}],"author":[{"embeddable":true,"href":"https:\/\/kinit.sk\/sk\/wp-json\/wp\/v2\/users\/1"}],"replies":[{"embeddable":true,"href":"https:\/\/kinit.sk\/sk\/wp-json\/wp\/v2\/comments?post=18963"}],"version-history":[{"count":1,"href":"https:\/\/kinit.sk\/sk\/wp-json\/wp\/v2\/pages\/18963\/revisions"}],"predecessor-version":[{"id":18964,"href":"https:\/\/kinit.sk\/sk\/wp-json\/wp\/v2\/pages\/18963\/revisions\/18964"}],"up":[{"embeddable":true,"href":"https:\/\/kinit.sk\/sk\/wp-json\/wp\/v2\/pages\/17284"}],"wp:attachment":[{"href":"https:\/\/kinit.sk\/sk\/wp-json\/wp\/v2\/media?parent=18963"}],"curies":[{"name":"wp","href":"https:\/\/api.w.org\/{rel}","templated":true}]}}