{"id":18945,"date":"2022-06-30T00:57:34","date_gmt":"2022-06-29T22:57:34","guid":{"rendered":"https:\/\/kinit.sk\/novinky\/all-news\/"},"modified":"2022-06-30T01:26:50","modified_gmt":"2022-06-29T23:26:50","slug":"all-news","status":"publish","type":"page","link":"https:\/\/kinit.sk\/sk\/novinky\/all-news\/","title":{"rendered":"V\u0161etky novinky"},"content":{"rendered":"<div id=\"\" class=\"element core-shortcode\"><div class=\"facetwp-template\" data-name=\"news\"><article id=\"loop-item-42138\" class=\"loop-item\">\n  <div class=\"inner cf\">\n    <a href=\"https:\/\/kinit.sk\/sk\/trust-me-i-am-an-ethicist\/\">\n              <div class=\"picture\">\n            <img decoding=\"async\" width=\"320\" height=\"200\" data-src=\"https:\/\/kinit.sk\/wp-content\/uploads\/2026\/04\/image-320x200.png\" class=\"attachment-thumbnail size-thumbnail wp-post-image lazyload\" alt=\"\" src=\"data:image\/svg+xml;base64,PHN2ZyB3aWR0aD0iMSIgaGVpZ2h0PSIxIiB4bWxucz0iaHR0cDovL3d3dy53My5vcmcvMjAwMC9zdmciPjwvc3ZnPg==\" style=\"--smush-placeholder-width: 320px; --smush-placeholder-aspect-ratio: 320\/200;\" \/>        <\/div>\n            <div class=\"content cf\">\n        <div class=\"content-inner\">\n          <h3>\u201cTrust Me, I Am an Ethicist\u201d<\/h3>\n          <div class=\"meta cf\">\n            <div class=\"date\">\n              24. apr 2026            <\/div>\n          <\/div>\n          <div class=\"excerpt\">Recently, we hosted the third session of our specialized symposium series focused on the ethics and philosophy of AI. For this discussion, we chose the topic \u201cWhat is AI ethics and...<\/div>\n        <\/div>\n      <\/div>\n    <\/a>\n  <\/div>\n<\/article>\n<article id=\"loop-item-41820\" class=\"loop-item\">\n  <div class=\"inner cf\">\n    <a href=\"https:\/\/kinit.sk\/sk\/pohlad-z-vyskumu-v-kinite-integracia-ai-do-rieseni-pre-udrzatelnu-buducnost\/\">\n              <div class=\"picture\">\n            <img decoding=\"async\" width=\"320\" height=\"200\" data-src=\"https:\/\/kinit.sk\/wp-content\/uploads\/2026\/01\/Feature-image-Den-Zeme_SK-320x200.png\" class=\"attachment-thumbnail size-thumbnail wp-post-image lazyload\" alt=\"\" src=\"data:image\/svg+xml;base64,PHN2ZyB3aWR0aD0iMSIgaGVpZ2h0PSIxIiB4bWxucz0iaHR0cDovL3d3dy53My5vcmcvMjAwMC9zdmciPjwvc3ZnPg==\" style=\"--smush-placeholder-width: 320px; --smush-placeholder-aspect-ratio: 320\/200;\" \/>        <\/div>\n            <div class=\"content cf\">\n        <div class=\"content-inner\">\n          <h3>Poh\u013ead z v\u00fdskumu v KInITe: Integr\u00e1cia AI do rie\u0161en\u00ed pre udr\u017eate\u013en\u00fa bud\u00facnos\u0165<\/h3>\n          <div class=\"meta cf\">\n            <div class=\"date\">\n              22. apr 2026            <\/div>\n          <\/div>\n          <div class=\"excerpt\">Umel\u00e1 inteligencia je \u010dasto predmetom diskusi\u00ed najm\u00e4 kv\u00f4li svojej energetickej n\u00e1ro\u010dnosti. Vo vedeckej komunite sa v\u0161ak \u010doraz viac zameriavame na jej opa\u010dn\u00fa rolu: schopnos\u0165 z\u00e1sadne prispie\u0165 k udr\u017eate\u013enej\u0161ej bud\u00facnosti. V...<\/div>\n        <\/div>\n      <\/div>\n    <\/a>\n  <\/div>\n<\/article>\n<article id=\"loop-item-41075\" class=\"loop-item\">\n  <div class=\"inner cf\">\n    <a href=\"https:\/\/kinit.sk\/sk\/exploring-tiktoks-virtual-compute-environment-vce-a-critical-review-of-limitations-and-flaws\/\">\n              <div class=\"picture\">\n            <img decoding=\"async\" width=\"320\" height=\"200\" data-src=\"https:\/\/kinit.sk\/wp-content\/uploads\/2025\/07\/AI-Auditology_VCE_A-Critical-Review-320x200.png\" class=\"attachment-thumbnail size-thumbnail wp-post-image lazyload\" alt=\"\" src=\"data:image\/svg+xml;base64,PHN2ZyB3aWR0aD0iMSIgaGVpZ2h0PSIxIiB4bWxucz0iaHR0cDovL3d3dy53My5vcmcvMjAwMC9zdmciPjwvc3ZnPg==\" style=\"--smush-placeholder-width: 320px; --smush-placeholder-aspect-ratio: 320\/200;\" \/>        <\/div>\n            <div class=\"content cf\">\n        <div class=\"content-inner\">\n          <h3>Exploring TikTok\u2019s Virtual Compute Environment (VCE): A Critical Review of Limitations and Flaws<\/h3>\n          <div class=\"meta cf\">\n            <div class=\"date\">\n              20. mar 2026            <\/div>\n          <\/div>\n          <div class=\"excerpt\">TikTok\u2019s Virtual Compute Environment (VCE) is marketed as a secure, cloud-based platform for approved researchers and developers to analyze public TikTok data. In the previous blog, we introduced how such...<\/div>\n        <\/div>\n      <\/div>\n    <\/a>\n  <\/div>\n<\/article>\n<article id=\"loop-item-41071\" class=\"loop-item\">\n  <div class=\"inner cf\">\n    <a href=\"https:\/\/kinit.sk\/sk\/exploring-tiktoks-virtual-compute-environment-vce-how-it-should-work\/\">\n              <div class=\"picture\">\n            <img decoding=\"async\" width=\"320\" height=\"200\" data-src=\"https:\/\/kinit.sk\/wp-content\/uploads\/2025\/07\/AI-Auditology_VCE_How-It-Should-Work-320x200.png\" class=\"attachment-thumbnail size-thumbnail wp-post-image lazyload\" alt=\"\" src=\"data:image\/svg+xml;base64,PHN2ZyB3aWR0aD0iMSIgaGVpZ2h0PSIxIiB4bWxucz0iaHR0cDovL3d3dy53My5vcmcvMjAwMC9zdmciPjwvc3ZnPg==\" style=\"--smush-placeholder-width: 320px; --smush-placeholder-aspect-ratio: 320\/200;\" \/>        <\/div>\n            <div class=\"content cf\">\n        <div class=\"content-inner\">\n          <h3>Exploring TikTok\u2019s Virtual Compute Environment (VCE): How It Should Work<\/h3>\n          <div class=\"meta cf\">\n            <div class=\"date\">\n              20. mar 2026            <\/div>\n          <\/div>\n          <div class=\"excerpt\">In our previous blogs, first, we described how we applied for TikTok research API, and then how (after rejections, appeals, and exhausting communication with TikTok support), we finally received a...<\/div>\n        <\/div>\n      <\/div>\n    <\/a>\n  <\/div>\n<\/article>\n<article id=\"loop-item-40831\" class=\"loop-item\">\n  <div class=\"inner cf\">\n    <a href=\"https:\/\/kinit.sk\/sk\/kinit-in-quark-magazine-skryte-predsudky\/\">\n              <div class=\"picture\">\n            <img decoding=\"async\" width=\"320\" height=\"200\" data-src=\"https:\/\/kinit.sk\/wp-content\/uploads\/2025\/09\/Quark_Feature-Image4-320x200.png\" class=\"attachment-thumbnail size-thumbnail wp-post-image lazyload\" alt=\"\" src=\"data:image\/svg+xml;base64,PHN2ZyB3aWR0aD0iMSIgaGVpZ2h0PSIxIiB4bWxucz0iaHR0cDovL3d3dy53My5vcmcvMjAwMC9zdmciPjwvc3ZnPg==\" style=\"--smush-placeholder-width: 320px; --smush-placeholder-aspect-ratio: 320\/200;\" \/>        <\/div>\n            <div class=\"content cf\">\n        <div class=\"content-inner\">\n          <h3>KInIT in Quark magazine: Skryt\u00e9 predsudky<\/h3>\n          <div class=\"meta cf\">\n            <div class=\"date\">\n              3. mar 2026            <\/div>\n          <\/div>\n          <div class=\"excerpt\">Na\u0161a kolabor\u00e1cia s \u010dasopisom Quark pokra\u010duje \u010fal\u0161\u00edm \u010dl\u00e1nkom zo s\u00e9rie zameranej na inteligentn\u00e9 technol\u00f3gie. Quark je slovensk\u00fd popul\u00e1rno-vedeck\u00fd magaz\u00edn venovan\u00fd vede a technol\u00f3gi\u00e1m, v ktorom m\u00f4\u017eete pr\u00edspevky KInITu n\u00e1js\u0165 ka\u017ed\u00fd mesiac...<\/div>\n        <\/div>\n      <\/div>\n    <\/a>\n  <\/div>\n<\/article>\n<article id=\"loop-item-40670\" class=\"loop-item\">\n  <div class=\"inner cf\">\n    <a href=\"https:\/\/kinit.sk\/sk\/ako-vase-2-pomahaju-rast-mladym-vedcom\/\">\n              <div class=\"picture\">\n            <img decoding=\"async\" width=\"320\" height=\"200\" data-src=\"https:\/\/kinit.sk\/wp-content\/uploads\/2023\/02\/Web_news_feature_general_3-320x200.png\" class=\"attachment-thumbnail size-thumbnail wp-post-image lazyload\" alt=\"\" src=\"data:image\/svg+xml;base64,PHN2ZyB3aWR0aD0iMSIgaGVpZ2h0PSIxIiB4bWxucz0iaHR0cDovL3d3dy53My5vcmcvMjAwMC9zdmciPjwvc3ZnPg==\" style=\"--smush-placeholder-width: 320px; --smush-placeholder-aspect-ratio: 320\/200;\" \/>        <\/div>\n            <div class=\"content cf\">\n        <div class=\"content-inner\">\n          <h3>Ako va\u0161e 2% pom\u00e1haj\u00fa r\u00e1s\u0165 mlad\u00fdm vedcom<\/h3>\n          <div class=\"meta cf\">\n            <div class=\"date\">\n              16. feb 2026            <\/div>\n          <\/div>\n          <div class=\"excerpt\">V na\u0161om ob\u010dianskom zdru\u017een\u00ed BrAIn ver\u00edme, \u017ee \u0161pi\u010dkov\u00fd v\u00fdskum sa d\u00e1 robi\u0165 aj na Slovensku. Aj minul\u00fd rok bol d\u00f4kazom, \u017ee zmyslupln\u00e1 podpora dok\u00e1\u017ee naozaj pom\u00f4c\u0165. V\u010faka firm\u00e1m a \u013eu\u010fom,...<\/div>\n        <\/div>\n      <\/div>\n    <\/a>\n  <\/div>\n<\/article>\n<article id=\"loop-item-40544\" class=\"loop-item\">\n  <div class=\"inner cf\">\n    <a href=\"https:\/\/kinit.sk\/sk\/how-ai-can-simplify-city-life-niko-dubovsky-at-skyro\/\">\n              <div class=\"picture\">\n            <img decoding=\"async\" width=\"320\" height=\"200\" data-src=\"https:\/\/kinit.sk\/wp-content\/uploads\/2025\/12\/Slovaks.ai-feature-image-Niko-Dubovsky-320x200.png\" class=\"attachment-thumbnail size-thumbnail wp-post-image lazyload\" alt=\"\" src=\"data:image\/svg+xml;base64,PHN2ZyB3aWR0aD0iMSIgaGVpZ2h0PSIxIiB4bWxucz0iaHR0cDovL3d3dy53My5vcmcvMjAwMC9zdmciPjwvc3ZnPg==\" style=\"--smush-placeholder-width: 320px; --smush-placeholder-aspect-ratio: 320\/200;\" \/>        <\/div>\n            <div class=\"content cf\">\n        <div class=\"content-inner\">\n          <h3>How AI Can Simplify City Life: Niko Dubovsk\u00fd at Skyro<\/h3>\n          <div class=\"meta cf\">\n            <div class=\"date\">\n              9. feb 2026            <\/div>\n          <\/div>\n          <div class=\"excerpt\">Last November, we had the chance to bring a little bit of the global Slovak tech story back home. Under the slovaks.ai project, we welcomed Niko Dubovsk\u00fd, a member of...<\/div>\n        <\/div>\n      <\/div>\n    <\/a>\n  <\/div>\n<\/article>\n<article id=\"loop-item-40294\" class=\"loop-item\">\n  <div class=\"inner cf\">\n    <a href=\"https:\/\/kinit.sk\/sk\/kinit-in-quark-magazine-linguistic-inequalities\/\">\n              <div class=\"picture\">\n            <img decoding=\"async\" width=\"320\" height=\"200\" data-src=\"https:\/\/kinit.sk\/wp-content\/uploads\/2026\/02\/FraudNet_Feature-Img2-320x200.png\" class=\"attachment-thumbnail size-thumbnail wp-post-image lazyload\" alt=\"\" src=\"data:image\/svg+xml;base64,PHN2ZyB3aWR0aD0iMSIgaGVpZ2h0PSIxIiB4bWxucz0iaHR0cDovL3d3dy53My5vcmcvMjAwMC9zdmciPjwvc3ZnPg==\" style=\"--smush-placeholder-width: 320px; --smush-placeholder-aspect-ratio: 320\/200;\" \/>        <\/div>\n            <div class=\"content cf\">\n        <div class=\"content-inner\">\n          <h3>KInIT in Quark magazine: Jazykov\u00e9 nerovnosti<\/h3>\n          <div class=\"meta cf\">\n            <div class=\"date\">\n              3. feb 2026            <\/div>\n          <\/div>\n          <div class=\"excerpt\">Pokra\u010dujeme v spolupr\u00e1ci s \u010dasopisom Quark a prin\u00e1\u0161ame v\u00e1m nov\u00fd \u010dl\u00e1nok z n\u00e1\u0161ho seri\u00e1lu zameran\u00e9ho na inteligentn\u00e9 technol\u00f3gie. Quark je slovensk\u00fd populariza\u010dn\u00fd vedeck\u00fd \u010dasopis venovan\u00fd vede a technike, do ktor\u00e9ho KInIT pravidelne...<\/div>\n        <\/div>\n      <\/div>\n    <\/a>\n  <\/div>\n<\/article>\n<article id=\"loop-item-39939\" class=\"loop-item\">\n  <div class=\"inner cf\">\n    <a href=\"https:\/\/kinit.sk\/sk\/kinit-in-quark-magazine-digital-humanism\/\">\n              <div class=\"picture\">\n            <img decoding=\"async\" width=\"320\" height=\"200\" data-src=\"https:\/\/kinit.sk\/wp-content\/uploads\/2025\/09\/Quark_Feature-Image2-320x200.png\" class=\"attachment-thumbnail size-thumbnail wp-post-image lazyload\" alt=\"\" src=\"data:image\/svg+xml;base64,PHN2ZyB3aWR0aD0iMSIgaGVpZ2h0PSIxIiB4bWxucz0iaHR0cDovL3d3dy53My5vcmcvMjAwMC9zdmciPjwvc3ZnPg==\" style=\"--smush-placeholder-width: 320px; --smush-placeholder-aspect-ratio: 320\/200;\" \/>        <\/div>\n            <div class=\"content cf\">\n        <div class=\"content-inner\">\n          <h3>KInIT in Quark magazine: Digital humanism<\/h3>\n          <div class=\"meta cf\">\n            <div class=\"date\">\n              12. jan 2026            <\/div>\n          <\/div>\n          <div class=\"excerpt\">We continue our partnership with the Quark magazine and bring you a new article from our series focused on intelligent technologies. Quark is a Slovak popular-science magazine dedicated to science and technology,...<\/div>\n        <\/div>\n      <\/div>\n    <\/a>\n  <\/div>\n<\/article>\n<\/div>\n<\/div>\n\n<div id=\"\" class=\"element core-shortcode\"><div class=\"facetwp-facet facetwp-facet-pager_ facetwp-type-pager\" data-name=\"pager_\" data-type=\"pager\"><\/div>\n<\/div>","protected":false},"excerpt":{"rendered":"","protected":false},"author":1,"featured_media":0,"parent":17284,"menu_order":1,"comment_status":"closed","ping_status":"closed","template":"","meta":{"_acf_changed":false,"footnotes":""},"class_list":["post-18945","page","type-page","status-publish","hentry"],"acf":[],"yoast_head":"<!-- This site is optimized with the Yoast SEO plugin v27.4 - https:\/\/yoast.com\/product\/yoast-seo-wordpress\/ -->\n<title>V\u0161etky novinky - KInIT<\/title>\n<meta name=\"robots\" content=\"index, follow, max-snippet:-1, max-image-preview:large, max-video-preview:-1\" \/>\n<link rel=\"canonical\" href=\"https:\/\/kinit.sk\/sk\/novinky\/all-news\/\" \/>\n<meta property=\"og:locale\" content=\"sk_SK\" \/>\n<meta property=\"og:type\" content=\"article\" \/>\n<meta property=\"og:title\" content=\"V\u0161etky novinky - KInIT\" \/>\n<meta property=\"og:url\" content=\"https:\/\/kinit.sk\/sk\/novinky\/all-news\/\" \/>\n<meta property=\"og:site_name\" content=\"KInIT\" \/>\n<meta property=\"article:modified_time\" content=\"2022-06-29T23:26:50+00:00\" \/>\n<meta property=\"og:image\" content=\"https:\/\/kinit.sk\/wp-content\/uploads\/2021\/03\/KINIT_Sharepic.png\" \/>\n\t<meta property=\"og:image:width\" content=\"1200\" \/>\n\t<meta property=\"og:image:height\" content=\"628\" \/>\n\t<meta property=\"og:image:type\" content=\"image\/png\" \/>\n<meta name=\"twitter:card\" content=\"summary_large_image\" \/>\n<meta name=\"twitter:site\" content=\"@kinit\" \/>\n<meta name=\"twitter:label1\" content=\"Predpokladan\u00fd \u010das \u010d\u00edtania\" \/>\n\t<meta name=\"twitter:data1\" content=\"1 min\u00fata\" \/>\n<script type=\"application\/ld+json\" class=\"yoast-schema-graph\">{\"@context\":\"https:\\\/\\\/schema.org\",\"@graph\":[{\"@type\":\"WebPage\",\"@id\":\"https:\\\/\\\/kinit.sk\\\/sk\\\/novinky\\\/all-news\\\/\",\"url\":\"https:\\\/\\\/kinit.sk\\\/sk\\\/novinky\\\/all-news\\\/\",\"name\":\"V\u0161etky novinky - KInIT\",\"isPartOf\":{\"@id\":\"https:\\\/\\\/kinit.sk\\\/#website\"},\"datePublished\":\"2022-06-29T22:57:34+00:00\",\"dateModified\":\"2022-06-29T23:26:50+00:00\",\"breadcrumb\":{\"@id\":\"https:\\\/\\\/kinit.sk\\\/sk\\\/novinky\\\/all-news\\\/#breadcrumb\"},\"inLanguage\":\"sk-SK\",\"potentialAction\":[{\"@type\":\"ReadAction\",\"target\":[\"https:\\\/\\\/kinit.sk\\\/sk\\\/novinky\\\/all-news\\\/\"]}]},{\"@type\":\"BreadcrumbList\",\"@id\":\"https:\\\/\\\/kinit.sk\\\/sk\\\/novinky\\\/all-news\\\/#breadcrumb\",\"itemListElement\":[{\"@type\":\"ListItem\",\"position\":1,\"name\":\"Home\",\"item\":\"https:\\\/\\\/kinit.sk\\\/sk\\\/uvod\\\/\"},{\"@type\":\"ListItem\",\"position\":2,\"name\":\"Novinky\",\"item\":\"https:\\\/\\\/kinit.sk\\\/sk\\\/novinky\\\/\"},{\"@type\":\"ListItem\",\"position\":3,\"name\":\"V\u0161etky novinky\"}]},{\"@type\":\"WebSite\",\"@id\":\"https:\\\/\\\/kinit.sk\\\/#website\",\"url\":\"https:\\\/\\\/kinit.sk\\\/\",\"name\":\"KInIT\",\"description\":\"Vyu\u017e\u00edvame v\u00fdskum pre \u013eud\u00ed a priemysel\",\"potentialAction\":[{\"@type\":\"SearchAction\",\"target\":{\"@type\":\"EntryPoint\",\"urlTemplate\":\"https:\\\/\\\/kinit.sk\\\/?s={search_term_string}\"},\"query-input\":{\"@type\":\"PropertyValueSpecification\",\"valueRequired\":true,\"valueName\":\"search_term_string\"}}],\"inLanguage\":\"sk-SK\"}]}<\/script>\n<!-- \/ Yoast SEO plugin. -->","yoast_head_json":{"title":"V\u0161etky novinky - KInIT","robots":{"index":"index","follow":"follow","max-snippet":"max-snippet:-1","max-image-preview":"max-image-preview:large","max-video-preview":"max-video-preview:-1"},"canonical":"https:\/\/kinit.sk\/sk\/novinky\/all-news\/","og_locale":"sk_SK","og_type":"article","og_title":"V\u0161etky novinky - KInIT","og_url":"https:\/\/kinit.sk\/sk\/novinky\/all-news\/","og_site_name":"KInIT","article_modified_time":"2022-06-29T23:26:50+00:00","og_image":[{"width":1200,"height":628,"url":"https:\/\/kinit.sk\/wp-content\/uploads\/2021\/03\/KINIT_Sharepic.png","type":"image\/png"}],"twitter_card":"summary_large_image","twitter_site":"@kinit","twitter_misc":{"Predpokladan\u00fd \u010das \u010d\u00edtania":"1 min\u00fata"},"schema":{"@context":"https:\/\/schema.org","@graph":[{"@type":"WebPage","@id":"https:\/\/kinit.sk\/sk\/novinky\/all-news\/","url":"https:\/\/kinit.sk\/sk\/novinky\/all-news\/","name":"V\u0161etky novinky - KInIT","isPartOf":{"@id":"https:\/\/kinit.sk\/#website"},"datePublished":"2022-06-29T22:57:34+00:00","dateModified":"2022-06-29T23:26:50+00:00","breadcrumb":{"@id":"https:\/\/kinit.sk\/sk\/novinky\/all-news\/#breadcrumb"},"inLanguage":"sk-SK","potentialAction":[{"@type":"ReadAction","target":["https:\/\/kinit.sk\/sk\/novinky\/all-news\/"]}]},{"@type":"BreadcrumbList","@id":"https:\/\/kinit.sk\/sk\/novinky\/all-news\/#breadcrumb","itemListElement":[{"@type":"ListItem","position":1,"name":"Home","item":"https:\/\/kinit.sk\/sk\/uvod\/"},{"@type":"ListItem","position":2,"name":"Novinky","item":"https:\/\/kinit.sk\/sk\/novinky\/"},{"@type":"ListItem","position":3,"name":"V\u0161etky novinky"}]},{"@type":"WebSite","@id":"https:\/\/kinit.sk\/#website","url":"https:\/\/kinit.sk\/","name":"KInIT","description":"Vyu\u017e\u00edvame v\u00fdskum pre \u013eud\u00ed a priemysel","potentialAction":[{"@type":"SearchAction","target":{"@type":"EntryPoint","urlTemplate":"https:\/\/kinit.sk\/?s={search_term_string}"},"query-input":{"@type":"PropertyValueSpecification","valueRequired":true,"valueName":"search_term_string"}}],"inLanguage":"sk-SK"}]}},"_links":{"self":[{"href":"https:\/\/kinit.sk\/sk\/wp-json\/wp\/v2\/pages\/18945","targetHints":{"allow":["GET"]}}],"collection":[{"href":"https:\/\/kinit.sk\/sk\/wp-json\/wp\/v2\/pages"}],"about":[{"href":"https:\/\/kinit.sk\/sk\/wp-json\/wp\/v2\/types\/page"}],"author":[{"embeddable":true,"href":"https:\/\/kinit.sk\/sk\/wp-json\/wp\/v2\/users\/1"}],"replies":[{"embeddable":true,"href":"https:\/\/kinit.sk\/sk\/wp-json\/wp\/v2\/comments?post=18945"}],"version-history":[{"count":1,"href":"https:\/\/kinit.sk\/sk\/wp-json\/wp\/v2\/pages\/18945\/revisions"}],"predecessor-version":[{"id":18946,"href":"https:\/\/kinit.sk\/sk\/wp-json\/wp\/v2\/pages\/18945\/revisions\/18946"}],"up":[{"embeddable":true,"href":"https:\/\/kinit.sk\/sk\/wp-json\/wp\/v2\/pages\/17284"}],"wp:attachment":[{"href":"https:\/\/kinit.sk\/sk\/wp-json\/wp\/v2\/media?parent=18945"}],"curies":[{"name":"wp","href":"https:\/\/api.w.org\/{rel}","templated":true}]}}